{"id":1020,"date":"2023-03-21T16:07:47","date_gmt":"2023-03-21T16:07:47","guid":{"rendered":"https:\/\/test.pulchlorenz.de\/?product=mikroskop-axiolab-5-mat-fuer-auflicht-und-durchlicht-mit-kamera"},"modified":"2023-03-21T16:07:47","modified_gmt":"2023-03-21T16:07:47","slug":"mikroskop-axiolab-5-mat-fuer-auflicht-und-durchlicht-mit-kamera","status":"publish","type":"product","link":"https:\/\/test.pulchlorenz.de\/?product=mikroskop-axiolab-5-mat-fuer-auflicht-und-durchlicht-mit-kamera","title":{"rendered":"Mikroskop Axiolab 5 MAT f\u00fcr Auflicht und Durchlicht mit Kamera"},"content":{"rendered":"<p>Auflichtmikroskop f\u00fcr Hell- und Dunkelfeldanwendungen, sowie Durchlicht ohne Kondensor, mit codiertem Objektivrevolver, Lichtmanager und Kamera  Durch den codierten Objektivrevolver wird im Kamerabild jederzeit automatisch der korrekte Ma\u00dfstab eingeblendet.  Beim Objektivwechsel wird au\u00dferdem automatisch die Beleuchtungsintensit\u00e4t f\u00fcr das jeweilige Objektiv gespeichert und geladen, sofern der Lichtmanager nicht deaktiviert ist.  Zur Steuerung der Kamera und zum Speichern von Aufnahmen ohne PC kann \u00fcber das mitgelieferte USB-Hub Maus, Tastatur und Speicherstick angeschlossen werden   \t Mikroskop Stativ Axiolab 5, DL\/AL, 5x HD kodiert, Kreuztisch 75&#215;30 R\t \t\t Auflichtbeleuchtung mit Wei\u00dflicht LED 10W, optional f\u00fcr Halogen Reflektorlampe 12V 35W\u00a0 \t\t Reflektorrevolver 4x codiert\u00a0 \t\t Z-Trieb mit Feintriebknopf links und Feintriebscheibe rechts, flach mit Skala\u00a0 \t\t Fokushub 30 mm\u00a0 \t\t Objektivrevolver 5x HD M27 kodiert\u00a0 \t\t Tisch- und Kondensortr\u00e4ger\u00a0 \t\t Kreuztisch 75&#215;30 R mit Harteloxal-Beschichtung, Tischplatte 220 x 150 mm, Trieb rechts 135 mm \t\t (um 15 mm ausziehbar) mit Friktionseinstellung\u00a0 \t\t Objekthalter f\u00fcr einen Objekttr\u00e4ger f\u00fcr Einhandbedienung mit Federhebel links\u00a0 \t\t Durchlichtbeleuchtung mit Wei\u00dflicht LED 10W, optional f\u00fcr Halogen Reflektorlampe 12V 35 W\u00a0 \t\t Einbaunetzteil 24V DC 60W, stabilisiert 100&#8230;240V AC\/ 50&#8230;60Hz\u00a0 \t\t l\u00e4nderspezifisches Netzkabel\u00a0 \t\t Kontrollknopf f\u00fcr Eco Modus und Lichtmanager\u00a0 \t\t Schnappschussfunktion unterst\u00fctzt ZEISS Axiocam\u00a0 \t\t USB 2.0 Schnittstelle\u00a0 \t\t Staubschutzh\u00fclle\u00a0 \t\t Filterhalter f\u00fcr Durchlicht \t \t \t Reflektormodul Hellfeld ACR P&#038;C f\u00fcr Auflicht \t Reflektormodul Dunkelfeld ACR P&#038;C f\u00fcr Auflicht \t Binokularer Fototubus 30\u00b0\/23 (50:50), umgekehrtes Bild \t Okular PL 10x\/22 Br. foc. \t Augenmuschel \t Objektiv EC Epiplan 5x\/0,13 HD M27 \t Objektiv EC Epiplan 10x\/0,25 HD M27 \t Objektiv EC Epiplan 20x\/0,4 HD M27 \t Objektiv EC Epiplan 50x\/0,75 HD M27 \t Kamera-Adapter 60N-C 2\/3 0,5x \t Mikroskopiekamera Axiocam 208 color         &#8222;<\/p>\n","protected":false},"excerpt":{"rendered":"<p>Auflichtmikroskop f\u00fcr Hell- und Dunkelfeldanwendungen, sowie Durchlicht ohne Kondensor, mit codiertem Objektivrevolver, Lichtmanager und Kamera Durch den codierten Objektivrevolver wird im Kamerabild jederzeit automatisch der korrekte Ma\u00dfstab eingeblendet. Beim Objektivwechsel wird au\u00dferdem automatisch die Beleuchtungsintensit\u00e4t f\u00fcr das jeweilige Objektiv gespeichert und geladen, sofern der Lichtmanager nicht deaktiviert ist. Zur Steuerung der Kamera und zum Speichern [&hellip;]<\/p>\n","protected":false},"featured_media":0,"comment_status":"open","ping_status":"closed","template":"","meta":[],"product_brand":[],"product_cat":[15],"product_tag":[],"class_list":{"0":"post-1020","1":"product","2":"type-product","3":"status-publish","5":"product_cat-unkategorisiert","7":"first","8":"instock","9":"taxable","10":"shipping-taxable","11":"purchasable","12":"product-type-simple"},"jetpack_sharing_enabled":true,"_links":{"self":[{"href":"https:\/\/test.pulchlorenz.de\/index.php?rest_route=\/wp\/v2\/product\/1020","targetHints":{"allow":["GET"]}}],"collection":[{"href":"https:\/\/test.pulchlorenz.de\/index.php?rest_route=\/wp\/v2\/product"}],"about":[{"href":"https:\/\/test.pulchlorenz.de\/index.php?rest_route=\/wp\/v2\/types\/product"}],"replies":[{"embeddable":true,"href":"https:\/\/test.pulchlorenz.de\/index.php?rest_route=%2Fwp%2Fv2%2Fcomments&post=1020"}],"wp:attachment":[{"href":"https:\/\/test.pulchlorenz.de\/index.php?rest_route=%2Fwp%2Fv2%2Fmedia&parent=1020"}],"wp:term":[{"taxonomy":"product_brand","embeddable":true,"href":"https:\/\/test.pulchlorenz.de\/index.php?rest_route=%2Fwp%2Fv2%2Fproduct_brand&post=1020"},{"taxonomy":"product_cat","embeddable":true,"href":"https:\/\/test.pulchlorenz.de\/index.php?rest_route=%2Fwp%2Fv2%2Fproduct_cat&post=1020"},{"taxonomy":"product_tag","embeddable":true,"href":"https:\/\/test.pulchlorenz.de\/index.php?rest_route=%2Fwp%2Fv2%2Fproduct_tag&post=1020"}],"curies":[{"name":"wp","href":"https:\/\/api.w.org\/{rel}","templated":true}]}}