{"id":1060,"date":"2023-03-21T16:07:55","date_gmt":"2023-03-21T16:07:55","guid":{"rendered":"https:\/\/test.pulchlorenz.de\/?product=vorsatzsystem-04x-fwd-211mm"},"modified":"2023-03-21T16:07:55","modified_gmt":"2023-03-21T16:07:55","slug":"vorsatzsystem-04x-fwd-211mm","status":"publish","type":"product","link":"https:\/\/test.pulchlorenz.de\/?product=vorsatzsystem-04x-fwd-211mm","title":{"rendered":"Vorsatzsystem 0,4x FWD 211mm"},"content":{"rendered":"<p>Vorsatzsystem \/ Objektiv zur Verwendung an\u00a0Stemi 508-, Stemi 2000- und Stemi DV4- Mikroskopk\u00f6rpern.    \t \t\t \t\t\t Stemi 508 \t\t\t Okulare PL 10x 23 Br. foc. \t\t\t Okulare PL 16x 16 Br. foc. \t\t\t Okulare PL 25x 10 Br. foc. \t\t \t\t \t\t\t Frontoptik \t\t\t Arbeitsabstand \t\t\t(FWD) in mm \t\t\t Vergr\u00f6\u00dferung \t\t\t Objektfeld \t\t\tin mm \t\t\t Vergr\u00f6\u00dferung \t\t\t Objektfeld \t\t\tin mm \t\t\t Vergr\u00f6\u00dferung \t\t\t Objektfeld in mm \t\t \t\t \t\t\t 0,3x \t\t\t 287 \t\t\t 1,9x bis 15,0x \t\t\t 122,7 bis 15,3 \t\t\t 3,0x bis 24,0x \t\t\t 85,3 bis 10,7 \t\t\t 4,7x bis 37,5x \t\t\t 53,3 bis 6,7 \t\t \t\t \t\t\t  0,4x  \t\t\t  211  \t\t\t  2,5x bis 20,0x  \t\t\t  92,0 bis 11,5  \t\t\t  4,0x bis 32,0x  \t\t\t  64,0 bis 8,0  \t\t\t  6,3x bis 50,0x  \t\t\t  40,0 bis 5,0  \t\t \t\t \t\t\t 0,3-0,5x \t\t\t 230-90 \t\t\t 1,9x bis 25,0x \t\t\t 122,7 bis 9,2 \t\t\t 3,0x bis 40,0x \t\t\t 85,3 bis 6,4 \t\t\t 4,7x bis 62,5x \t\t\t 53,3 bis 4,0 \t\t \t\t \t\t\t 0,63x \t\t\t 127 \t\t\t 3,9x bis 31,5x \t\t\t 58,4 bis 7,3 \t\t\t 6,3x bis 50,0x \t\t\t 40,6 bis 5,1 \t\t\t 9,8x bis 78,8x \t\t\t 25,4 bis 3,2 \t\t \t\t \t\t\t 1x \t\t\t 92 \t\t\t 6,3x bis 50,0x \t\t\t 36,8 bis 4,6 \t\t\t 10,0x bis 80,0x \t\t\t 25,6 bis 3,2 \t\t\t 23,4x bis 187,5x \t\t\t 10,7 bis 1,3 \t\t \t\t \t\t\t 1,5x \t\t\t 53 \t\t\t 9,4x bis 75,0x \t\t\t 24,5 bis 3,1 \t\t\t 15,0x bis 120,0x \t\t\t 17,1 bis 2,1 \t\t\t 31,3x bis 250,0x \t\t\t 8,0 bis 1,0 \t\t \t\t \t\t\t 2,0x \t\t\t 35 \t\t\t 12,5x bis 100,0x \t\t\t 18,4 bis 2,3 \t\t\t 20,0x bis 160,0x \t\t\t 12,8 bis 1,6 \t\t\t 31,3x bis 250,0x \t\t\t 8,0 bis 1,0 \t\t \t     Zeiss Stemi 2000 mit verschiedenen Okularen und Vorsatzsystemen:   \t \t\t \t\t\t Vorsatzsystem \t\t\t Okular \t\t \t\t \t\t\t \u00a0 \t\t\t \u00a0 \t\t\t  WPL 10x\/23 Br. foc.  \t\t\t  WPL 16x\/16 Br. foc.  \t\t\t  WPL 25x\/10 Br. foc.  \t\t \t \t \t\t \t\t\t Bezeichnung \/ Faktor \t\t\t Arbeits \t\t\tabstand (mm) \t\t\t Vergr\u00f6\u00dferung \t\t\t Objektfeld (mm) \t\t\t Vergr\u00f6\u00dferung \t\t\t Objektfeld (mm) \t\t\t Vergr\u00f6\u00dferung \t\t\t Objektfeld (mm) \t\t \t\t \t\t\t  0,3x  \t\t\t 285 \t\t\t 1,95x bis 15x \t\t\t 118,0 bis 15,3 \t\t\t 3,1x bis 24x \t\t\t 82,1 bis 10,7 \t\t\t 4,9x bis 37,5x \t\t\t 51,3 bis 6,7 \t\t \t\t \t\t\t  0,3x bis 0,5x  \t\t\t 234 bis 91 \t\t\t 1,95x bis 25x \t\t\t 118,0 bis 9,2 \t\t\t 3,1x bis 40x \t\t\t 82,1 bis 6,4 \t\t\t 4,9x bis 68,8x \t\t\t 51,3 bis 4,0 \t\t \t\t \t\t\t  0,4x  \t\t\t 210 \t\t\t 2,6x bis 20x \t\t\t 88,5 bis 11,5 \t\t\t 4,2x bis 32x \t\t\t 61,5 bis 8,0 \t\t\t 6,5x bis 50x \t\t\t 38,5 bis 5,0 \t\t \t\t \t\t\t  0,63x  \t\t\t 130 \t\t\t 4,1x bis 31,5x \t\t\t 56,2 bis 7,3 \t\t\t 6,6x bis 50,4x \t\t\t 39,1 bis 5,1 \t\t\t 10,2x bis 78,8x \t\t\t 24,4 bis 3,2 \t\t \t\t \t\t\t ohne \t\t\t 92 \t\t\t 6,5x bis 50x \t\t\t 35,4 bis 4,6 \t\t\t 10,4x bis 80x \t\t\t 24,6 bis 3,2 \t\t\t 16,3x bis 125x \t\t\t 15,4 bis 2,0 \t\t \t\t \t\t\t  1,25x  \t\t\t 60 \t\t\t 8,1x bis 62,5x \t\t\t 28,3 bis 3,7 \t\t\t 13,0x bis 100x \t\t\t 19,7 bis 2,6 \t\t\t 20,3x bis 156,3x \t\t\t 12,3 bis 1,6 \t\t \t\t \t\t\t  1,6x  \t\t\t 48 \t\t\t 10,4x bis 80x \t\t\t 22,1 bis 2,9 \t\t\t 16,6x bis 128x \t\t\t 15,4 bis 2,0 \t\t\t 26x bis 200x \t\t\t 9,6 bis 1,3 \t\t \t\t \t\t\t  2,0x  \t\t\t 31 \t\t\t 13x bis 100x \t\t\t 17,7 bis 2,3 \t\t\t 20,8x bis 160x \t\t\t 12,3 bis 1,6 \t\t\t 32,5x bis 250x \t\t\t 7,7 bis 1,0 \t\t \t     Zeiss Stemi DV4 und DV4 SPOT mit verschiedenen Vorsatzsystemen:   \t \t\t \t\t\t Vorsatzsystem \t\t\t Freier \t\t\tArbeitsabstand (mm) \t\t\t Vergr\u00f6\u00dferung \t\t\t Objektfeld (mm) \t\t \t\t \t\t\t  0,3x  \t\t\t 285 \t\t\t 2,4x bis 9,6x \t\t\t 83,3 bis 20,8 \t\t \t\t \t\t\t  0,3x .. 0,5x  \t\t\t 234 bis 91 \t\t\t 2,4x bis 16,0x \t\t\t 83,3 bis 12,5 \t\t \t\t \t\t\t  0,4x  \t\t\t 210 \t\t\t 3,2x bis 12,8x \t\t\t 62,5 bis 15,6 \t\t \t\t \t\t\t  0,63x  \t\t\t 130 \t\t\t 5,0x bis 20,2x \t\t\t 40,0 bis 9,9 \t\t \t\t \t\t\t ohne \t\t\t 92 \t\t\t 8,0x bis 32,0x \t\t\t 25,0 bis 6,3 \t\t \t\t \t\t\t  1,25x  \t\t\t 60 \t\t\t 10,0 x bis 40,0x \t\t\t 20,0 bis 5,0 \t\t \t\t \t\t\t  1,6x  \t\t\t 48 \t\t\t 12,8x bis 51,2x \t\t\t 15,6 bis 3,9 \t\t \t\t \t\t\t  2,0x  \t\t\t 31 \t\t\t 16,0x bis 64,0x \t\t\t 12,5 bis 3,1<\/p>\n","protected":false},"excerpt":{"rendered":"<p>Vorsatzsystem \/ Objektiv zur Verwendung an\u00a0Stemi 508-, Stemi 2000- und Stemi DV4- Mikroskopk\u00f6rpern. Stemi 508 Okulare PL 10x 23 Br. foc. Okulare PL 16x 16 Br. foc. Okulare PL 25x 10 Br. foc. Frontoptik Arbeitsabstand (FWD) in mm Vergr\u00f6\u00dferung Objektfeld in mm Vergr\u00f6\u00dferung Objektfeld in mm Vergr\u00f6\u00dferung Objektfeld in mm 0,3x 287 1,9x bis 15,0x [&hellip;]<\/p>\n","protected":false},"featured_media":0,"comment_status":"open","ping_status":"closed","template":"","meta":[],"product_brand":[],"product_cat":[15],"product_tag":[],"class_list":{"0":"post-1060","1":"product","2":"type-product","3":"status-publish","5":"product_cat-unkategorisiert","7":"first","8":"instock","9":"taxable","10":"shipping-taxable","11":"purchasable","12":"product-type-simple"},"jetpack_sharing_enabled":true,"_links":{"self":[{"href":"https:\/\/test.pulchlorenz.de\/index.php?rest_route=\/wp\/v2\/product\/1060","targetHints":{"allow":["GET"]}}],"collection":[{"href":"https:\/\/test.pulchlorenz.de\/index.php?rest_route=\/wp\/v2\/product"}],"about":[{"href":"https:\/\/test.pulchlorenz.de\/index.php?rest_route=\/wp\/v2\/types\/product"}],"replies":[{"embeddable":true,"href":"https:\/\/test.pulchlorenz.de\/index.php?rest_route=%2Fwp%2Fv2%2Fcomments&post=1060"}],"wp:attachment":[{"href":"https:\/\/test.pulchlorenz.de\/index.php?rest_route=%2Fwp%2Fv2%2Fmedia&parent=1060"}],"wp:term":[{"taxonomy":"product_brand","embeddable":true,"href":"https:\/\/test.pulchlorenz.de\/index.php?rest_route=%2Fwp%2Fv2%2Fproduct_brand&post=1060"},{"taxonomy":"product_cat","embeddable":true,"href":"https:\/\/test.pulchlorenz.de\/index.php?rest_route=%2Fwp%2Fv2%2Fproduct_cat&post=1060"},{"taxonomy":"product_tag","embeddable":true,"href":"https:\/\/test.pulchlorenz.de\/index.php?rest_route=%2Fwp%2Fv2%2Fproduct_tag&post=1060"}],"curies":[{"name":"wp","href":"https:\/\/api.w.org\/{rel}","templated":true}]}}