{"id":1081,"date":"2023-03-21T16:07:59","date_gmt":"2023-03-21T16:07:59","guid":{"rendered":"https:\/\/test.pulchlorenz.de\/?product=labscope-modul-ai-cell-counting-basic"},"modified":"2023-03-21T16:07:59","modified_gmt":"2023-03-21T16:07:59","slug":"labscope-modul-ai-cell-counting-basic","status":"publish","type":"product","link":"https:\/\/test.pulchlorenz.de\/?product=labscope-modul-ai-cell-counting-basic","title":{"rendered":"Labscope Modul AI Cell Counting Basic"},"content":{"rendered":"<p>Das Labscope-Modul AI Cell Counting ist eine KI-basierte L\u00f6sung, die automatisch die Anzahl der adh\u00e4renten Zellen im Sichtfeld bestimmt. Es liefert wiederholbare, objektive Ergebnisse und erfordert keine manuellen Parameteranpassungen.  \t Push-Button-L\u00f6sung \t Analyseergebnis innerhalb von Sekunden \t funktioniert f\u00fcr Live-Bilder und gespeicherte Bilder \t Akkumulation von mehreren Bildern m\u00f6glich \t  numerisches und visuelles Ergebnis Art der Beobachtung: Prim\u00e4r optimiert f\u00fcr Phasenkontrastbilder von adh\u00e4renten Zellkulturen   nur f\u00fcr die Windows-Version von Labscope verf\u00fcgbar<\/p>\n","protected":false},"excerpt":{"rendered":"<p>Das Labscope-Modul AI Cell Counting ist eine KI-basierte L\u00f6sung, die automatisch die Anzahl der adh\u00e4renten Zellen im Sichtfeld bestimmt. Es liefert wiederholbare, objektive Ergebnisse und erfordert keine manuellen Parameteranpassungen. Push-Button-L\u00f6sung Analyseergebnis innerhalb von Sekunden funktioniert f\u00fcr Live-Bilder und gespeicherte Bilder Akkumulation von mehreren Bildern m\u00f6glich numerisches und visuelles Ergebnis Art der Beobachtung: Prim\u00e4r optimiert f\u00fcr [&hellip;]<\/p>\n","protected":false},"featured_media":0,"comment_status":"open","ping_status":"closed","template":"","meta":[],"product_brand":[],"product_cat":[15],"product_tag":[],"class_list":{"0":"post-1081","1":"product","2":"type-product","3":"status-publish","5":"product_cat-unkategorisiert","7":"first","8":"instock","9":"taxable","10":"shipping-taxable","11":"purchasable","12":"product-type-simple"},"jetpack_sharing_enabled":true,"_links":{"self":[{"href":"https:\/\/test.pulchlorenz.de\/index.php?rest_route=\/wp\/v2\/product\/1081","targetHints":{"allow":["GET"]}}],"collection":[{"href":"https:\/\/test.pulchlorenz.de\/index.php?rest_route=\/wp\/v2\/product"}],"about":[{"href":"https:\/\/test.pulchlorenz.de\/index.php?rest_route=\/wp\/v2\/types\/product"}],"replies":[{"embeddable":true,"href":"https:\/\/test.pulchlorenz.de\/index.php?rest_route=%2Fwp%2Fv2%2Fcomments&post=1081"}],"wp:attachment":[{"href":"https:\/\/test.pulchlorenz.de\/index.php?rest_route=%2Fwp%2Fv2%2Fmedia&parent=1081"}],"wp:term":[{"taxonomy":"product_brand","embeddable":true,"href":"https:\/\/test.pulchlorenz.de\/index.php?rest_route=%2Fwp%2Fv2%2Fproduct_brand&post=1081"},{"taxonomy":"product_cat","embeddable":true,"href":"https:\/\/test.pulchlorenz.de\/index.php?rest_route=%2Fwp%2Fv2%2Fproduct_cat&post=1081"},{"taxonomy":"product_tag","embeddable":true,"href":"https:\/\/test.pulchlorenz.de\/index.php?rest_route=%2Fwp%2Fv2%2Fproduct_tag&post=1081"}],"curies":[{"name":"wp","href":"https:\/\/api.w.org\/{rel}","templated":true}]}}