{"id":1107,"date":"2023-03-21T16:08:05","date_gmt":"2023-03-21T16:08:05","guid":{"rendered":"https:\/\/test.pulchlorenz.de\/?product=zeiss-zen-starter-mikroskopiesoftware-kostenlos"},"modified":"2023-03-21T16:08:05","modified_gmt":"2023-03-21T16:08:05","slug":"zeiss-zen-starter-mikroskopiesoftware-kostenlos","status":"publish","type":"product","link":"https:\/\/test.pulchlorenz.de\/?product=zeiss-zen-starter-mikroskopiesoftware-kostenlos","title":{"rendered":"Zeiss ZEN starter Mikroskopiesoftware &#8211; kostenlos"},"content":{"rendered":"<p>Zeiss ZEN ist der Nachfolger von Axiovision; Nach ZEN light\/Blue das besonders f\u00fcr LifeScience- und Bio-Anwendungen geeignet ist, wurde ZEN\u00a02 Starter\/Core vor allem f\u00fcr Material- bzw. Auflichtanwendungen entwickelt. Die Starter-Variante ist kostenlos verf\u00fcgbar und wir mit jeder Zeiss Mikroskopkamera ausgeliefert. Sie k\u00f6nnen damit die Mikroskopkamera konfigurieren, Bilder aufnehmen, einfache Messungen durchf\u00fchren und Berichte erstellen.  Mit geringem Lernaufwand steuern Sie interaktiv den gesamten Workflow von Bildaufnahme, Verarbeitung und Auswertung. In der kostenlosen Version Zen 2 starter (oder auch Zen 2 lite) bietet die Software bereits einen gro\u00dfen Umfang, der die wichtigsten Funktionen abdeckt. F\u00fcr mehr Details zum Funktionsumfang und Lizenzkosten kontaktieren Sie uns am besten direkt.   ZEN speichert die Bilddaten und alle Einstellungen von Hardware und Software im speziell entwickelten .czi &#8211; Bildformat. Nutzen Sie diese Metadaten, um Aufnahmebedingungen und Experimente zu reproduzieren und die Entstehung Ihrer Daten zu dokumentieren.   folgende Messwerkzeuge sind in der Kostenlosen Version enthalten:        ZEN starter mit Basisfunktionalit\u00e4t und Benutzeroberfl\u00e4che von ZEN core. Treiber f\u00fcr Axiocam Kameras und Bildaufnahmen (SNAPs). Keine Mikroskopsteuerung.    Konfigurierbare grafische Benutzeroberfl\u00e4che mit Workbench-Konzept  Bildaufnahme mit s\/w, rgb, hochaufl\u00f6senden und hoch empfindlichen Kameras   Panorama Funktionalit\u00e4t zum Aufnehmen von Kachelbildern mit manuellem Tisch   Online-Panorama Funktionalit\u00e4t zur Erstellung von zusammengesetzten Kachelbildern mit nicht kodierten und unmotorisierten Tischen   Video-Recorder Funktionalit\u00e4t mit Filmexportfunktion   Manuelle Extended Focus (EDF) Bildaufnahme   Bildverarbeitung: Standardoperationen zur Bildoptimierung (Kontrast, Helligkeit, Gamma, Farben, Gl\u00e4tten, Sch\u00e4rfen, geometrische Korrekturen&#8230;)   Interaktive\/dimensionale Messungen und Text-Annotation   Verwenden von Microsoft Word Berichtsvorlagen   Datenarchiv zur Verwaltung von Dokumenten: Suchen, Filtern, Tagging, Anzeigen, Wieder\u00f6ffnen, Strukturieren, Exportieren, Importieren (jedes Dateiformat per Drag-and-Drop)   Benutzerverwaltung f\u00fcr Multi-User-Umgebung inkl. vollst\u00e4ndiger Integration in die Windows Multi- User-Funktionalit\u00e4t   Konnektivit\u00e4t zur ZEN Data Storage Bilddatenbank   Enth\u00e4lt ZEN Connect Basisfunktionalit\u00e4t, 2D CAD Overlay, Topografie, Viewer zur 2.5D Visualisierung von EDF-Bildern inkl. Profillinienmessung, QUAL Data Export   Kann nur mit ZEN Toolkit Basic Acquisition und ZEN Modul Kodiertes Mikroskop erweitert werden    Unterschiede zur ZEN core Basisversion:    Keine Mikroskop-Steuerung  Begrenzte Bildverarbeitungsfunktionen  Keine Job Funktionalit\u00e4ten  Keine HDR-Aufnahme von High Dynamic Range Bildern Unterst\u00fctztes Betriebssystem: Windows 10 (64-Bit)   Hardware-Empfehlung von Zeiss:  \t CPU: Intel Core i5-4670 3,0GHz \t Chipsatz: Intel Q87-Chipsatz \t 8 GB DDR3-RAM \t Bildschirm: mindestens 22 mit einer Aufl\u00f6sung von mindestens 1920&#215;1080 \t Microsoft Windows 7\/10 Ultimate 64-Bit  &#8222;<\/p>\n","protected":false},"excerpt":{"rendered":"<p>Zeiss ZEN ist der Nachfolger von Axiovision; Nach ZEN light\/Blue das besonders f\u00fcr LifeScience- und Bio-Anwendungen geeignet ist, wurde ZEN\u00a02 Starter\/Core vor allem f\u00fcr Material- bzw. Auflichtanwendungen entwickelt. Die Starter-Variante ist kostenlos verf\u00fcgbar und wir mit jeder Zeiss Mikroskopkamera ausgeliefert. Sie k\u00f6nnen damit die Mikroskopkamera konfigurieren, Bilder aufnehmen, einfache Messungen durchf\u00fchren und Berichte erstellen. Mit [&hellip;]<\/p>\n","protected":false},"featured_media":0,"comment_status":"open","ping_status":"closed","template":"","meta":[],"product_brand":[],"product_cat":[15],"product_tag":[],"class_list":{"0":"post-1107","1":"product","2":"type-product","3":"status-publish","5":"product_cat-unkategorisiert","7":"first","8":"instock","9":"taxable","10":"shipping-taxable","11":"purchasable","12":"product-type-simple"},"jetpack_sharing_enabled":true,"_links":{"self":[{"href":"https:\/\/test.pulchlorenz.de\/index.php?rest_route=\/wp\/v2\/product\/1107","targetHints":{"allow":["GET"]}}],"collection":[{"href":"https:\/\/test.pulchlorenz.de\/index.php?rest_route=\/wp\/v2\/product"}],"about":[{"href":"https:\/\/test.pulchlorenz.de\/index.php?rest_route=\/wp\/v2\/types\/product"}],"replies":[{"embeddable":true,"href":"https:\/\/test.pulchlorenz.de\/index.php?rest_route=%2Fwp%2Fv2%2Fcomments&post=1107"}],"wp:attachment":[{"href":"https:\/\/test.pulchlorenz.de\/index.php?rest_route=%2Fwp%2Fv2%2Fmedia&parent=1107"}],"wp:term":[{"taxonomy":"product_brand","embeddable":true,"href":"https:\/\/test.pulchlorenz.de\/index.php?rest_route=%2Fwp%2Fv2%2Fproduct_brand&post=1107"},{"taxonomy":"product_cat","embeddable":true,"href":"https:\/\/test.pulchlorenz.de\/index.php?rest_route=%2Fwp%2Fv2%2Fproduct_cat&post=1107"},{"taxonomy":"product_tag","embeddable":true,"href":"https:\/\/test.pulchlorenz.de\/index.php?rest_route=%2Fwp%2Fv2%2Fproduct_tag&post=1107"}],"curies":[{"name":"wp","href":"https:\/\/api.w.org\/{rel}","templated":true}]}}