{"id":1108,"date":"2023-03-21T16:08:05","date_gmt":"2023-03-21T16:08:05","guid":{"rendered":"https:\/\/test.pulchlorenz.de\/?product=mikroskop-stativ-axioscope-5-dl-al-6x-hd-dic-kodiert"},"modified":"2023-03-21T16:08:05","modified_gmt":"2023-03-21T16:08:05","slug":"mikroskop-stativ-axioscope-5-dl-al-6x-hd-dic-kodiert","status":"publish","type":"product","link":"https:\/\/test.pulchlorenz.de\/?product=mikroskop-stativ-axioscope-5-dl-al-6x-hd-dic-kodiert","title":{"rendered":"Mikroskop Stativ Axioscope 5, DL\/AL 6x HD DIC kodiert"},"content":{"rendered":"<p>Stativunterteil mit Leuchtenschnittstelle  \t  Durchlichtbeleuchtung mit Wei\u00dflicht LED 10W, optional f\u00fcr HAL 100W  \t  Schwalbe f\u00fcr anklemmbare Tischtr\u00e4ger  \t  Fokushub 24 mm, einstellbarer Fokusstopp  \t  Filterrad 6-fach f\u00fcr Filter mit 36 mm Durchmesser  \t  Aufnahme f\u00fcr Filterschieber 14&#215;40 2-fach, D = 36 mm  \t  Einbaunetzteil 24V DC 60W, stabilisiert 100&#8230;240V AC\/ 50&#8230;60Hz  \t  l\u00e4nderspezifisches Netzkabel  \t  Kontrollknopf f\u00fcr Eco Modus und Lichtmanager  \t  Integrierter Bildaufnahmeknopf unterst\u00fctzt ZEISS Axiocam  \t  USB 2.0  \t  Staubschutzh\u00fclle  \t  Filterhalter f\u00fcr Durchlicht  \t  Stativoberteil mit Leuchtenschnittstelle f\u00fcr Auflicht HAL 100\/HBO\/HXP\/Colibri  \t  Hellfeld-\/Dunkelfeld-Auflichtbeleuchtung LED 10W wei\u00df  \t  Objektivrevolver 6xHD DIC, M27 kodiert  \t  Schwalbe f\u00fcr kodierte, wechselbare Reflektorrevolver, -schieber  \t  eingebauter achromatischer Beleuchtungsadapter  \t  eingebauter Leuchtfeldblendenschieber  \t  eingebauter Aperturblendenschieber  \t  Aufnahme f\u00fcr Filterschieber 14&#215;40 2-fach, D = 36 mm  \t  Aufnahme f\u00fcr Polarisationsschieber A 6&#215;30 mm<\/p>\n","protected":false},"excerpt":{"rendered":"<p>Stativunterteil mit Leuchtenschnittstelle Durchlichtbeleuchtung mit Wei\u00dflicht LED 10W, optional f\u00fcr HAL 100W Schwalbe f\u00fcr anklemmbare Tischtr\u00e4ger Fokushub 24 mm, einstellbarer Fokusstopp Filterrad 6-fach f\u00fcr Filter mit 36 mm Durchmesser Aufnahme f\u00fcr Filterschieber 14&#215;40 2-fach, D = 36 mm Einbaunetzteil 24V DC 60W, stabilisiert 100&#8230;240V AC\/ 50&#8230;60Hz l\u00e4nderspezifisches Netzkabel Kontrollknopf f\u00fcr Eco Modus und Lichtmanager Integrierter [&hellip;]<\/p>\n","protected":false},"featured_media":0,"comment_status":"open","ping_status":"closed","template":"","meta":[],"product_brand":[],"product_cat":[15],"product_tag":[],"class_list":{"0":"post-1108","1":"product","2":"type-product","3":"status-publish","5":"product_cat-unkategorisiert","7":"first","8":"instock","9":"taxable","10":"shipping-taxable","11":"purchasable","12":"product-type-simple"},"jetpack_sharing_enabled":true,"_links":{"self":[{"href":"https:\/\/test.pulchlorenz.de\/index.php?rest_route=\/wp\/v2\/product\/1108","targetHints":{"allow":["GET"]}}],"collection":[{"href":"https:\/\/test.pulchlorenz.de\/index.php?rest_route=\/wp\/v2\/product"}],"about":[{"href":"https:\/\/test.pulchlorenz.de\/index.php?rest_route=\/wp\/v2\/types\/product"}],"replies":[{"embeddable":true,"href":"https:\/\/test.pulchlorenz.de\/index.php?rest_route=%2Fwp%2Fv2%2Fcomments&post=1108"}],"wp:attachment":[{"href":"https:\/\/test.pulchlorenz.de\/index.php?rest_route=%2Fwp%2Fv2%2Fmedia&parent=1108"}],"wp:term":[{"taxonomy":"product_brand","embeddable":true,"href":"https:\/\/test.pulchlorenz.de\/index.php?rest_route=%2Fwp%2Fv2%2Fproduct_brand&post=1108"},{"taxonomy":"product_cat","embeddable":true,"href":"https:\/\/test.pulchlorenz.de\/index.php?rest_route=%2Fwp%2Fv2%2Fproduct_cat&post=1108"},{"taxonomy":"product_tag","embeddable":true,"href":"https:\/\/test.pulchlorenz.de\/index.php?rest_route=%2Fwp%2Fv2%2Fproduct_tag&post=1108"}],"curies":[{"name":"wp","href":"https:\/\/api.w.org\/{rel}","templated":true}]}}