{"id":1115,"date":"2023-03-21T16:08:06","date_gmt":"2023-03-21T16:08:06","guid":{"rendered":"https:\/\/test.pulchlorenz.de\/?product=praeparatesatz-d-hellfeld"},"modified":"2023-03-21T16:08:06","modified_gmt":"2023-03-21T16:08:06","slug":"praeparatesatz-d-hellfeld","status":"publish","type":"product","link":"https:\/\/test.pulchlorenz.de\/?product=praeparatesatz-d-hellfeld","title":{"rendered":"Pr\u00e4paratesatz D Hellfeld"},"content":{"rendered":"<p>5 Objekttr\u00e4ger mit Beispielpr\u00e4paraten:   Haselnuss  Maigl\u00f6ckchen   Geschmacksknospen, Kaninchenzunge  D\u00fcnndarm, Frosch  Mausembryo, l\u00e4ngsschnitt<\/p>\n","protected":false},"excerpt":{"rendered":"<p>5 Objekttr\u00e4ger mit Beispielpr\u00e4paraten: Haselnuss Maigl\u00f6ckchen Geschmacksknospen, Kaninchenzunge D\u00fcnndarm, Frosch Mausembryo, l\u00e4ngsschnitt<\/p>\n","protected":false},"featured_media":0,"comment_status":"open","ping_status":"closed","template":"","meta":[],"product_brand":[],"product_cat":[15],"product_tag":[],"class_list":{"0":"post-1115","1":"product","2":"type-product","3":"status-publish","5":"product_cat-unkategorisiert","7":"first","8":"instock","9":"taxable","10":"shipping-taxable","11":"purchasable","12":"product-type-simple"},"jetpack_sharing_enabled":true,"_links":{"self":[{"href":"https:\/\/test.pulchlorenz.de\/index.php?rest_route=\/wp\/v2\/product\/1115","targetHints":{"allow":["GET"]}}],"collection":[{"href":"https:\/\/test.pulchlorenz.de\/index.php?rest_route=\/wp\/v2\/product"}],"about":[{"href":"https:\/\/test.pulchlorenz.de\/index.php?rest_route=\/wp\/v2\/types\/product"}],"replies":[{"embeddable":true,"href":"https:\/\/test.pulchlorenz.de\/index.php?rest_route=%2Fwp%2Fv2%2Fcomments&post=1115"}],"wp:attachment":[{"href":"https:\/\/test.pulchlorenz.de\/index.php?rest_route=%2Fwp%2Fv2%2Fmedia&parent=1115"}],"wp:term":[{"taxonomy":"product_brand","embeddable":true,"href":"https:\/\/test.pulchlorenz.de\/index.php?rest_route=%2Fwp%2Fv2%2Fproduct_brand&post=1115"},{"taxonomy":"product_cat","embeddable":true,"href":"https:\/\/test.pulchlorenz.de\/index.php?rest_route=%2Fwp%2Fv2%2Fproduct_cat&post=1115"},{"taxonomy":"product_tag","embeddable":true,"href":"https:\/\/test.pulchlorenz.de\/index.php?rest_route=%2Fwp%2Fv2%2Fproduct_tag&post=1115"}],"curies":[{"name":"wp","href":"https:\/\/api.w.org\/{rel}","templated":true}]}}