{"id":1123,"date":"2023-03-21T16:08:08","date_gmt":"2023-03-21T16:08:08","guid":{"rendered":"https:\/\/test.pulchlorenz.de\/?product=mikroskop-axiolab-5-fuer-pathologie-und-histologie"},"modified":"2023-03-21T16:08:08","modified_gmt":"2023-03-21T16:08:08","slug":"mikroskop-axiolab-5-fuer-pathologie-und-histologie","status":"publish","type":"product","link":"https:\/\/test.pulchlorenz.de\/?product=mikroskop-axiolab-5-fuer-pathologie-und-histologie","title":{"rendered":"Mikroskop Axiolab 5 f\u00fcr Pathologie und Histologie"},"content":{"rendered":"<p>Durchlichtmikroskop f\u00fcr Hellfeldanwendungen, mit codiertem Objektivrevolver, Lichtmanager und Kamera.  Durch den codierten Objektivrevolver wird im Kamerabild jederzeit automatisch der korrekte Ma\u00dfstab eingeblendet.  Beim Objektivwechsel wird au\u00dferdem automatisch die Beleuchtungsintensit\u00e4t f\u00fcr das jeweilige Objektiv gespeichert und geladen, sofern der Lichtmanager nicht deaktiviert ist.  Zur Steuerung der Kamera und zum Speichern von Aufnahmen ohne PC kann \u00fcber das mitgelieferte USB-Hub Maus, Tastatur und Speicherstick angeschlossen werden   \t Mikroskop Stativ Axiolab 5, DL, 5x H kodiert, Kreuztissch 75&#215;30 R\t \t\t Z-Trieb mit Feintriebknopf links und Feintriebscheibe rechts, flach mit Skala\u00a0 \t\t Fokushub 15 mm\u00a0 \t\t Objektivrevolver 5x Hellfeld, M27 kodiert\u00a0 \t\t Tisch- und Kondensortr\u00e4ger\u00a0 \t\t Kreuztisch 75&#215;30 R mit Harteloxal-Beschichtung, Tischplatte 210 x 145 mm, untenliegende verdeckte X-F\u00fchrung, Trieb rechts 135 mm (um 15 mm ausziehbar) mit Friktionseinstellung\u00a0 \t\t Objekthalter f\u00fcr Einhandbedienung mit Federhebel links\u00a0 \t\t Durchlichtbeleuchtung mit Wei\u00dflicht LED 10W, optional f\u00fcr Halogen Reflektorlampe 12V 35 W\u00a0 \t\t Einbaunetzteil 24V DC 60W, stabilisiert 100&#8230;240V AC\/ 50&#8230;60Hz\u00a0 \t\t l\u00e4nderspezifisches Netzkabel\u00a0 \t\t Kontrollknopf f\u00fcr Eco Modus und Lichtmanager\u00a0 \t\t Integrierter Bildaufnahmeknopf unterst\u00fctzt ZEISS Axiocam\u00a0 \t\t USB 2.0 Schnittstelle\u00a0 \t\t Staubschutzh\u00fclle\u00a0 \t\t Filterhalter f\u00fcr Durchlicht \t \t \t Binokularer Fototubus 30\u00b0\/23 (50:50), umgekehrtes Bild \t Kamera-Adapter 60N-C 2\/3&#8220; 0,5x \t 2x Okular PL 10x\/22 Br. foc. \t 2x Augenmuschel \t Objektiv N-Achroplan 2,5x\/0,07 M27 \t Objektiv N-Achroplan 5x\/0,15 M27 \t Objektiv N-Achroplan 10x\/0,25 M27 \t Objektiv N-Achroplan 40x\/0,65 M27 \t Kondensor 0,9\/1,25 H \t \u00dcbersichtseinrichtung f\u00fcr Objektive 2,5x\/4x zum Kondensor 0,9\/1,25 H \t Mikroskopiekamera Axiocam 208 color<\/p>\n","protected":false},"excerpt":{"rendered":"<p>Durchlichtmikroskop f\u00fcr Hellfeldanwendungen, mit codiertem Objektivrevolver, Lichtmanager und Kamera. Durch den codierten Objektivrevolver wird im Kamerabild jederzeit automatisch der korrekte Ma\u00dfstab eingeblendet. Beim Objektivwechsel wird au\u00dferdem automatisch die Beleuchtungsintensit\u00e4t f\u00fcr das jeweilige Objektiv gespeichert und geladen, sofern der Lichtmanager nicht deaktiviert ist. Zur Steuerung der Kamera und zum Speichern von Aufnahmen ohne PC kann \u00fcber [&hellip;]<\/p>\n","protected":false},"featured_media":0,"comment_status":"open","ping_status":"closed","template":"","meta":[],"product_brand":[],"product_cat":[15],"product_tag":[],"class_list":{"0":"post-1123","1":"product","2":"type-product","3":"status-publish","5":"product_cat-unkategorisiert","7":"first","8":"instock","9":"taxable","10":"shipping-taxable","11":"purchasable","12":"product-type-simple"},"jetpack_sharing_enabled":true,"_links":{"self":[{"href":"https:\/\/test.pulchlorenz.de\/index.php?rest_route=\/wp\/v2\/product\/1123","targetHints":{"allow":["GET"]}}],"collection":[{"href":"https:\/\/test.pulchlorenz.de\/index.php?rest_route=\/wp\/v2\/product"}],"about":[{"href":"https:\/\/test.pulchlorenz.de\/index.php?rest_route=\/wp\/v2\/types\/product"}],"replies":[{"embeddable":true,"href":"https:\/\/test.pulchlorenz.de\/index.php?rest_route=%2Fwp%2Fv2%2Fcomments&post=1123"}],"wp:attachment":[{"href":"https:\/\/test.pulchlorenz.de\/index.php?rest_route=%2Fwp%2Fv2%2Fmedia&parent=1123"}],"wp:term":[{"taxonomy":"product_brand","embeddable":true,"href":"https:\/\/test.pulchlorenz.de\/index.php?rest_route=%2Fwp%2Fv2%2Fproduct_brand&post=1123"},{"taxonomy":"product_cat","embeddable":true,"href":"https:\/\/test.pulchlorenz.de\/index.php?rest_route=%2Fwp%2Fv2%2Fproduct_cat&post=1123"},{"taxonomy":"product_tag","embeddable":true,"href":"https:\/\/test.pulchlorenz.de\/index.php?rest_route=%2Fwp%2Fv2%2Fproduct_tag&post=1123"}],"curies":[{"name":"wp","href":"https:\/\/api.w.org\/{rel}","templated":true}]}}