{"id":1131,"date":"2023-03-21T16:08:09","date_gmt":"2023-03-21T16:08:09","guid":{"rendered":"https:\/\/test.pulchlorenz.de\/?product=zen-module-cell-counting-automatische-zellzahlbestimmung"},"modified":"2023-03-21T16:08:09","modified_gmt":"2023-03-21T16:08:09","slug":"zen-module-cell-counting-automatische-zellzahlbestimmung","status":"publish","type":"product","link":"https:\/\/test.pulchlorenz.de\/?product=zen-module-cell-counting-automatische-zellzahlbestimmung","title":{"rendered":"ZEN Module Cell Counting &#8211; Automatische Zellzahlbestimmung"},"content":{"rendered":"<p>ZEN Module Cell Counting Automatische Zellzahlbestimmung und Darstellung der Messergebnisse  Das Modul stellt einen einfachen automatischen Bildanalyseworkflow zum Z\u00e4hlen von fluoreszenzmarkierten Zellkernen in biologischen Proben zur Verf\u00fcgung. Es besteht aus einem einfachen Setup-Schritt und einer ma\u00dfgeschneiterten Anzeige der Messergebnisse mit interaktiven Messtabellen, Heatmap und weiteren Graphen. Das Modul eignet sich f\u00fcr das automatisierte Monitoring der Zellzahl und damit die Zellproliferation, z.B. unter dem Einflussvon Verbindungen. Das Modul liefert die folgenden Messwerte: Anzahl der Zellkerne, Dichte der Zellkerne, mittlere Intensit\u00e4t des selektierten Fluoreszenzkanals und mittlere Fl\u00e4che der Zellkerne in einem Well. Das Modul beinhaltet:   Einfaches Setup zur Einstellung und Kontrolle der Parameter  Auswahl zwischen schwellwertbasierter Segmentierung oder integriertem neuralem Netz (AI) zur Identifikation der fluoreszenzmarkierten Zellkerne   F\u00fcr die Applikation voreingetellte Parameter f\u00fcr einfache Bedienung   Interaktive Darstellung der Ergebnisse mit Tabelle, Heatmap (f\u00fcr multi-well Aufnahmen), xy-Scatterplot und Histogramm   Einfacher Export der Messtabellen, Plots und Prozessierungseinstellungen   Unterst\u00fctzung von fixed Timepoint (2D) und Zeitserienbildern (2D + Zeit) Anforderungen: F\u00fcr die Verwendung der AI-basierten Segmentierung ist eine ZeissPython Installation erforderlich<\/p>\n","protected":false},"excerpt":{"rendered":"<p>ZEN Module Cell Counting Automatische Zellzahlbestimmung und Darstellung der Messergebnisse Das Modul stellt einen einfachen automatischen Bildanalyseworkflow zum Z\u00e4hlen von fluoreszenzmarkierten Zellkernen in biologischen Proben zur Verf\u00fcgung. Es besteht aus einem einfachen Setup-Schritt und einer ma\u00dfgeschneiterten Anzeige der Messergebnisse mit interaktiven Messtabellen, Heatmap und weiteren Graphen. Das Modul eignet sich f\u00fcr das automatisierte Monitoring der [&hellip;]<\/p>\n","protected":false},"featured_media":0,"comment_status":"open","ping_status":"closed","template":"","meta":[],"product_brand":[],"product_cat":[15],"product_tag":[],"class_list":{"0":"post-1131","1":"product","2":"type-product","3":"status-publish","5":"product_cat-unkategorisiert","7":"first","8":"instock","9":"taxable","10":"shipping-taxable","11":"purchasable","12":"product-type-simple"},"jetpack_sharing_enabled":true,"_links":{"self":[{"href":"https:\/\/test.pulchlorenz.de\/index.php?rest_route=\/wp\/v2\/product\/1131","targetHints":{"allow":["GET"]}}],"collection":[{"href":"https:\/\/test.pulchlorenz.de\/index.php?rest_route=\/wp\/v2\/product"}],"about":[{"href":"https:\/\/test.pulchlorenz.de\/index.php?rest_route=\/wp\/v2\/types\/product"}],"replies":[{"embeddable":true,"href":"https:\/\/test.pulchlorenz.de\/index.php?rest_route=%2Fwp%2Fv2%2Fcomments&post=1131"}],"wp:attachment":[{"href":"https:\/\/test.pulchlorenz.de\/index.php?rest_route=%2Fwp%2Fv2%2Fmedia&parent=1131"}],"wp:term":[{"taxonomy":"product_brand","embeddable":true,"href":"https:\/\/test.pulchlorenz.de\/index.php?rest_route=%2Fwp%2Fv2%2Fproduct_brand&post=1131"},{"taxonomy":"product_cat","embeddable":true,"href":"https:\/\/test.pulchlorenz.de\/index.php?rest_route=%2Fwp%2Fv2%2Fproduct_cat&post=1131"},{"taxonomy":"product_tag","embeddable":true,"href":"https:\/\/test.pulchlorenz.de\/index.php?rest_route=%2Fwp%2Fv2%2Fproduct_tag&post=1131"}],"curies":[{"name":"wp","href":"https:\/\/api.w.org\/{rel}","templated":true}]}}