{"id":1146,"date":"2023-03-21T16:08:12","date_gmt":"2023-03-21T16:08:12","guid":{"rendered":"https:\/\/test.pulchlorenz.de\/?product=durchlicht-mikroskop-primo-star-paket-8-fuer-proben-ohne-deckglas"},"modified":"2023-03-21T16:08:12","modified_gmt":"2023-03-21T16:08:12","slug":"durchlicht-mikroskop-primo-star-paket-8-fuer-proben-ohne-deckglas","status":"publish","type":"product","link":"https:\/\/test.pulchlorenz.de\/?product=durchlicht-mikroskop-primo-star-paket-8-fuer-proben-ohne-deckglas","title":{"rendered":"Durchlicht-Mikroskop Primo Star Paket 8, f\u00fcr Proben ohne Deckglas"},"content":{"rendered":"<p>Primo Star ist ganz auf den dauerhaften Einsatz und gro\u00dfe Strapazierf\u00e4higkeit hin entwickelt worden.  \t Einfach zu bedienen \t Robust und langlebig \t Qualit\u00e4tsoptik von ZEISS \t Flexibel durch Modularit\u00e4t \t Starkes Preis-Leistungs-Verh\u00e4ltnis   Primo Star gibt es in unterschiedlichen Ausr\u00fcstungsvarianten.Anwendbar f\u00fcr die Ausbildung,im Labor, in der Artzpraxis oder im Feld.   Komplettausr\u00fcstung mit Stativ Fixed-K\u00f6hler einschlie\u00dflich  \t LED Durchlicht-Beleuchtung warm-light, 3200K \t Objektivrevolver 4-fach, nach hinten geneigt \t Kreuztisch 75&#215;30 Trieb rechts und Objekthalter mit Federhebel links \t binokularem Tubus 30\u00b0\/20 \t 2x Okularen 10x\/18 Br. foc. \t Objektiven Plan-Achromat D=0 ohne Deckglas, 10x, 20x, 40x und 100x Oil \t Kondensor 0,9\/ 1,25 \t externem Netzteil 100&#8230;240VAC\/50&#8230;60Hz\/30VA mit l\u00e4nderspezifischen Adaptern \t Staubschutzh\u00fclle \t \u00d6ler mit 5ml Immersions\u00f6l \t Farbfiltersatz blau, gr\u00fcn, gelb   Die Objektive D=0\u00a0(f\u00fcr Proben ohne\u00a0Deckglas) sind f\u00fcr Auflicht-Fluoreszenz optimiert. Dieses Primo Star Paket 8 (415500-0058-000) ist daher in Kombination mit Auflichtbeleuchtung Fluoreszenz iLED empfohlen.   Bio-Med. Anwendungen  \t Bakteriologie \t Botanik \t Dermatologie \t Gyn\u00e4kologie \t H\u00e4matologie \t Histologie \t Hobby- und Privatanwendungen \t Immunologie \t Pathologie \t Pharmakologie \t Urologie \t Zell- und Gewebezucht \t Zytologie   Materialanwendungen  \t Dental \t Hobby- und Privatanwendungen \t Qualit\u00e4tskontrolle<\/p>\n","protected":false},"excerpt":{"rendered":"<p>Primo Star ist ganz auf den dauerhaften Einsatz und gro\u00dfe Strapazierf\u00e4higkeit hin entwickelt worden. Einfach zu bedienen Robust und langlebig Qualit\u00e4tsoptik von ZEISS Flexibel durch Modularit\u00e4t Starkes Preis-Leistungs-Verh\u00e4ltnis Primo Star gibt es in unterschiedlichen Ausr\u00fcstungsvarianten.Anwendbar f\u00fcr die Ausbildung,im Labor, in der Artzpraxis oder im Feld. Komplettausr\u00fcstung mit Stativ Fixed-K\u00f6hler einschlie\u00dflich LED Durchlicht-Beleuchtung warm-light, 3200K Objektivrevolver [&hellip;]<\/p>\n","protected":false},"featured_media":0,"comment_status":"open","ping_status":"closed","template":"","meta":[],"product_brand":[],"product_cat":[15],"product_tag":[],"class_list":{"0":"post-1146","1":"product","2":"type-product","3":"status-publish","5":"product_cat-unkategorisiert","7":"first","8":"instock","9":"taxable","10":"shipping-taxable","11":"purchasable","12":"product-type-simple"},"jetpack_sharing_enabled":true,"_links":{"self":[{"href":"https:\/\/test.pulchlorenz.de\/index.php?rest_route=\/wp\/v2\/product\/1146","targetHints":{"allow":["GET"]}}],"collection":[{"href":"https:\/\/test.pulchlorenz.de\/index.php?rest_route=\/wp\/v2\/product"}],"about":[{"href":"https:\/\/test.pulchlorenz.de\/index.php?rest_route=\/wp\/v2\/types\/product"}],"replies":[{"embeddable":true,"href":"https:\/\/test.pulchlorenz.de\/index.php?rest_route=%2Fwp%2Fv2%2Fcomments&post=1146"}],"wp:attachment":[{"href":"https:\/\/test.pulchlorenz.de\/index.php?rest_route=%2Fwp%2Fv2%2Fmedia&parent=1146"}],"wp:term":[{"taxonomy":"product_brand","embeddable":true,"href":"https:\/\/test.pulchlorenz.de\/index.php?rest_route=%2Fwp%2Fv2%2Fproduct_brand&post=1146"},{"taxonomy":"product_cat","embeddable":true,"href":"https:\/\/test.pulchlorenz.de\/index.php?rest_route=%2Fwp%2Fv2%2Fproduct_cat&post=1146"},{"taxonomy":"product_tag","embeddable":true,"href":"https:\/\/test.pulchlorenz.de\/index.php?rest_route=%2Fwp%2Fv2%2Fproduct_tag&post=1146"}],"curies":[{"name":"wp","href":"https:\/\/api.w.org\/{rel}","templated":true}]}}