{"id":1152,"date":"2023-03-21T16:08:13","date_gmt":"2023-03-21T16:08:13","guid":{"rendered":"https:\/\/test.pulchlorenz.de\/?product=fluoreszenzkamera-axiocam-702-mono-usb3-2-3mp-1-1-2quot"},"modified":"2023-03-21T16:08:13","modified_gmt":"2023-03-21T16:08:13","slug":"fluoreszenzkamera-axiocam-702-mono-usb3-2-3mp-1-1-2quot","status":"publish","type":"product","link":"https:\/\/test.pulchlorenz.de\/?product=fluoreszenzkamera-axiocam-702-mono-usb3-2-3mp-1-1-2quot","title":{"rendered":"Fluoreszenzkamera Axiocam 702 mono (USB3, 2.3MP, 1\/1.2&amp;quot;)"},"content":{"rendered":"<p>High Performance 1\/1,2 CCD-Mikroskopie-Kamera  \t inkl. Treiber-Software 64-Bit, USB 3.0 PCIe x1 Interface, Dual USB 3.0\/USB 2.0 Kabel 3 m und Schutzglas BK7 (verg\u00fctet) \t inkl. Objektimikrometer 0,01mm zur manuellen Kalibrierung \t inkl. Software ZEISS ZEN 2 Starter \t Anzahl der Pixel: 1920 (H) x 1216 (V) = 2,3 Mega Pixel \t Pixelgr\u00f6\u00dfe: 5,86 \u00b5m x 5,86 \u00b5m \t Chipgr\u00f6\u00dfe: 11.3 mm x 7,1 mm, entspricht 1\/1.2&#8243; (Diagonale 13,3 mm) \t Spektrale Empfindlichkeit: Mit Schutzglas ca. 350 nm bis 1000 nm Quanteneffizienz ca. 72% bei 520nm (incl. Sensordeckglas) \t Max. Ladungsmenge pro Pixel: Ca. 32.000 e Full Well Capacity \t W\u00e4hlbare Aufl\u00f6sung: H x V Binning Faktor (digital)\t \t\t 1920 x 1216 1&#215;1 Basis-Pixelzahl \t\t 960 x 608 2&#215;2 \t\t 640 x 404 3&#215;3 \t\t 480 x 304 4&#215;4 \t\t 384 x 240 5&#215;5 \t \t \t Live Bildwiederholraten (abh\u00e4ngig von Hardware- und Softwarekonfiguration) Belichtungszeit 1ms: H x V Bildrate\t \t\t 1936 x 1460 >100 fps \t \t \t Bildwiederholraten bei Zeitreihenaufnahmen (abh\u00e4ngig von Bild-ROI, PC Hardware- und Softwarekonfiguration): H x V Bildrate\t \t\t 1920 x 1216 128 \t\t 1920 x 1080 145 \t\t 960 x 612 245 \t\t 480 x 306 458 \t\t 384 x 244 557 \t\t 1280 x 112 982 \t\t 1024 x 112 1003 \t \t \t Zeitreihenaufnahme mit maximaler Rate \u00fcber &#8222;Burst Mode&#8220;-Funktion Auslesen von Sensorteilbereichen (&#8222;ROI&#8220;): Frei definierbar \t Digitalisierung: 14 Bit (intern 12 Bit ADC, 14 Bit durch Datenverarbeitung) \t Dynamik: Typisch >5000 : 1 (74> dB) bei typ. weniger als 6e Ausleserauschen \t Dunkelstrom: ca. 1,1 e\/p\/s \t Integrationszeit: 0,1ms bis 60 s \t K\u00fchlung: einstufige, geregelte Peltier-K\u00fchlung auf 15\u00b0C Sensortemperatur, Zus\u00e4tzliche digitale Dunkelstromkorrektur, Acht vorladbare Bildparameters\u00e4tze f\u00fcr schnellen Parameterwechsel, \u00dcbertragung von Aufnahme-Zeitstempel mit Bilddaten, Status-LED Kamera: farbcodierte Anzeige f\u00fcr Betriebsstatus, dimmbar, Status-LED Trigger: farbcodierte Anzeige f\u00fcr Zustand Trigger-Signale, dimmbar \t Steuersignalanschl\u00fcsse: Galvanisch getrennte I\/O-Signale f\u00fcr Belichtungszeit, Auslesezeit, Ready (z.B. zur Steuerung von externen elektrischen Verschl\u00fcssen), 1 Trigger-In f\u00fcr Start Aufnahme, 5V Hilfsspannung, GND \t Interface: USB 3.0, 300 MBytes\/s, 3m Doppel-USB Kabel mit USB 3.0 und USB 2.0 Optionaler Betrieb an USB 2.0 bei reduzierter Bildrate m\u00f6glich, Optionaler Betrieb ohne K\u00fchlung bei kurzen Belichtungszeiten bei verringerter Leistungsaufnahme m\u00f6glich, \t Optische Schnittstelle: C-Mount, Teflon beschichtetes Gewinde, \t Eindringtiefe f\u00fcr Objektive: Max. 5 mm \t Max. Dateigr\u00f6\u00dfe pro Bild: ca. 4,7 MB bei 1920 x 1216 Pixel mit 14 Bit\/Pixel \t Gr\u00f6\u00dfe \/ Gewicht: ca. 10,8 cm x 7,8 cm x 4,3 cm \/ 500 g Geh\u00e4use: Blau eloxiertes Aluminium mit K\u00fchlrippen, 1\/4&#8243; Foto- Gewindeanschluss \t Zulassungen: CE \t Stromversorgung \u00fcber PC: USB 3.0 Kabel f\u00fcr die Kameraelektronik, USB 2.0 Kabel f\u00fcr Peltierk\u00fchlung, \t Leistungsaufnahme: 7 W (5V, 1,4A) \t Umgebungsbedingungen: +5\u00b0 &#8230; +35\u00b0 Celsius, max. 80% relative Luftfeuchtigkeit, nicht kondensierend, freie Luftzirkulation erforderlich \t Unterst\u00fctzte Betriebssysteme: Windows 7 x64 Prof.\/Ultimate SP1 (ZEN 2 lite\/pro\/system)  &#8222;<\/p>\n","protected":false},"excerpt":{"rendered":"<p>High Performance 1\/1,2 CCD-Mikroskopie-Kamera inkl. Treiber-Software 64-Bit, USB 3.0 PCIe x1 Interface, Dual USB 3.0\/USB 2.0 Kabel 3 m und Schutzglas BK7 (verg\u00fctet) inkl. Objektimikrometer 0,01mm zur manuellen Kalibrierung inkl. Software ZEISS ZEN 2 Starter Anzahl der Pixel: 1920 (H) x 1216 (V) = 2,3 Mega Pixel Pixelgr\u00f6\u00dfe: 5,86 \u00b5m x 5,86 \u00b5m Chipgr\u00f6\u00dfe: 11.3 [&hellip;]<\/p>\n","protected":false},"featured_media":0,"comment_status":"open","ping_status":"closed","template":"","meta":[],"product_brand":[],"product_cat":[15],"product_tag":[],"class_list":{"0":"post-1152","1":"product","2":"type-product","3":"status-publish","5":"product_cat-unkategorisiert","7":"first","8":"instock","9":"taxable","10":"shipping-taxable","11":"purchasable","12":"product-type-simple"},"jetpack_sharing_enabled":true,"_links":{"self":[{"href":"https:\/\/test.pulchlorenz.de\/index.php?rest_route=\/wp\/v2\/product\/1152","targetHints":{"allow":["GET"]}}],"collection":[{"href":"https:\/\/test.pulchlorenz.de\/index.php?rest_route=\/wp\/v2\/product"}],"about":[{"href":"https:\/\/test.pulchlorenz.de\/index.php?rest_route=\/wp\/v2\/types\/product"}],"replies":[{"embeddable":true,"href":"https:\/\/test.pulchlorenz.de\/index.php?rest_route=%2Fwp%2Fv2%2Fcomments&post=1152"}],"wp:attachment":[{"href":"https:\/\/test.pulchlorenz.de\/index.php?rest_route=%2Fwp%2Fv2%2Fmedia&parent=1152"}],"wp:term":[{"taxonomy":"product_brand","embeddable":true,"href":"https:\/\/test.pulchlorenz.de\/index.php?rest_route=%2Fwp%2Fv2%2Fproduct_brand&post=1152"},{"taxonomy":"product_cat","embeddable":true,"href":"https:\/\/test.pulchlorenz.de\/index.php?rest_route=%2Fwp%2Fv2%2Fproduct_cat&post=1152"},{"taxonomy":"product_tag","embeddable":true,"href":"https:\/\/test.pulchlorenz.de\/index.php?rest_route=%2Fwp%2Fv2%2Fproduct_tag&post=1152"}],"curies":[{"name":"wp","href":"https:\/\/api.w.org\/{rel}","templated":true}]}}