{"id":1157,"date":"2023-03-21T16:08:14","date_gmt":"2023-03-21T16:08:14","guid":{"rendered":"https:\/\/test.pulchlorenz.de\/?product=zeiss-zen-core-mikroskopiesoftware"},"modified":"2023-03-21T16:08:14","modified_gmt":"2023-03-21T16:08:14","slug":"zeiss-zen-core-mikroskopiesoftware","status":"publish","type":"product","link":"https:\/\/test.pulchlorenz.de\/?product=zeiss-zen-core-mikroskopiesoftware","title":{"rendered":"Zeiss ZEN Core Mikroskopiesoftware"},"content":{"rendered":"<p>Software-Suite f\u00fcr Mikroskop-Bildaufnahme, Bildverarbeitung, Analyse und Datenkonnektivit\u00e4t.   Konfigurierbare grafische Benutzeroberfl\u00e4che mit Workbench-Konzept f\u00fcr kundenspezifische Routineaufgaben und Workflows   Vollst\u00e4ndige Integration von ZEISS Mikroskopen (inkl. Smartproof 5 und Visioner 1), Axiocam-Kameras und weiteren Komponenten, die in MicroToolbox konfiguriert werden k\u00f6nnen.   Interaktive und automatische Steuerung der einzelnen motorisierten Mikroskopkomponenten und \u00dcbertragung von Informationen aus codierten Komponenten in die Software.   Bildaufnahme mit s\/w, rgb, hochaufl\u00f6senden und hoch empfindlichen Kameras   HDR, Panorama und manuelle Bildaufnahme mit erweiterter Tiefensch\u00e4rfe (EDF)*   Grundlegende Bilderfassung an Elektronenmikroskopen   Bildverarbeitung: Standardoperationen zur Bildoptimierung (Kontrast, Helligkeit, Gamma, Farben, Gl\u00e4tten, Sch\u00e4rfen, geometrische Korrekturen&#8230;)   Interaktive\/dimensionale Messungen, einschlie\u00dflich Online-Messungenam Live-Bild   Eingabeformulardesigner mit automatisiertem Kundendatenimport   Berichtserstellung und Anpassung von Microsoft Word-Berichtsvorlagen mit dem ZEN Word-Add-In   Datenarchiv zur Verwaltung von Dokumenten: Suchen, Filtern, Tagging, Anzeigen, Wieder\u00f6ffnen, Strukturieren, Exportieren, Importieren (jedes Dateiformat per Drag-and-Drop)   Benutzerverwaltung f\u00fcr Multi-User-Umgebung inkl. vollst\u00e4ndiger Integration in die Windows Multi-User-Funktionalit\u00e4t   Konnektivit\u00e4t zur ZEN Data Storage Bilddatenbank   Enth\u00e4lt ZEN Connect Basisfunktionalit\u00e4t, 2D CAD Overlay, Topographie Viewer zur 2.5D Visualisierung von EDF-Bildern inkl. Profillinienmessung, QUAL Data Export   APEER (on-site) Connector erm\u00f6glicht die Ausf\u00fchrung von kundenspezifischen L\u00f6sungen durch Integration von Modulen der APEER Plattform Unterst\u00fctztes Betriebssystem: Windows 10 (64-Bit) *HDR nicht f\u00fcr Visioner 1 verf\u00fcgbar.           Hardware-Empfehlung von Zeiss:  \t CPU: Intel Xeon E5-2643 3,0GHz \t Chipsatz: Intel C602-Chipsatz \t 16 GB DDR3-RAM \t Bildschirm: mindestens 22 mit einer Aufl\u00f6sung von mindestens 1920&#215;1080 \t Microsoft Windows 7\/10 Ultimate 64-Bit  &#8222;<\/p>\n","protected":false},"excerpt":{"rendered":"<p>Software-Suite f\u00fcr Mikroskop-Bildaufnahme, Bildverarbeitung, Analyse und Datenkonnektivit\u00e4t. Konfigurierbare grafische Benutzeroberfl\u00e4che mit Workbench-Konzept f\u00fcr kundenspezifische Routineaufgaben und Workflows Vollst\u00e4ndige Integration von ZEISS Mikroskopen (inkl. Smartproof 5 und Visioner 1), Axiocam-Kameras und weiteren Komponenten, die in MicroToolbox konfiguriert werden k\u00f6nnen. Interaktive und automatische Steuerung der einzelnen motorisierten Mikroskopkomponenten und \u00dcbertragung von Informationen aus codierten Komponenten in die [&hellip;]<\/p>\n","protected":false},"featured_media":0,"comment_status":"open","ping_status":"closed","template":"","meta":[],"product_brand":[],"product_cat":[15],"product_tag":[],"class_list":{"0":"post-1157","1":"product","2":"type-product","3":"status-publish","5":"product_cat-unkategorisiert","7":"first","8":"instock","9":"taxable","10":"shipping-taxable","11":"purchasable","12":"product-type-simple"},"jetpack_sharing_enabled":true,"_links":{"self":[{"href":"https:\/\/test.pulchlorenz.de\/index.php?rest_route=\/wp\/v2\/product\/1157","targetHints":{"allow":["GET"]}}],"collection":[{"href":"https:\/\/test.pulchlorenz.de\/index.php?rest_route=\/wp\/v2\/product"}],"about":[{"href":"https:\/\/test.pulchlorenz.de\/index.php?rest_route=\/wp\/v2\/types\/product"}],"replies":[{"embeddable":true,"href":"https:\/\/test.pulchlorenz.de\/index.php?rest_route=%2Fwp%2Fv2%2Fcomments&post=1157"}],"wp:attachment":[{"href":"https:\/\/test.pulchlorenz.de\/index.php?rest_route=%2Fwp%2Fv2%2Fmedia&parent=1157"}],"wp:term":[{"taxonomy":"product_brand","embeddable":true,"href":"https:\/\/test.pulchlorenz.de\/index.php?rest_route=%2Fwp%2Fv2%2Fproduct_brand&post=1157"},{"taxonomy":"product_cat","embeddable":true,"href":"https:\/\/test.pulchlorenz.de\/index.php?rest_route=%2Fwp%2Fv2%2Fproduct_cat&post=1157"},{"taxonomy":"product_tag","embeddable":true,"href":"https:\/\/test.pulchlorenz.de\/index.php?rest_route=%2Fwp%2Fv2%2Fproduct_tag&post=1157"}],"curies":[{"name":"wp","href":"https:\/\/api.w.org\/{rel}","templated":true}]}}