{"id":1165,"date":"2023-03-21T16:08:16","date_gmt":"2023-03-21T16:08:16","guid":{"rendered":"https:\/\/test.pulchlorenz.de\/?product=ergozwischenstueck-h25-mm-fuer-einblickhoehenoptimierung"},"modified":"2023-03-21T16:08:16","modified_gmt":"2023-03-21T16:08:16","slug":"ergozwischenstueck-h25-mm-fuer-einblickhoehenoptimierung","status":"publish","type":"product","link":"https:\/\/test.pulchlorenz.de\/?product=ergozwischenstueck-h25-mm-fuer-einblickhoehenoptimierung","title":{"rendered":"Ergozwischenst\u00fcck H=25 mm f\u00fcr Einblickh\u00f6henoptimierung"},"content":{"rendered":"<p>Tubuszwischenst&uuml;ck mit einer H&ouml;he von 25mm f&uuml;r Axio Vert.A1 Mikroskope zur Einblickh&ouml;henoptimierung.  (Insgesamt ist eine Erh&ouml;hung von maximal 50mm m&ouml;glich.)<\/p>\n","protected":false},"excerpt":{"rendered":"<p>Tubuszwischenst&uuml;ck mit einer H&ouml;he von 25mm f&uuml;r Axio Vert.A1 Mikroskope zur Einblickh&ouml;henoptimierung. (Insgesamt ist eine Erh&ouml;hung von maximal 50mm m&ouml;glich.)<\/p>\n","protected":false},"featured_media":0,"comment_status":"open","ping_status":"closed","template":"","meta":[],"product_brand":[],"product_cat":[15],"product_tag":[],"class_list":{"0":"post-1165","1":"product","2":"type-product","3":"status-publish","5":"product_cat-unkategorisiert","7":"first","8":"instock","9":"taxable","10":"shipping-taxable","11":"purchasable","12":"product-type-simple"},"jetpack_sharing_enabled":true,"_links":{"self":[{"href":"https:\/\/test.pulchlorenz.de\/index.php?rest_route=\/wp\/v2\/product\/1165","targetHints":{"allow":["GET"]}}],"collection":[{"href":"https:\/\/test.pulchlorenz.de\/index.php?rest_route=\/wp\/v2\/product"}],"about":[{"href":"https:\/\/test.pulchlorenz.de\/index.php?rest_route=\/wp\/v2\/types\/product"}],"replies":[{"embeddable":true,"href":"https:\/\/test.pulchlorenz.de\/index.php?rest_route=%2Fwp%2Fv2%2Fcomments&post=1165"}],"wp:attachment":[{"href":"https:\/\/test.pulchlorenz.de\/index.php?rest_route=%2Fwp%2Fv2%2Fmedia&parent=1165"}],"wp:term":[{"taxonomy":"product_brand","embeddable":true,"href":"https:\/\/test.pulchlorenz.de\/index.php?rest_route=%2Fwp%2Fv2%2Fproduct_brand&post=1165"},{"taxonomy":"product_cat","embeddable":true,"href":"https:\/\/test.pulchlorenz.de\/index.php?rest_route=%2Fwp%2Fv2%2Fproduct_cat&post=1165"},{"taxonomy":"product_tag","embeddable":true,"href":"https:\/\/test.pulchlorenz.de\/index.php?rest_route=%2Fwp%2Fv2%2Fproduct_tag&post=1165"}],"curies":[{"name":"wp","href":"https:\/\/api.w.org\/{rel}","templated":true}]}}