{"id":1177,"date":"2023-03-21T16:08:18","date_gmt":"2023-03-21T16:08:18","guid":{"rendered":"https:\/\/test.pulchlorenz.de\/?product=filtersatz-108-he-led"},"modified":"2023-03-21T16:08:18","modified_gmt":"2023-03-21T16:08:18","slug":"filtersatz-108-he-led","status":"publish","type":"product","link":"https:\/\/test.pulchlorenz.de\/?product=filtersatz-108-he-led","title":{"rendered":"Filtersatz 108 HE LED"},"content":{"rendered":"<p>Filtersatz 108 HE LED (E) zur Verwendung mit dem Beleuchtungssystem Colibri 7.  Geeignet f\u00fcr Farbstoffe wie z. B. CFP und YFP mit den Anregungswellenl\u00e4ngen 425 und 510 nm.  Enth\u00e4lt Farbteiler DFT 450 + 538 und Emissionsfilter DBP 467\/24 + 598\/110.<\/p>\n","protected":false},"excerpt":{"rendered":"<p>Filtersatz 108 HE LED (E) zur Verwendung mit dem Beleuchtungssystem Colibri 7. Geeignet f\u00fcr Farbstoffe wie z. B. CFP und YFP mit den Anregungswellenl\u00e4ngen 425 und 510 nm. Enth\u00e4lt Farbteiler DFT 450 + 538 und Emissionsfilter DBP 467\/24 + 598\/110.<\/p>\n","protected":false},"featured_media":0,"comment_status":"open","ping_status":"closed","template":"","meta":[],"product_brand":[],"product_cat":[15],"product_tag":[],"class_list":{"0":"post-1177","1":"product","2":"type-product","3":"status-publish","5":"product_cat-unkategorisiert","7":"first","8":"instock","9":"taxable","10":"shipping-taxable","11":"purchasable","12":"product-type-simple"},"jetpack_sharing_enabled":true,"_links":{"self":[{"href":"https:\/\/test.pulchlorenz.de\/index.php?rest_route=\/wp\/v2\/product\/1177","targetHints":{"allow":["GET"]}}],"collection":[{"href":"https:\/\/test.pulchlorenz.de\/index.php?rest_route=\/wp\/v2\/product"}],"about":[{"href":"https:\/\/test.pulchlorenz.de\/index.php?rest_route=\/wp\/v2\/types\/product"}],"replies":[{"embeddable":true,"href":"https:\/\/test.pulchlorenz.de\/index.php?rest_route=%2Fwp%2Fv2%2Fcomments&post=1177"}],"wp:attachment":[{"href":"https:\/\/test.pulchlorenz.de\/index.php?rest_route=%2Fwp%2Fv2%2Fmedia&parent=1177"}],"wp:term":[{"taxonomy":"product_brand","embeddable":true,"href":"https:\/\/test.pulchlorenz.de\/index.php?rest_route=%2Fwp%2Fv2%2Fproduct_brand&post=1177"},{"taxonomy":"product_cat","embeddable":true,"href":"https:\/\/test.pulchlorenz.de\/index.php?rest_route=%2Fwp%2Fv2%2Fproduct_cat&post=1177"},{"taxonomy":"product_tag","embeddable":true,"href":"https:\/\/test.pulchlorenz.de\/index.php?rest_route=%2Fwp%2Fv2%2Fproduct_tag&post=1177"}],"curies":[{"name":"wp","href":"https:\/\/api.w.org\/{rel}","templated":true}]}}