{"id":1190,"date":"2023-03-21T16:08:21","date_gmt":"2023-03-21T16:08:21","guid":{"rendered":"https:\/\/test.pulchlorenz.de\/?product=mikstaled-m-tischstativ-mit-16-fach-objekttraeger"},"modified":"2023-03-21T16:08:21","modified_gmt":"2023-03-21T16:08:21","slug":"mikstaled-m-tischstativ-mit-16-fach-objekttraeger","status":"publish","type":"product","link":"https:\/\/test.pulchlorenz.de\/?product=mikstaled-m-tischstativ-mit-16-fach-objekttraeger","title":{"rendered":"MikstaLED M Tischstativ mit 16-fach Objekttr\u00e4ger"},"content":{"rendered":"<p>Mit seiner kompakten Bauform und einer H\u00f6he von lediglich 21mm erm\u00f6glicht das Auflichtstativ MikstaLED einen ergonomischen und flexiblen Einsatz an fast jedem Arbeitsplatz. Die Edelstahls\u00e4ule ist mit 32 mm Durchmesser kompatibel zu g\u00e4ngigen Mikroskopaufnahmen \/ -Trieben.   Die LED-Beleuchtung wird \u00fcber einen Kippschalter ein- und ausgeschaltet, die Helligkeit von Auf- und Durchlicht mit zwei\u00a0Drehreglern eingestellt. Die Stromversorgung erfolgt \u00fcber ein 12VDC Steckernetzteil.   Der Pulch + Lorenz 16-fach Objekttr\u00e4ger erm\u00f6glicht es Ihnen bis zu 16 Proben ansprechend und \u00fcbersichtlich zu pr\u00e4sentieren. Der Objekttr\u00e4ger ist frei drehbar ohne Anschlag, mit 16 Einrastpositionen.\u00a0 Zum Lieferumfang geh\u00f6ren 17 Kunststroff Petrischalen 35x10mm.   In der Kombination mit einem ZEISS Stemi 305 Mikroskop l\u00e4sst sich auch die Kunststoffabdeckung der Proben ohne Demontage des Mikroskopes entfernen, um die Proben auszutauschen.<\/p>\n","protected":false},"excerpt":{"rendered":"<p>Mit seiner kompakten Bauform und einer H\u00f6he von lediglich 21mm erm\u00f6glicht das Auflichtstativ MikstaLED einen ergonomischen und flexiblen Einsatz an fast jedem Arbeitsplatz. Die Edelstahls\u00e4ule ist mit 32 mm Durchmesser kompatibel zu g\u00e4ngigen Mikroskopaufnahmen \/ -Trieben. Die LED-Beleuchtung wird \u00fcber einen Kippschalter ein- und ausgeschaltet, die Helligkeit von Auf- und Durchlicht mit zwei\u00a0Drehreglern eingestellt. Die [&hellip;]<\/p>\n","protected":false},"featured_media":0,"comment_status":"open","ping_status":"closed","template":"","meta":[],"product_brand":[],"product_cat":[15],"product_tag":[],"class_list":{"0":"post-1190","1":"product","2":"type-product","3":"status-publish","5":"product_cat-unkategorisiert","7":"first","8":"instock","9":"taxable","10":"shipping-taxable","11":"purchasable","12":"product-type-simple"},"jetpack_sharing_enabled":true,"_links":{"self":[{"href":"https:\/\/test.pulchlorenz.de\/index.php?rest_route=\/wp\/v2\/product\/1190","targetHints":{"allow":["GET"]}}],"collection":[{"href":"https:\/\/test.pulchlorenz.de\/index.php?rest_route=\/wp\/v2\/product"}],"about":[{"href":"https:\/\/test.pulchlorenz.de\/index.php?rest_route=\/wp\/v2\/types\/product"}],"replies":[{"embeddable":true,"href":"https:\/\/test.pulchlorenz.de\/index.php?rest_route=%2Fwp%2Fv2%2Fcomments&post=1190"}],"wp:attachment":[{"href":"https:\/\/test.pulchlorenz.de\/index.php?rest_route=%2Fwp%2Fv2%2Fmedia&parent=1190"}],"wp:term":[{"taxonomy":"product_brand","embeddable":true,"href":"https:\/\/test.pulchlorenz.de\/index.php?rest_route=%2Fwp%2Fv2%2Fproduct_brand&post=1190"},{"taxonomy":"product_cat","embeddable":true,"href":"https:\/\/test.pulchlorenz.de\/index.php?rest_route=%2Fwp%2Fv2%2Fproduct_cat&post=1190"},{"taxonomy":"product_tag","embeddable":true,"href":"https:\/\/test.pulchlorenz.de\/index.php?rest_route=%2Fwp%2Fv2%2Fproduct_tag&post=1190"}],"curies":[{"name":"wp","href":"https:\/\/api.w.org\/{rel}","templated":true}]}}