{"id":1191,"date":"2023-03-21T16:08:21","date_gmt":"2023-03-21T16:08:21","guid":{"rendered":"https:\/\/test.pulchlorenz.de\/?product=mikroskop-axio-lab-a1-mit-kamera-fuer-materialuntersuchung-hell-dunkelfeld"},"modified":"2023-03-21T16:08:21","modified_gmt":"2023-03-21T16:08:21","slug":"mikroskop-axio-lab-a1-mit-kamera-fuer-materialuntersuchung-hell-dunkelfeld","status":"publish","type":"product","link":"https:\/\/test.pulchlorenz.de\/?product=mikroskop-axio-lab-a1-mit-kamera-fuer-materialuntersuchung-hell-dunkelfeld","title":{"rendered":"Mikroskop Axio Lab A1 mit Kamera f\u00fcr Materialuntersuchung Hell- \/ Dunkelfeld"},"content":{"rendered":"<p>Axio Lab A1 Mikroskop mit Fototubus und Kamera f\u00fcr Materialuntersuchungen mit Auflicht-Hellfeld und Auflicht-Dunkelfeld.  Aussagekr\u00e4ftige Untersuchungsergebnisse z.B. in der Schadensanalyse, Qualit\u00e4tskontrolle und der Materialpr\u00fcfung.   bestehend aus:  \t Mikroskopstativ Axio Lab.A1&#8243; MAT, Lampe 12V 50W Halogen Reflektor,\u00a05x H&#8217;D, Tisch A, \t Reflektormodul Hellfeld ACR P&#038;C f\u00fcr Auflicht, \t Reflektormodul Dunkelfeld ACR P&#038;C f\u00fcr Auflicht, \t Binokularer Fototubus 30\u00b0\/23 &#8211; umgekehrtes Bild, \t Wei\u00dfbalance-Filter d=25&#215;1,5mm, \t 2x Okular PL 10x\/22Br.foc, \t 2x Augenmuschel, \t Objektiv EC &#8222;Epiplan&#8220; 5x\/0,13\u00a0M27, \t Objektiv EC &#8222;Epiplan&#8220; 50x\/0,7\u00a0HD M27, \t Objektiv EC &#8218;&#8220;Epiplan&#8220; 20x\/0,4 HD M27, \t Objektiv EC &#8222;Epiplan&#8220; 10x\/0,2 HD M27, \t Staubschutzh\u00fclle \t Kamera-adapter 60N-C 2\/3&#8243; 0,5x \t  Mikroskopkamera Axiocam 105 color   &#8222;<\/p>\n","protected":false},"excerpt":{"rendered":"<p>Axio Lab A1 Mikroskop mit Fototubus und Kamera f\u00fcr Materialuntersuchungen mit Auflicht-Hellfeld und Auflicht-Dunkelfeld. Aussagekr\u00e4ftige Untersuchungsergebnisse z.B. in der Schadensanalyse, Qualit\u00e4tskontrolle und der Materialpr\u00fcfung. bestehend aus: Mikroskopstativ Axio Lab.A1&#8243; MAT, Lampe 12V 50W Halogen Reflektor,\u00a05x H&#8217;D, Tisch A, Reflektormodul Hellfeld ACR P&#038;C f\u00fcr Auflicht, Reflektormodul Dunkelfeld ACR P&#038;C f\u00fcr Auflicht, Binokularer Fototubus 30\u00b0\/23 &#8211; umgekehrtes [&hellip;]<\/p>\n","protected":false},"featured_media":0,"comment_status":"open","ping_status":"closed","template":"","meta":[],"product_brand":[],"product_cat":[15],"product_tag":[],"class_list":{"0":"post-1191","1":"product","2":"type-product","3":"status-publish","5":"product_cat-unkategorisiert","7":"first","8":"instock","9":"taxable","10":"shipping-taxable","11":"purchasable","12":"product-type-simple"},"jetpack_sharing_enabled":true,"_links":{"self":[{"href":"https:\/\/test.pulchlorenz.de\/index.php?rest_route=\/wp\/v2\/product\/1191","targetHints":{"allow":["GET"]}}],"collection":[{"href":"https:\/\/test.pulchlorenz.de\/index.php?rest_route=\/wp\/v2\/product"}],"about":[{"href":"https:\/\/test.pulchlorenz.de\/index.php?rest_route=\/wp\/v2\/types\/product"}],"replies":[{"embeddable":true,"href":"https:\/\/test.pulchlorenz.de\/index.php?rest_route=%2Fwp%2Fv2%2Fcomments&post=1191"}],"wp:attachment":[{"href":"https:\/\/test.pulchlorenz.de\/index.php?rest_route=%2Fwp%2Fv2%2Fmedia&parent=1191"}],"wp:term":[{"taxonomy":"product_brand","embeddable":true,"href":"https:\/\/test.pulchlorenz.de\/index.php?rest_route=%2Fwp%2Fv2%2Fproduct_brand&post=1191"},{"taxonomy":"product_cat","embeddable":true,"href":"https:\/\/test.pulchlorenz.de\/index.php?rest_route=%2Fwp%2Fv2%2Fproduct_cat&post=1191"},{"taxonomy":"product_tag","embeddable":true,"href":"https:\/\/test.pulchlorenz.de\/index.php?rest_route=%2Fwp%2Fv2%2Fproduct_tag&post=1191"}],"curies":[{"name":"wp","href":"https:\/\/api.w.org\/{rel}","templated":true}]}}