{"id":1193,"date":"2023-03-21T16:08:23","date_gmt":"2023-03-21T16:08:23","guid":{"rendered":"https:\/\/test.pulchlorenz.de\/?product=objektiv-plan-apochromat-20x-08-m27-a055mm-inkl-deckglaeser"},"modified":"2023-03-21T16:08:23","modified_gmt":"2023-03-21T16:08:23","slug":"objektiv-plan-apochromat-20x-08-m27-a055mm-inkl-deckglaeser","status":"publish","type":"product","link":"https:\/\/test.pulchlorenz.de\/?product=objektiv-plan-apochromat-20x-08-m27-a055mm-inkl-deckglaeser","title":{"rendered":"Objektiv Plan-Apochromat 20x\/0,8 M27 (a=0,55mm), inkl. Deckgl\u00e4ser"},"content":{"rendered":"<p>Plan APOCHROMAT Objektive liefern mit bester Farbkorrektur und h\u00f6chsten numerische Aperturen brilliante Bilder im Hellfeld und Fluoreszenzverfahren. Eine hohe Aufl\u00f6sung und exzellente Bildsch\u00e4rfe machen auch feinste Details und Farbnuancen deutlich sichtbar.  Objektiv Plan-Apochromat 20x\/0,8 M27 (a=0,55mm), inkl. Deckgl\u00e4ser, hoch pr\u00e4zise, D=0,17mm, Schachtel mit 100 St\u00fcck  Kompatible Mikroskope:  \t Axio Examiner.D1 \t Axio Examiner.Z1 \t Axio Imager.A1 \t Axio Imager.A2 \t Axio Imager.D1 \t Axio Imager.D1 f\u00fcr Auflicht-Fluoreszenz mit ApoTome&#8220; \t Axio Imager.D2 \t Axio Imager.M1 \t Axio Imager.M2 \t Axio Imager.Z1 \t Axio Imager.Z1 + ApoTome \t Axio Imager.Z2 \t Axio Observer.A1 \t Axio Observer.D1 \t Axio Observer.Z1 \t Axio Observer.Z1 Cell Observer \t Axio Observer.Z1m ACR \t Axio Scan.Z1 \t Axiovert 200 M \t Axiovert 200 M f\u00fcr Auflicht-Fluoreszenz mit &#8222;ApoTome&#8220; \t PALM CombiSystem Rel. 4.2 \t PALM MicroBeam Rel.4.2 \t PALM MicroTweezers Rel.4.2  &#8222;<\/p>\n","protected":false},"excerpt":{"rendered":"<p>Plan APOCHROMAT Objektive liefern mit bester Farbkorrektur und h\u00f6chsten numerische Aperturen brilliante Bilder im Hellfeld und Fluoreszenzverfahren. Eine hohe Aufl\u00f6sung und exzellente Bildsch\u00e4rfe machen auch feinste Details und Farbnuancen deutlich sichtbar. Objektiv Plan-Apochromat 20x\/0,8 M27 (a=0,55mm), inkl. Deckgl\u00e4ser, hoch pr\u00e4zise, D=0,17mm, Schachtel mit 100 St\u00fcck Kompatible Mikroskope: Axio Examiner.D1 Axio Examiner.Z1 Axio Imager.A1 Axio Imager.A2 [&hellip;]<\/p>\n","protected":false},"featured_media":0,"comment_status":"open","ping_status":"closed","template":"","meta":[],"product_brand":[],"product_cat":[15],"product_tag":[],"class_list":{"0":"post-1193","1":"product","2":"type-product","3":"status-publish","5":"product_cat-unkategorisiert","7":"first","8":"instock","9":"taxable","10":"shipping-taxable","11":"purchasable","12":"product-type-simple"},"jetpack_sharing_enabled":true,"_links":{"self":[{"href":"https:\/\/test.pulchlorenz.de\/index.php?rest_route=\/wp\/v2\/product\/1193","targetHints":{"allow":["GET"]}}],"collection":[{"href":"https:\/\/test.pulchlorenz.de\/index.php?rest_route=\/wp\/v2\/product"}],"about":[{"href":"https:\/\/test.pulchlorenz.de\/index.php?rest_route=\/wp\/v2\/types\/product"}],"replies":[{"embeddable":true,"href":"https:\/\/test.pulchlorenz.de\/index.php?rest_route=%2Fwp%2Fv2%2Fcomments&post=1193"}],"wp:attachment":[{"href":"https:\/\/test.pulchlorenz.de\/index.php?rest_route=%2Fwp%2Fv2%2Fmedia&parent=1193"}],"wp:term":[{"taxonomy":"product_brand","embeddable":true,"href":"https:\/\/test.pulchlorenz.de\/index.php?rest_route=%2Fwp%2Fv2%2Fproduct_brand&post=1193"},{"taxonomy":"product_cat","embeddable":true,"href":"https:\/\/test.pulchlorenz.de\/index.php?rest_route=%2Fwp%2Fv2%2Fproduct_cat&post=1193"},{"taxonomy":"product_tag","embeddable":true,"href":"https:\/\/test.pulchlorenz.de\/index.php?rest_route=%2Fwp%2Fv2%2Fproduct_tag&post=1193"}],"curies":[{"name":"wp","href":"https:\/\/api.w.org\/{rel}","templated":true}]}}