{"id":1197,"date":"2023-03-21T16:08:24","date_gmt":"2023-03-21T16:08:24","guid":{"rendered":"https:\/\/test.pulchlorenz.de\/?product=flexi-tischsockel-schwer"},"modified":"2023-03-21T16:08:24","modified_gmt":"2023-03-21T16:08:24","slug":"flexi-tischsockel-schwer","status":"publish","type":"product","link":"https:\/\/test.pulchlorenz.de\/?product=flexi-tischsockel-schwer","title":{"rendered":"Flexi Tischsockel schwer"},"content":{"rendered":"<p>Flexi Stativplatte kombinierbar mit den Flexi Stativsystem S\u00e4ulen und allen weiteren Flexi Stativsystem-elementen.  Die Grundplatte besteht aus 2 verschraubten Elementen.  Die Stativs\u00e4ulen (nicht in diesem Artikel enthalten) k\u00f6nnen mittig oder am Rand des\u00a0Sockels montiert werden.<\/p>\n","protected":false},"excerpt":{"rendered":"<p>Flexi Stativplatte kombinierbar mit den Flexi Stativsystem S\u00e4ulen und allen weiteren Flexi Stativsystem-elementen. Die Grundplatte besteht aus 2 verschraubten Elementen. Die Stativs\u00e4ulen (nicht in diesem Artikel enthalten) k\u00f6nnen mittig oder am Rand des\u00a0Sockels montiert werden.<\/p>\n","protected":false},"featured_media":0,"comment_status":"open","ping_status":"closed","template":"","meta":[],"product_brand":[],"product_cat":[15],"product_tag":[],"class_list":{"0":"post-1197","1":"product","2":"type-product","3":"status-publish","5":"product_cat-unkategorisiert","7":"first","8":"instock","9":"taxable","10":"shipping-taxable","11":"purchasable","12":"product-type-simple"},"jetpack_sharing_enabled":true,"_links":{"self":[{"href":"https:\/\/test.pulchlorenz.de\/index.php?rest_route=\/wp\/v2\/product\/1197","targetHints":{"allow":["GET"]}}],"collection":[{"href":"https:\/\/test.pulchlorenz.de\/index.php?rest_route=\/wp\/v2\/product"}],"about":[{"href":"https:\/\/test.pulchlorenz.de\/index.php?rest_route=\/wp\/v2\/types\/product"}],"replies":[{"embeddable":true,"href":"https:\/\/test.pulchlorenz.de\/index.php?rest_route=%2Fwp%2Fv2%2Fcomments&post=1197"}],"wp:attachment":[{"href":"https:\/\/test.pulchlorenz.de\/index.php?rest_route=%2Fwp%2Fv2%2Fmedia&parent=1197"}],"wp:term":[{"taxonomy":"product_brand","embeddable":true,"href":"https:\/\/test.pulchlorenz.de\/index.php?rest_route=%2Fwp%2Fv2%2Fproduct_brand&post=1197"},{"taxonomy":"product_cat","embeddable":true,"href":"https:\/\/test.pulchlorenz.de\/index.php?rest_route=%2Fwp%2Fv2%2Fproduct_cat&post=1197"},{"taxonomy":"product_tag","embeddable":true,"href":"https:\/\/test.pulchlorenz.de\/index.php?rest_route=%2Fwp%2Fv2%2Fproduct_tag&post=1197"}],"curies":[{"name":"wp","href":"https:\/\/api.w.org\/{rel}","templated":true}]}}