{"id":1198,"date":"2023-03-21T16:08:24","date_gmt":"2023-03-21T16:08:24","guid":{"rendered":"https:\/\/test.pulchlorenz.de\/?product=stereomikroskop-stemi-508-doc-mit-flexi-tischstativ-senkrechtbeleuchtung-und-kamera"},"modified":"2023-03-21T16:08:24","modified_gmt":"2023-03-21T16:08:24","slug":"stereomikroskop-stemi-508-doc-mit-flexi-tischstativ-senkrechtbeleuchtung-und-kamera","status":"publish","type":"product","link":"https:\/\/test.pulchlorenz.de\/?product=stereomikroskop-stemi-508-doc-mit-flexi-tischstativ-senkrechtbeleuchtung-und-kamera","title":{"rendered":"Stereomikroskop Stemi 508 doc mit Flexi Tischstativ, Senkrechtbeleuchtung und Kamera"},"content":{"rendered":"<p>Stemi 508 ist das apochromatische\u00a0Greenough-Stereomikroskop f\u00fcr maximalen Bildkontrast und Farbgenauigkeit in allen Einsatzgebieten. Der 8:1 Zoom erm\u00f6glicht ohne Vorsatzsystem Vergr\u00f6\u00dferungen von 6,3-fach bis 50-fach (mit Vorsatzsystemen 1,9-fach bis 100-fach).  Stemi 508 doc,mit Flexi- Tischstativ mit Federgelenkarm und Kamera. Bestehend aus:    Mikroskopk\u00f6rper   Stemi 508 doc   \t Apochromatisches Greenough-System mit Stereowinkel 11\u00b0 \t Kamera-Ausgang mit Schnittstelle 60N mit Umschaltung 100vis\/100doc \t Manueller, beidseitig bedienbarer Zoom 8:1 (0,63x&#8230;5,0x) \t Schaltbare Zoom-Rastpositionen 0,63x-0,8x-1x-1,25x-1,6x-2x-2,5x-3,2x-4x-4,5x-5x \t Freier Arbeitsabstand 92 mm (ohne Staubschutzglas) \t Einblickwinkel 35\u00b0 mit einstellbarer Augenabstand 55&#8230;75 mm \t Okularaufnahme 30 mm mit maximale Sehfeldzahl 23 mm \t Aufnahme D=76 mm f\u00fcr Stemi-Tr\u00e4ger\/Tr\u00e4ger S \t Schnittstelle D=53 mm f\u00fcr Leuchten \t Gewinde M49\/50 f\u00fcr Vorsatzoptik oder Polarisator \t 2x Okular 10x\/23 Br. foc. \t Staubschutzglas M50 mit M49x0,75 \t Kamera-Adapter 60N C-Mount 2\/3 Zoll\u00a00,5x         \t \t\t \t\t\t Stemi 508 \t\t\t Okulare PL 10x 23 Br. foc. \t\t\t Okulare PL 16x 14 Br. foc. \t\t\t 25x &#8211;>\t\t \t\t \t\t\t Frontoptik \t\t\t Arbeitsabstand \t\t\t(FWD) in mm \t\t\t Vergr\u00f6\u00dferung \t\t\t Objektfeld \t\t\tin mm \t\t\t Vergr\u00f6\u00dferung \t\t\t Objektfeld \t\t\tin mm \t\t\t Vergr\u00f6\u00dferung \t\t Objektfeld in mm \t\t&#8211;>\t\t \t\t \t\t\t 0,3x \t\t\t 287 \t\t\t 1,9x bis 15x \t\t\t 122,7 bis 15,3 \t\t\t 3,0x bis 24,0x \t\t\t 85,3 bis 10,7 \t\t\t 4,7x bis 37,5x \t\t 53,3 bis 6,7 &#8211;>\t\t \t\t \t\t\t 0,4x \t\t\t 211 \t\t\t 2,5x bis 20x \t\t\t 92,0 bis 11,5 \t\t\t 4,0x bis 32x \t\t\t 64,0 bis 8,0 \t\t\t 6,3x bis 50x \t\t 40,0 bis 5,0 &#8211;>\t\t \t\t \t\t\t 0,3-0,5x \t\t\t 230-90 \t\t\t 1,9x bis 25x \t\t\t 122,7 bis 9,2 \t\t\t 3,0x bis 40x \t\t\t 85,3 bis 6,4 \t\t\t 4,7x bis 62,5x \t\t 53,3 bis 4,0 &#8211;>\t\t \t\t \t\t\t 0,63x \t\t\t 127 \t\t\t 3,9x bis 31,5x \t\t\t 58,4 bis 7,3 \t\t\t 6,3x bis 50x \t\t\t 40,6 bis 5,1 \t\t\t 9,8x bis 78,8x \t\t 25,4 bis 3,2 &#8211;>\t\t \t\t \t\t\t ohne (1x) \t\t\t 92 \t\t\t 6,3x bis 50,0x \t\t\t 36,8 bis 4,6 \t\t\t 10,0x bis 80,0x \t\t\t 25,6 bis 3,2 \t\t\t 23,4x bis 187,5x \t\t 10,7 bis 1,3 &#8211;>\t\t \t\t \t\t\t 1,5x \t\t\t 53 \t\t\t 9,4x bis 75,0x \t\t\t 24,5 bis 3,1 \t\t\t 15,0x bis 120,0x \t\t\t 17,1 bis 2,1 \t\t\t 31,3x bis 250x \t\t 8,0 bis 1,0 &#8211;>\t\t \t\t \t\t\t 2,0x \t\t\t 35 \t\t\t 12,5x bis 100,0x \t\t\t 18,4 bis 2,3 \t\t\t 20,0x bis 160x \t\t\t 12,8 bis 1,6 \t\t\t 31,3x bis 250x \t\t 8,0 bis 1,0 &#8211;>\t\t \t      Haltering A53 auf d=66 mm     \u00a0   Pulch + Lorenz Flexi Tischstativ mit Federgelenkarm   Unsere Flexi-Mikroskopstative vereinen h\u00f6chsten Anspruch an Stabilit\u00e4t und Flexibilit\u00e4t mit ergonomischem Arbeiten:  \t einstellbar auf das Gewicht des\u00a0Mikroskopes \t einfache Demontage, leichter Transport \t Das Stativ wird direkt auf den Tisch montiert (verschraubt), eine  Tischklemme  ist optional erh\u00e4tlich. \t sichere H\u00f6henarretierung in jeder Lage \t optionale\u00a0Bildschirmhalterung erh\u00e4ltlich     Stellen Sie sich Ihr individuelles Mikroskopstativ mit unserem Stativkonfigurator selbst zusammen.            Zeiss Mikroskopkamera Axiocam 105 color inkl. Software und Objektmikrometer zur Kalibrierung (0,01mm)   \t inkl. Treiber-Software 64-Bit, USB 3.0 Verbindungskabel 3,0 m  \t inkl.\u00a0Zeiss ZEN light\/Blue, ZEN starter\/core \t Sensor: CMOS Color Sensor  \t Anzahl der Pixel: 2592 (H) x 1944 (V) = 5 Mega Pixel \t Pixelgr\u00f6\u00dfe: 2,2 \u00b5m x 2,2 \u00b5m \t Chipgr\u00f6\u00dfe: 5,70 mm x 4,28 mm, entspricht 1\/2.24 (Diagonale 7,13 mm) \t Live Bildwiederholraten (abh\u00e4ngig von Hardware- und Softwarekonfiguration): HxV Bildrate@1ms\t \t\t 2592 x 1944 30fps \t \t \t Bildwiederholraten bei Zeitreihenaufnahmen (abh\u00e4ngig von Hardware- und Softwarekonfiguration): HxV Bildrate@1ms\t \t\t 2592 x 1944 17fps  \t \t \t Auslesen von Sensorteilbereichen (&#8222;ROI&#8220;): Frei definierbar (kleinste ROI: H x V: 864 x 1) \t Digitalisierung: 3 x 8 Bit \/ Pixel  \t Integrationszeit: 100 \u00b5s bis 2 s \t Interface (Kamera): USB 3.0 Micro-B \t Interface (PC \/ Karte): USB 3.0 Standard A  \t Spektralbereich: ca. 400 bis 650 nm, IR-Filter \t Auslesemodus: progressiv \t Optische Schnittstelle: C-Mount (Adapter 0,5x empfohlen) \t Gr\u00f6\u00dfe \/ Gewicht: ca. 2,9 cm x 2,9 cm x 1,7 cm \/ ca. 650 g \t Geh\u00e4use: Zinklegierung, Zink Z410 \t Zulassungen: CE, FCC Class B, RoHS \t Stromversorgung: \u00fcber USB 3.0 Schnittstelle, 0,5W-1W (5 V, max. 400 mA) \t Umgebungsbedingungen: 0\u00b0 &#8230; +50\u00b0 Celsius, max.80% relative Luftfeuchtigkeit, nicht kondensierend, freie Luftzirkulation erforderlich \t Unterst\u00fctzte Betriebssysteme: f\u00fcr ZEN: Windows 10 x64  \t Unterst\u00fctzte Anwendungssoftware: ZEN 3.5 (Hotfix 5, blue edition) oder sp\u00e4ter, ZEN core v3.4 (Hotfix 4) oder sp\u00e4ter     Bio-Med. Anwendungen   \t Botanik \t Hobby- und Privatanwendungen \t Kriminaltechnische Untersuchung    Materialanwendungen   \t Hobby- und Privatanwendungen \t Holz- und Papierindustrie \t Kriminaltechnische Untersuchung  &#8222;<\/p>\n","protected":false},"excerpt":{"rendered":"<p>Stemi 508 ist das apochromatische\u00a0Greenough-Stereomikroskop f\u00fcr maximalen Bildkontrast und Farbgenauigkeit in allen Einsatzgebieten. Der 8:1 Zoom erm\u00f6glicht ohne Vorsatzsystem Vergr\u00f6\u00dferungen von 6,3-fach bis 50-fach (mit Vorsatzsystemen 1,9-fach bis 100-fach). Stemi 508 doc,mit Flexi- Tischstativ mit Federgelenkarm und Kamera. Bestehend aus: Mikroskopk\u00f6rper Stemi 508 doc Apochromatisches Greenough-System mit Stereowinkel 11\u00b0 Kamera-Ausgang mit Schnittstelle 60N mit Umschaltung [&hellip;]<\/p>\n","protected":false},"featured_media":0,"comment_status":"open","ping_status":"closed","template":"","meta":[],"product_brand":[],"product_cat":[15],"product_tag":[],"class_list":{"0":"post-1198","1":"product","2":"type-product","3":"status-publish","5":"product_cat-unkategorisiert","7":"first","8":"instock","9":"taxable","10":"shipping-taxable","11":"purchasable","12":"product-type-simple"},"jetpack_sharing_enabled":true,"_links":{"self":[{"href":"https:\/\/test.pulchlorenz.de\/index.php?rest_route=\/wp\/v2\/product\/1198","targetHints":{"allow":["GET"]}}],"collection":[{"href":"https:\/\/test.pulchlorenz.de\/index.php?rest_route=\/wp\/v2\/product"}],"about":[{"href":"https:\/\/test.pulchlorenz.de\/index.php?rest_route=\/wp\/v2\/types\/product"}],"replies":[{"embeddable":true,"href":"https:\/\/test.pulchlorenz.de\/index.php?rest_route=%2Fwp%2Fv2%2Fcomments&post=1198"}],"wp:attachment":[{"href":"https:\/\/test.pulchlorenz.de\/index.php?rest_route=%2Fwp%2Fv2%2Fmedia&parent=1198"}],"wp:term":[{"taxonomy":"product_brand","embeddable":true,"href":"https:\/\/test.pulchlorenz.de\/index.php?rest_route=%2Fwp%2Fv2%2Fproduct_brand&post=1198"},{"taxonomy":"product_cat","embeddable":true,"href":"https:\/\/test.pulchlorenz.de\/index.php?rest_route=%2Fwp%2Fv2%2Fproduct_cat&post=1198"},{"taxonomy":"product_tag","embeddable":true,"href":"https:\/\/test.pulchlorenz.de\/index.php?rest_route=%2Fwp%2Fv2%2Fproduct_tag&post=1198"}],"curies":[{"name":"wp","href":"https:\/\/api.w.org\/{rel}","templated":true}]}}