{"id":1205,"date":"2023-03-21T16:08:25","date_gmt":"2023-03-21T16:08:25","guid":{"rendered":"https:\/\/test.pulchlorenz.de\/?product=kaltlichtquelle-schott-kl-1600-mit-2-armigem-schwanenhalslichtleiter-und-fokussiervorsatz"},"modified":"2023-03-21T16:08:25","modified_gmt":"2023-03-21T16:08:25","slug":"kaltlichtquelle-schott-kl-1600-mit-2-armigem-schwanenhalslichtleiter-und-fokussiervorsatz","status":"publish","type":"product","link":"https:\/\/test.pulchlorenz.de\/?product=kaltlichtquelle-schott-kl-1600-mit-2-armigem-schwanenhalslichtleiter-und-fokussiervorsatz","title":{"rendered":"Kaltlichtquelle Schott KL 1600 mit 2-armigem Schwanenhalslichtleiter und Fokussiervorsatz"},"content":{"rendered":"<p>Beleuchtungsset KL 1600 LED gebrauchsfertig mit\u00a0Lichtquelle, 2-armigem Schwanenhalslichtleiter, Fokussiervors\u00e4tzen und Netzkabel.     Kaltlichtquelle Schott KL 1600 LED   \t stufenlos elektronisch regulierbare Lichtintensit\u00e4t \t Keine Ver\u00e4nderung der Farbtemperatur beim dimmen \t Dioden: Osram Ostar Compact \t Farbtemperatur: ~5600K \t inkl. Netzkabel.    2-armiger Schott Schwanenhals-Lichtleiter  \t 600mm L\u00e4nge \t 9mm aktiver Lichtleiterdurchmesser<\/p>\n","protected":false},"excerpt":{"rendered":"<p>Beleuchtungsset KL 1600 LED gebrauchsfertig mit\u00a0Lichtquelle, 2-armigem Schwanenhalslichtleiter, Fokussiervors\u00e4tzen und Netzkabel. Kaltlichtquelle Schott KL 1600 LED stufenlos elektronisch regulierbare Lichtintensit\u00e4t Keine Ver\u00e4nderung der Farbtemperatur beim dimmen Dioden: Osram Ostar Compact Farbtemperatur: ~5600K inkl. Netzkabel. 2-armiger Schott Schwanenhals-Lichtleiter 600mm L\u00e4nge 9mm aktiver Lichtleiterdurchmesser<\/p>\n","protected":false},"featured_media":0,"comment_status":"open","ping_status":"closed","template":"","meta":[],"product_brand":[],"product_cat":[15],"product_tag":[],"class_list":{"0":"post-1205","1":"product","2":"type-product","3":"status-publish","5":"product_cat-unkategorisiert","7":"first","8":"instock","9":"taxable","10":"shipping-taxable","11":"purchasable","12":"product-type-simple"},"jetpack_sharing_enabled":true,"_links":{"self":[{"href":"https:\/\/test.pulchlorenz.de\/index.php?rest_route=\/wp\/v2\/product\/1205","targetHints":{"allow":["GET"]}}],"collection":[{"href":"https:\/\/test.pulchlorenz.de\/index.php?rest_route=\/wp\/v2\/product"}],"about":[{"href":"https:\/\/test.pulchlorenz.de\/index.php?rest_route=\/wp\/v2\/types\/product"}],"replies":[{"embeddable":true,"href":"https:\/\/test.pulchlorenz.de\/index.php?rest_route=%2Fwp%2Fv2%2Fcomments&post=1205"}],"wp:attachment":[{"href":"https:\/\/test.pulchlorenz.de\/index.php?rest_route=%2Fwp%2Fv2%2Fmedia&parent=1205"}],"wp:term":[{"taxonomy":"product_brand","embeddable":true,"href":"https:\/\/test.pulchlorenz.de\/index.php?rest_route=%2Fwp%2Fv2%2Fproduct_brand&post=1205"},{"taxonomy":"product_cat","embeddable":true,"href":"https:\/\/test.pulchlorenz.de\/index.php?rest_route=%2Fwp%2Fv2%2Fproduct_cat&post=1205"},{"taxonomy":"product_tag","embeddable":true,"href":"https:\/\/test.pulchlorenz.de\/index.php?rest_route=%2Fwp%2Fv2%2Fproduct_tag&post=1205"}],"curies":[{"name":"wp","href":"https:\/\/api.w.org\/{rel}","templated":true}]}}