{"id":1217,"date":"2023-03-21T16:08:27","date_gmt":"2023-03-21T16:08:27","guid":{"rendered":"https:\/\/test.pulchlorenz.de\/?product=pl-capture-kostenlos"},"modified":"2023-03-21T16:08:27","modified_gmt":"2023-03-21T16:08:27","slug":"pl-capture-kostenlos","status":"publish","type":"product","link":"https:\/\/test.pulchlorenz.de\/?product=pl-capture-kostenlos","title":{"rendered":"PL Capture &#8211; kostenlos"},"content":{"rendered":"<p>Die Mikroskopsoftware PL Capture ist im Ausstattungsumfang unserer PL Dokucam enthalten.  Mit dieser Anwendung steuern Sie die Kameraeinstellungen und Speichern Bilder genauso einfach wie Videos zu Dokumentationszwecken. Zeitrafferaufnahmen\/Zeitreihen\u00a0mit einem Intervall von bis zu 60 Minuten zwischen den Bildern sind auch m\u00f6glich.  Besonders geeignet f\u00fcr Pr\u00e4sentationen oder um das Mikroskop-Livebild Mitbeobachtern zug\u00e4nglich zu machen ist der Live-Vollbildmodus. Dar\u00fcber hinaus erm\u00f6glicht die Anwendung das schnelle Speichern von Serienaufnahmen mittels Tastendruck.<\/p>\n","protected":false},"excerpt":{"rendered":"<p>Die Mikroskopsoftware PL Capture ist im Ausstattungsumfang unserer PL Dokucam enthalten. Mit dieser Anwendung steuern Sie die Kameraeinstellungen und Speichern Bilder genauso einfach wie Videos zu Dokumentationszwecken. Zeitrafferaufnahmen\/Zeitreihen\u00a0mit einem Intervall von bis zu 60 Minuten zwischen den Bildern sind auch m\u00f6glich. Besonders geeignet f\u00fcr Pr\u00e4sentationen oder um das Mikroskop-Livebild Mitbeobachtern zug\u00e4nglich zu machen ist der [&hellip;]<\/p>\n","protected":false},"featured_media":0,"comment_status":"open","ping_status":"closed","template":"","meta":[],"product_brand":[],"product_cat":[15],"product_tag":[],"class_list":{"0":"post-1217","1":"product","2":"type-product","3":"status-publish","5":"product_cat-unkategorisiert","7":"first","8":"instock","9":"taxable","10":"shipping-taxable","11":"purchasable","12":"product-type-simple"},"jetpack_sharing_enabled":true,"_links":{"self":[{"href":"https:\/\/test.pulchlorenz.de\/index.php?rest_route=\/wp\/v2\/product\/1217","targetHints":{"allow":["GET"]}}],"collection":[{"href":"https:\/\/test.pulchlorenz.de\/index.php?rest_route=\/wp\/v2\/product"}],"about":[{"href":"https:\/\/test.pulchlorenz.de\/index.php?rest_route=\/wp\/v2\/types\/product"}],"replies":[{"embeddable":true,"href":"https:\/\/test.pulchlorenz.de\/index.php?rest_route=%2Fwp%2Fv2%2Fcomments&post=1217"}],"wp:attachment":[{"href":"https:\/\/test.pulchlorenz.de\/index.php?rest_route=%2Fwp%2Fv2%2Fmedia&parent=1217"}],"wp:term":[{"taxonomy":"product_brand","embeddable":true,"href":"https:\/\/test.pulchlorenz.de\/index.php?rest_route=%2Fwp%2Fv2%2Fproduct_brand&post=1217"},{"taxonomy":"product_cat","embeddable":true,"href":"https:\/\/test.pulchlorenz.de\/index.php?rest_route=%2Fwp%2Fv2%2Fproduct_cat&post=1217"},{"taxonomy":"product_tag","embeddable":true,"href":"https:\/\/test.pulchlorenz.de\/index.php?rest_route=%2Fwp%2Fv2%2Fproduct_tag&post=1217"}],"curies":[{"name":"wp","href":"https:\/\/api.w.org\/{rel}","templated":true}]}}