{"id":1218,"date":"2023-03-21T16:08:27","date_gmt":"2023-03-21T16:08:27","guid":{"rendered":"https:\/\/test.pulchlorenz.de\/?product=fernsteuerbares-auf-und-durchlichtstativ-mikstausbpro-senkrechtbeleuchtung"},"modified":"2023-03-21T16:08:27","modified_gmt":"2023-03-21T16:08:27","slug":"fernsteuerbares-auf-und-durchlichtstativ-mikstausbpro-senkrechtbeleuchtung","status":"publish","type":"product","link":"https:\/\/test.pulchlorenz.de\/?product=fernsteuerbares-auf-und-durchlichtstativ-mikstausbpro-senkrechtbeleuchtung","title":{"rendered":"Fernsteuerbares Auf- und Durchlichtstativ MikstaUSBpro + Senkrechtbeleuchtung"},"content":{"rendered":"<p>Ergonomisches Tischstativ in kompakter Bauform, der Stativtisch hat eine H\u00f6he von gerade einmal 21mm.  Die 32mm-S\u00e4ule ist 300mm lang, zum Lieferumgang geh\u00f6rt auch ein Trieb f\u00fcr Stereomikroskope (76mm Aufnahme).  Zur integrierten Beleuchtung geh\u00f6ren zwei Hochleistungs-LED-Spots an 40cm langen Schwanenhalstragarmen.\u00a0Die Leuchtkraft eines LED-Spots ist vergleichbar mit einer KL1600LED. Ebenso enthalten ist die LED-Durchlichtbeleuchtung unter einer Opalglasplatte.  \u00dcber den integrierten USB-Anschluss und mit Hilfe der mitgelieferten Windows-Software werden die eingestellten Helligkeitswerte jederzeit live an die Software \u00fcbertragen, umgekehrt l\u00e4sst sich das Stativ auch komplett per Software fernsteuern.  Au\u00dferdem gibt es die M\u00f6glichkeit eine P+L Senkrechtbeleuchtung oder ein Schott VisiLED-Ringlicht an das Stativ anzuschlie\u00dfen und \u00fcber die Drehregler am Stativ bzw. \u00fcber die Windows-Software zu steuern.   \t Speichert und l\u00e4dt Einstellungen beim Aus- und Einschalten automatisch \t Einstellungs\u00e4nderungen am Stativ werden auch in der Software dargestellt \t Aktuellen Einstellungen des Stativs in der Software speichern \t gespeicherte Einstellungen in der Software laden \t Ausl\u00f6sen einer Mikroskopkamera per Knopfdruck vom Stativ aus \t Erstellung von Reihenaufnahmen mit unterschiedlichen reproduzierbaren Beleuchtungseinstellungen    Lieferumfang:  \t MikstaUSBpro Stativ inkl Trieb \t Stemi Spot Senkrechtbeleuchtung \t Netzteil \t USB-Kabel 3m \t Windows-Software<\/p>\n","protected":false},"excerpt":{"rendered":"<p>Ergonomisches Tischstativ in kompakter Bauform, der Stativtisch hat eine H\u00f6he von gerade einmal 21mm. Die 32mm-S\u00e4ule ist 300mm lang, zum Lieferumgang geh\u00f6rt auch ein Trieb f\u00fcr Stereomikroskope (76mm Aufnahme). Zur integrierten Beleuchtung geh\u00f6ren zwei Hochleistungs-LED-Spots an 40cm langen Schwanenhalstragarmen.\u00a0Die Leuchtkraft eines LED-Spots ist vergleichbar mit einer KL1600LED. Ebenso enthalten ist die LED-Durchlichtbeleuchtung unter einer Opalglasplatte. [&hellip;]<\/p>\n","protected":false},"featured_media":0,"comment_status":"open","ping_status":"closed","template":"","meta":[],"product_brand":[],"product_cat":[15],"product_tag":[],"class_list":{"0":"post-1218","1":"product","2":"type-product","3":"status-publish","5":"product_cat-unkategorisiert","7":"first","8":"instock","9":"taxable","10":"shipping-taxable","11":"purchasable","12":"product-type-simple"},"jetpack_sharing_enabled":true,"_links":{"self":[{"href":"https:\/\/test.pulchlorenz.de\/index.php?rest_route=\/wp\/v2\/product\/1218","targetHints":{"allow":["GET"]}}],"collection":[{"href":"https:\/\/test.pulchlorenz.de\/index.php?rest_route=\/wp\/v2\/product"}],"about":[{"href":"https:\/\/test.pulchlorenz.de\/index.php?rest_route=\/wp\/v2\/types\/product"}],"replies":[{"embeddable":true,"href":"https:\/\/test.pulchlorenz.de\/index.php?rest_route=%2Fwp%2Fv2%2Fcomments&post=1218"}],"wp:attachment":[{"href":"https:\/\/test.pulchlorenz.de\/index.php?rest_route=%2Fwp%2Fv2%2Fmedia&parent=1218"}],"wp:term":[{"taxonomy":"product_brand","embeddable":true,"href":"https:\/\/test.pulchlorenz.de\/index.php?rest_route=%2Fwp%2Fv2%2Fproduct_brand&post=1218"},{"taxonomy":"product_cat","embeddable":true,"href":"https:\/\/test.pulchlorenz.de\/index.php?rest_route=%2Fwp%2Fv2%2Fproduct_cat&post=1218"},{"taxonomy":"product_tag","embeddable":true,"href":"https:\/\/test.pulchlorenz.de\/index.php?rest_route=%2Fwp%2Fv2%2Fproduct_tag&post=1218"}],"curies":[{"name":"wp","href":"https:\/\/api.w.org\/{rel}","templated":true}]}}