{"id":122,"date":"2023-03-21T16:05:14","date_gmt":"2023-03-21T16:05:14","guid":{"rendered":"https:\/\/test.pulchlorenz.de\/?product=visiled-slim-ringlight"},"modified":"2023-03-21T16:05:14","modified_gmt":"2023-03-21T16:05:14","slug":"visiled-slim-ringlight","status":"publish","type":"product","link":"https:\/\/test.pulchlorenz.de\/?product=visiled-slim-ringlight","title":{"rendered":"VisiLED Slim Ringlight"},"content":{"rendered":"<p>VisiLED-Ringlicht, kompatibel zu allen  VisiLED-Controllern .  \t Schlankes und Platz sparendes LED-Ringlicht \t Optimal f\u00fcr uneingeschr\u00e4nkte Objektpr\u00e4paration oder die Verwendung mit\u00a0Objektiv-Revolvern \t Homogene senkrechte\u00a0oder schr\u00e4ge Beleuchtung \t Verschiedene Arbeitsabst\u00e4nde m\u00f6glich durch Austausch entsprechender Fokusieroptiken (Optik f\u00fcr 40-90 mm und 20-40 mm sind im Lieferumfang enthalten, weitere Optiken f\u00fcr die\u00a0Arbeitsabst\u00e4nde 5-20mm, 30-50mm, 50-80mm und 80-110mm erh\u00e4ltlich \t Anwendungen\u00a0f\u00fcr Hellfeld- und Dunkelfeldbeleuchtungen \t Segmente steuerbar in unterschiedlichen Voreinstellungen mit allen VisiLED Controllern \t Max.Beleuchtungsst\u00e4rke 65klx bei 50mm FWD \/ 45klx bei 25mm FWD<\/p>\n","protected":false},"excerpt":{"rendered":"<p>VisiLED-Ringlicht, kompatibel zu allen VisiLED-Controllern . Schlankes und Platz sparendes LED-Ringlicht Optimal f\u00fcr uneingeschr\u00e4nkte Objektpr\u00e4paration oder die Verwendung mit\u00a0Objektiv-Revolvern Homogene senkrechte\u00a0oder schr\u00e4ge Beleuchtung Verschiedene Arbeitsabst\u00e4nde m\u00f6glich durch Austausch entsprechender Fokusieroptiken (Optik f\u00fcr 40-90 mm und 20-40 mm sind im Lieferumfang enthalten, weitere Optiken f\u00fcr die\u00a0Arbeitsabst\u00e4nde 5-20mm, 30-50mm, 50-80mm und 80-110mm erh\u00e4ltlich Anwendungen\u00a0f\u00fcr Hellfeld- und Dunkelfeldbeleuchtungen [&hellip;]<\/p>\n","protected":false},"featured_media":0,"comment_status":"open","ping_status":"closed","template":"","meta":[],"product_brand":[],"product_cat":[15],"product_tag":[],"class_list":{"0":"post-122","1":"product","2":"type-product","3":"status-publish","5":"product_cat-unkategorisiert","7":"first","8":"instock","9":"taxable","10":"shipping-taxable","11":"purchasable","12":"product-type-simple"},"jetpack_sharing_enabled":true,"_links":{"self":[{"href":"https:\/\/test.pulchlorenz.de\/index.php?rest_route=\/wp\/v2\/product\/122","targetHints":{"allow":["GET"]}}],"collection":[{"href":"https:\/\/test.pulchlorenz.de\/index.php?rest_route=\/wp\/v2\/product"}],"about":[{"href":"https:\/\/test.pulchlorenz.de\/index.php?rest_route=\/wp\/v2\/types\/product"}],"replies":[{"embeddable":true,"href":"https:\/\/test.pulchlorenz.de\/index.php?rest_route=%2Fwp%2Fv2%2Fcomments&post=122"}],"wp:attachment":[{"href":"https:\/\/test.pulchlorenz.de\/index.php?rest_route=%2Fwp%2Fv2%2Fmedia&parent=122"}],"wp:term":[{"taxonomy":"product_brand","embeddable":true,"href":"https:\/\/test.pulchlorenz.de\/index.php?rest_route=%2Fwp%2Fv2%2Fproduct_brand&post=122"},{"taxonomy":"product_cat","embeddable":true,"href":"https:\/\/test.pulchlorenz.de\/index.php?rest_route=%2Fwp%2Fv2%2Fproduct_cat&post=122"},{"taxonomy":"product_tag","embeddable":true,"href":"https:\/\/test.pulchlorenz.de\/index.php?rest_route=%2Fwp%2Fv2%2Fproduct_tag&post=122"}],"curies":[{"name":"wp","href":"https:\/\/api.w.org\/{rel}","templated":true}]}}