{"id":1220,"date":"2023-03-21T16:08:30","date_gmt":"2023-03-21T16:08:30","guid":{"rendered":"https:\/\/test.pulchlorenz.de\/?product=kopflupe-lc-mit-brillenclip"},"modified":"2023-03-21T16:08:30","modified_gmt":"2023-03-21T16:08:30","slug":"kopflupe-lc-mit-brillenclip","status":"publish","type":"product","link":"https:\/\/test.pulchlorenz.de\/?product=kopflupe-lc-mit-brillenclip","title":{"rendered":"Kopflupe LC mit Brillenclip"},"content":{"rendered":"<p>bestehend aus Support LC, Lupenteil und Kunstoffbox.  Lupenclip mit binokularem Lupenteil zum stereoskopischen Nahsehen, zum Ansetzen an die meisten Korrektionsbrillen. Die Kopflupe LC bietet sich an, wenn schwache Vergr\u00f6\u00dferungen ausreichen. Die H\u00e4nde bleiben frei zum Arbeiten. Gewinkelte Grifffl\u00e4chen erm\u00f6glichen das bequeme Aufsetzen des Clips, ohne dass die Brille dazu abgenommen werden muss. Rutschfeste Kappen an der Klammer vermeiden Kratzer auf den Brillengl\u00e4sern. Die Lupenteile sind in H\u00f6he und Neigung verstellbar. Die Kopflupe LC wird in einer Kunststoffbox geliefert und ist mit 4 dpt oder 6 dpt erh\u00e4ltlich. Die binokularen Lupenteile sind leicht auszuwechseln und lassen sich auch an der Kopflupe L verwenden.<\/p>\n","protected":false},"excerpt":{"rendered":"<p>bestehend aus Support LC, Lupenteil und Kunstoffbox. Lupenclip mit binokularem Lupenteil zum stereoskopischen Nahsehen, zum Ansetzen an die meisten Korrektionsbrillen. Die Kopflupe LC bietet sich an, wenn schwache Vergr\u00f6\u00dferungen ausreichen. Die H\u00e4nde bleiben frei zum Arbeiten. Gewinkelte Grifffl\u00e4chen erm\u00f6glichen das bequeme Aufsetzen des Clips, ohne dass die Brille dazu abgenommen werden muss. Rutschfeste Kappen an [&hellip;]<\/p>\n","protected":false},"featured_media":0,"comment_status":"open","ping_status":"closed","template":"","meta":[],"product_brand":[],"product_cat":[15],"product_tag":[],"class_list":{"0":"post-1220","1":"product","2":"type-product","3":"status-publish","5":"product_cat-unkategorisiert","7":"first","8":"instock","9":"taxable","10":"shipping-taxable","11":"purchasable","12":"product-type-simple"},"jetpack_sharing_enabled":true,"_links":{"self":[{"href":"https:\/\/test.pulchlorenz.de\/index.php?rest_route=\/wp\/v2\/product\/1220","targetHints":{"allow":["GET"]}}],"collection":[{"href":"https:\/\/test.pulchlorenz.de\/index.php?rest_route=\/wp\/v2\/product"}],"about":[{"href":"https:\/\/test.pulchlorenz.de\/index.php?rest_route=\/wp\/v2\/types\/product"}],"replies":[{"embeddable":true,"href":"https:\/\/test.pulchlorenz.de\/index.php?rest_route=%2Fwp%2Fv2%2Fcomments&post=1220"}],"wp:attachment":[{"href":"https:\/\/test.pulchlorenz.de\/index.php?rest_route=%2Fwp%2Fv2%2Fmedia&parent=1220"}],"wp:term":[{"taxonomy":"product_brand","embeddable":true,"href":"https:\/\/test.pulchlorenz.de\/index.php?rest_route=%2Fwp%2Fv2%2Fproduct_brand&post=1220"},{"taxonomy":"product_cat","embeddable":true,"href":"https:\/\/test.pulchlorenz.de\/index.php?rest_route=%2Fwp%2Fv2%2Fproduct_cat&post=1220"},{"taxonomy":"product_tag","embeddable":true,"href":"https:\/\/test.pulchlorenz.de\/index.php?rest_route=%2Fwp%2Fv2%2Fproduct_tag&post=1220"}],"curies":[{"name":"wp","href":"https:\/\/api.w.org\/{rel}","templated":true}]}}