{"id":1224,"date":"2023-03-21T16:08:31","date_gmt":"2023-03-21T16:08:31","guid":{"rendered":"https:\/\/test.pulchlorenz.de\/?product=100-objekttraeger-100-deckglaeser"},"modified":"2023-03-21T16:08:31","modified_gmt":"2023-03-21T16:08:31","slug":"100-objekttraeger-100-deckglaeser","status":"publish","type":"product","link":"https:\/\/test.pulchlorenz.de\/?product=100-objekttraeger-100-deckglaeser","title":{"rendered":"100 Objekttr\u00e4ger + 100 Deckgl\u00e4ser"},"content":{"rendered":"<p>Objekttr\u00e4ger, Kanten geschnitten 90\u00b0, deutsches Fabrikat  Deckgl\u00e4ser, 22&#215;22 mm<\/p>\n","protected":false},"excerpt":{"rendered":"<p>Objekttr\u00e4ger, Kanten geschnitten 90\u00b0, deutsches Fabrikat Deckgl\u00e4ser, 22&#215;22 mm<\/p>\n","protected":false},"featured_media":0,"comment_status":"open","ping_status":"closed","template":"","meta":[],"product_brand":[],"product_cat":[15],"product_tag":[],"class_list":{"0":"post-1224","1":"product","2":"type-product","3":"status-publish","5":"product_cat-unkategorisiert","7":"first","8":"instock","9":"taxable","10":"shipping-taxable","11":"purchasable","12":"product-type-simple"},"jetpack_sharing_enabled":true,"_links":{"self":[{"href":"https:\/\/test.pulchlorenz.de\/index.php?rest_route=\/wp\/v2\/product\/1224","targetHints":{"allow":["GET"]}}],"collection":[{"href":"https:\/\/test.pulchlorenz.de\/index.php?rest_route=\/wp\/v2\/product"}],"about":[{"href":"https:\/\/test.pulchlorenz.de\/index.php?rest_route=\/wp\/v2\/types\/product"}],"replies":[{"embeddable":true,"href":"https:\/\/test.pulchlorenz.de\/index.php?rest_route=%2Fwp%2Fv2%2Fcomments&post=1224"}],"wp:attachment":[{"href":"https:\/\/test.pulchlorenz.de\/index.php?rest_route=%2Fwp%2Fv2%2Fmedia&parent=1224"}],"wp:term":[{"taxonomy":"product_brand","embeddable":true,"href":"https:\/\/test.pulchlorenz.de\/index.php?rest_route=%2Fwp%2Fv2%2Fproduct_brand&post=1224"},{"taxonomy":"product_cat","embeddable":true,"href":"https:\/\/test.pulchlorenz.de\/index.php?rest_route=%2Fwp%2Fv2%2Fproduct_cat&post=1224"},{"taxonomy":"product_tag","embeddable":true,"href":"https:\/\/test.pulchlorenz.de\/index.php?rest_route=%2Fwp%2Fv2%2Fproduct_tag&post=1224"}],"curies":[{"name":"wp","href":"https:\/\/api.w.org\/{rel}","templated":true}]}}