{"id":1238,"date":"2023-03-21T16:08:33","date_gmt":"2023-03-21T16:08:33","guid":{"rendered":"https:\/\/test.pulchlorenz.de\/?product=flexi-tischstativ-doppelausleger"},"modified":"2023-03-21T16:08:33","modified_gmt":"2023-03-21T16:08:33","slug":"flexi-tischstativ-doppelausleger","status":"publish","type":"product","link":"https:\/\/test.pulchlorenz.de\/?product=flexi-tischstativ-doppelausleger","title":{"rendered":"Flexi Tischstativ Doppelausleger"},"content":{"rendered":"<p>Unser Flexi-Doppelausleger-Tischstatv vereint h\u00f6chsten Anspruch an Stabilit\u00e4t und Flexibilit\u00e4t mit ergonomischem Arbeiten, besonders geeignet um z.B. Gem\u00e4lde bei h\u00f6chstm\u00f6glicher Vergr\u00f6\u00dferung zu untersuchen bzw. zu restaurieren.  Doppelausleger-Tischstatv mit Montagesatz a1  \t einfache Demontage, leichter Transport \t Das Stativ wird direkt auf den Tisch montiert (verschraubt), eine  Tischklemme  ist optional erh\u00e4tlich.   bestehend aus:  \t Doppelausleger-Tischstatv \t Montagesatz A1<\/p>\n","protected":false},"excerpt":{"rendered":"<p>Unser Flexi-Doppelausleger-Tischstatv vereint h\u00f6chsten Anspruch an Stabilit\u00e4t und Flexibilit\u00e4t mit ergonomischem Arbeiten, besonders geeignet um z.B. Gem\u00e4lde bei h\u00f6chstm\u00f6glicher Vergr\u00f6\u00dferung zu untersuchen bzw. zu restaurieren. Doppelausleger-Tischstatv mit Montagesatz a1 einfache Demontage, leichter Transport Das Stativ wird direkt auf den Tisch montiert (verschraubt), eine Tischklemme ist optional erh\u00e4tlich. bestehend aus: Doppelausleger-Tischstatv Montagesatz A1<\/p>\n","protected":false},"featured_media":0,"comment_status":"open","ping_status":"closed","template":"","meta":[],"product_brand":[],"product_cat":[15],"product_tag":[],"class_list":{"0":"post-1238","1":"product","2":"type-product","3":"status-publish","5":"product_cat-unkategorisiert","7":"first","8":"instock","9":"taxable","10":"shipping-taxable","11":"purchasable","12":"product-type-simple"},"jetpack_sharing_enabled":true,"_links":{"self":[{"href":"https:\/\/test.pulchlorenz.de\/index.php?rest_route=\/wp\/v2\/product\/1238","targetHints":{"allow":["GET"]}}],"collection":[{"href":"https:\/\/test.pulchlorenz.de\/index.php?rest_route=\/wp\/v2\/product"}],"about":[{"href":"https:\/\/test.pulchlorenz.de\/index.php?rest_route=\/wp\/v2\/types\/product"}],"replies":[{"embeddable":true,"href":"https:\/\/test.pulchlorenz.de\/index.php?rest_route=%2Fwp%2Fv2%2Fcomments&post=1238"}],"wp:attachment":[{"href":"https:\/\/test.pulchlorenz.de\/index.php?rest_route=%2Fwp%2Fv2%2Fmedia&parent=1238"}],"wp:term":[{"taxonomy":"product_brand","embeddable":true,"href":"https:\/\/test.pulchlorenz.de\/index.php?rest_route=%2Fwp%2Fv2%2Fproduct_brand&post=1238"},{"taxonomy":"product_cat","embeddable":true,"href":"https:\/\/test.pulchlorenz.de\/index.php?rest_route=%2Fwp%2Fv2%2Fproduct_cat&post=1238"},{"taxonomy":"product_tag","embeddable":true,"href":"https:\/\/test.pulchlorenz.de\/index.php?rest_route=%2Fwp%2Fv2%2Fproduct_tag&post=1238"}],"curies":[{"name":"wp","href":"https:\/\/api.w.org\/{rel}","templated":true}]}}