{"id":1244,"date":"2023-03-21T16:08:34","date_gmt":"2023-03-21T16:08:34","guid":{"rendered":"https:\/\/test.pulchlorenz.de\/?product=stativsaeule-motorisiert-zentriert-490mm-fokusmotor-3"},"modified":"2023-03-21T16:08:34","modified_gmt":"2023-03-21T16:08:34","slug":"stativsaeule-motorisiert-zentriert-490mm-fokusmotor-3","status":"publish","type":"product","link":"https:\/\/test.pulchlorenz.de\/?product=stativsaeule-motorisiert-zentriert-490mm-fokusmotor-3","title":{"rendered":"Stativs\u00e4ule motorisiert, zentriert, 490mm, Fokusmotor 3"},"content":{"rendered":"<p>Motorisierte Stativs\u00e4ule f\u00fcr Zeiss Discovery und Axio Zoom Mikroskope.   Tragf\u00e4higkeit 18kg  Schrittweite des motorischen Fokustriebs: 0,35\u00b5m  Kompatibel zu den Zeiss Stativplatten 300 und 450 (siehe Zubeh\u00f6r)<\/p>\n","protected":false},"excerpt":{"rendered":"<p>Motorisierte Stativs\u00e4ule f\u00fcr Zeiss Discovery und Axio Zoom Mikroskope. Tragf\u00e4higkeit 18kg Schrittweite des motorischen Fokustriebs: 0,35\u00b5m Kompatibel zu den Zeiss Stativplatten 300 und 450 (siehe Zubeh\u00f6r)<\/p>\n","protected":false},"featured_media":0,"comment_status":"open","ping_status":"closed","template":"","meta":[],"product_brand":[],"product_cat":[15],"product_tag":[],"class_list":{"0":"post-1244","1":"product","2":"type-product","3":"status-publish","5":"product_cat-unkategorisiert","7":"first","8":"instock","9":"taxable","10":"shipping-taxable","11":"purchasable","12":"product-type-simple"},"jetpack_sharing_enabled":true,"_links":{"self":[{"href":"https:\/\/test.pulchlorenz.de\/index.php?rest_route=\/wp\/v2\/product\/1244","targetHints":{"allow":["GET"]}}],"collection":[{"href":"https:\/\/test.pulchlorenz.de\/index.php?rest_route=\/wp\/v2\/product"}],"about":[{"href":"https:\/\/test.pulchlorenz.de\/index.php?rest_route=\/wp\/v2\/types\/product"}],"replies":[{"embeddable":true,"href":"https:\/\/test.pulchlorenz.de\/index.php?rest_route=%2Fwp%2Fv2%2Fcomments&post=1244"}],"wp:attachment":[{"href":"https:\/\/test.pulchlorenz.de\/index.php?rest_route=%2Fwp%2Fv2%2Fmedia&parent=1244"}],"wp:term":[{"taxonomy":"product_brand","embeddable":true,"href":"https:\/\/test.pulchlorenz.de\/index.php?rest_route=%2Fwp%2Fv2%2Fproduct_brand&post=1244"},{"taxonomy":"product_cat","embeddable":true,"href":"https:\/\/test.pulchlorenz.de\/index.php?rest_route=%2Fwp%2Fv2%2Fproduct_cat&post=1244"},{"taxonomy":"product_tag","embeddable":true,"href":"https:\/\/test.pulchlorenz.de\/index.php?rest_route=%2Fwp%2Fv2%2Fproduct_tag&post=1244"}],"curies":[{"name":"wp","href":"https:\/\/api.w.org\/{rel}","templated":true}]}}