{"id":1255,"date":"2023-03-21T16:08:36","date_gmt":"2023-03-21T16:08:36","guid":{"rendered":"https:\/\/test.pulchlorenz.de\/?product=stereomikroskop-stemi-305-mat-trino"},"modified":"2023-03-21T16:08:36","modified_gmt":"2023-03-21T16:08:36","slug":"stereomikroskop-stemi-305-mat-trino","status":"publish","type":"product","link":"https:\/\/test.pulchlorenz.de\/?product=stereomikroskop-stemi-305-mat-trino","title":{"rendered":"Stereomikroskop Stemi 305 MAT trino"},"content":{"rendered":"<p>Stemi 305 ist Ihr kompaktes Greenough-Stereomikroskop f\u00fcr den Biologieunterricht, das Labor genauso wie industrielle Produktionsumgebungen.Durch einen 5:1 Zoom sind ohne Vorsatzsystem Vergr\u00f6\u00dferungen von 8-fach bis 40-fach m\u00f6glich (mit Vorsatzsystemen 4-fach bis 80-fach).  Stemi 305 trino mit Kameraausgang mit integriertem 0,5x C-Mount Kameraadapter mit ESD-fh\u00e4iges Stativ und Beleuchtung, betriebsfertig, bestehend aus:   Mikroskopk\u00f6rper Stemi 305 trino  \t mit Kamera-Ausgang (fest Teilung 50:50, vis:doc) mit integriertem C-Mount-Kameraadapter 0,5x \t Greenough-System mit Stereowinkel 11\u00b0 \t Manueller, beidseitig bedienbarer Zoom 5:1 (0,8x&#8230;4,0x) \t Feste Zoom-Rastpositionen 0,8x-1x-2x-3x-4x \t Freier Arbeitsabstand ohne Vorsatzsystem 110mm \t Einblickwinkel 45\u00b0 mit einstellbarem Augenabstand 55 bis 75mm \t Okularaufnahme 30mm mit maximaler Sehfeldzahl 23mm \t Aufnahme D=76mm f\u00fcr Stemi-Tr\u00e4ger\/Tr\u00e4ger S \t Schnittstelle D=66 mm f\u00fcr Leuchten \t Gewinde M52 f\u00fcr Vorsatzoptik oder Polarisator \t Nahezu senkrechte in die Optik integrierte LED-Beleuchtung (IVI) f\u00fcr Stative K EDU\/LAB\/MAT oder Controller K LED \t 2x Okular 10&#215;23 Br. foc. \t Spiralkabel RJ12          \t \t\t \t\t\t Stemi 305 \t\t\t Okulare PL 10x 23 Br. foc. \t\t\t Okulare PL 16x 14 Br. foc. \t\t\t 25x &#8211;>\t\t \t\t \t\t\t Frontoptik \t\t\t Arbeitsabstand \t\t\t(FWD) in mm \t\t\t Vergr\u00f6\u00dferung \t\t\t Objektfeld \t\t\tin mm \t\t\t Vergr\u00f6\u00dferung \t\t\t Objektfeld \t\t\tin mm \t\t\t Vergr\u00f6\u00dferung \t\t Objektfeld in mm \t\t&#8211;>\t\t \t\t \t\t\t 0,5x \t\t\t 185 \t\t\t 4x bis 20x \t\t\t 57,5 bis 11,5 \t\t\t 6,4x bis 32x \t\t\t 35 bis 7 \t\t\t 10x bis 50x \t\t 25,0 bis 5,0 &#8211;>\t\t \t\t \t\t\t 0,75x \t\t\t 128 \t\t\t 6x bis 30x \t\t\t 38,3 bis 7,7 \t\t\t 9,6x bis 48x \t\t\t 23,3 bis 4,7 \t\t\t 15x bis 75x \t\t 16,7 bis 3,3 &#8211;>\t\t \t\t \t\t\t ohne (1x) \t\t\t 110 \t\t\t 8x bis 40x \t\t\t 28,8 bis 5,8 \t\t\t 12,8x bis 64x \t\t\t 17,5 bis 3,5 \t\t\t 20x bis 100x \t\t 12,5 bis 2,5 &#8211;>\t\t \t\t \t\t\t 1,5x \t\t\t 56 \t\t\t 12x bis 60x \t\t\t 19,2 bis 3,8 \t\t\t 19,2x bis 96x \t\t\t 11,7 bis 2,3 \t\t\t 30x bis 150x \t\t 8,3 bis 1,7 &#8211;>\t\t \t\t \t\t\t 2,0x \t\t\t 43 \t\t\t 16x bis 80x \t\t\t 14,4 bis 2,9 \t\t\t 25,6x bis 128x \t\t\t 8,8 bis 1,8 \t\t\t 40x bis 200x \t\t 6,3 bis 1,3 &#8211;>\t\t \t\t \t\t \t     2 x Augenmuschel    Stativ K MAT, ESD-f\u00e4hig  \t Stativbasis B190xT310xH35 mm \t Arbeitsfl\u00e4che B160xT195 mm \t Schnittstellen d=84mm f\u00fcr Tische und d=45mm f\u00fcr DL Polarisator \t S\u00e4ule 250mm mit Trieb und Handgriff, Hubbereich 145mm \t Stemi-Tr\u00e4ger d=76mm, Tragf\u00e4higkeit 5Kg, Friktion einstellbar \t 2x Buchse f\u00fcr IVI und Leuchte K LED \t AL-Bedienelemente f\u00fcr Ein\/Aus\/Dimmen \t ESD-Schutzfunktion: Antistatische Oberfl\u00e4che, Erdungsbuchse \t Einbaunetzteil 12V DC 24W\/100&#8230;240V AC\/50&#8230;60Hz \t S\/W Kunststoffplatte D=84x5mm \t L\u00e4nderspezifisches Netzkabel EURO C7 \t Staubschutzh\u00fclle    Ringleuchte K LED segmentierbar  \t 48 LEDs in 2 Reihen, geneigt \t Arbeitsabstand 50 bis 150mm, Fassung d=66mm \t Separate Bedienelemente f\u00fcr Segmentierung und Rotation \t 4 Modi: Voll-, Halb-, Viertelkreis oder 2 gegen\u00fcberliegende Viertelkreise \t Manuelles Drehen in 90\u00b0 Schritten oder kontinuierlicher Drehung \t F\u00fcr Stative K EDU\/LAB\/MAT oder Controller K LED    Bio-Med. Anwendungen  \t Hobby- und Privatanwendungen \t Kriminaltechnische Untersuchung   Materialanwendungen  \t Automobilindustrie \t Baustoffindustrie \t Dental \t Halbleitertechnik \t Hobby- und Privatanwendungen \t Holz- und Papierindustrie \t Justieraufgaben \t Kriminaltechnische Untersuchung \t Luft- und Raumfahrt \t Maschinenbau \t Mineralogie \t Numismatik \t Qualit\u00e4tskontrolle \t Werkstofftechnik<\/p>\n","protected":false},"excerpt":{"rendered":"<p>Stemi 305 ist Ihr kompaktes Greenough-Stereomikroskop f\u00fcr den Biologieunterricht, das Labor genauso wie industrielle Produktionsumgebungen.Durch einen 5:1 Zoom sind ohne Vorsatzsystem Vergr\u00f6\u00dferungen von 8-fach bis 40-fach m\u00f6glich (mit Vorsatzsystemen 4-fach bis 80-fach). Stemi 305 trino mit Kameraausgang mit integriertem 0,5x C-Mount Kameraadapter mit ESD-fh\u00e4iges Stativ und Beleuchtung, betriebsfertig, bestehend aus: Mikroskopk\u00f6rper Stemi 305 trino mit [&hellip;]<\/p>\n","protected":false},"featured_media":0,"comment_status":"open","ping_status":"closed","template":"","meta":[],"product_brand":[],"product_cat":[15],"product_tag":[],"class_list":{"0":"post-1255","1":"product","2":"type-product","3":"status-publish","5":"product_cat-unkategorisiert","7":"first","8":"instock","9":"taxable","10":"shipping-taxable","11":"purchasable","12":"product-type-simple"},"jetpack_sharing_enabled":true,"_links":{"self":[{"href":"https:\/\/test.pulchlorenz.de\/index.php?rest_route=\/wp\/v2\/product\/1255","targetHints":{"allow":["GET"]}}],"collection":[{"href":"https:\/\/test.pulchlorenz.de\/index.php?rest_route=\/wp\/v2\/product"}],"about":[{"href":"https:\/\/test.pulchlorenz.de\/index.php?rest_route=\/wp\/v2\/types\/product"}],"replies":[{"embeddable":true,"href":"https:\/\/test.pulchlorenz.de\/index.php?rest_route=%2Fwp%2Fv2%2Fcomments&post=1255"}],"wp:attachment":[{"href":"https:\/\/test.pulchlorenz.de\/index.php?rest_route=%2Fwp%2Fv2%2Fmedia&parent=1255"}],"wp:term":[{"taxonomy":"product_brand","embeddable":true,"href":"https:\/\/test.pulchlorenz.de\/index.php?rest_route=%2Fwp%2Fv2%2Fproduct_brand&post=1255"},{"taxonomy":"product_cat","embeddable":true,"href":"https:\/\/test.pulchlorenz.de\/index.php?rest_route=%2Fwp%2Fv2%2Fproduct_cat&post=1255"},{"taxonomy":"product_tag","embeddable":true,"href":"https:\/\/test.pulchlorenz.de\/index.php?rest_route=%2Fwp%2Fv2%2Fproduct_tag&post=1255"}],"curies":[{"name":"wp","href":"https:\/\/api.w.org\/{rel}","templated":true}]}}