{"id":1262,"date":"2023-03-21T16:08:37","date_gmt":"2023-03-21T16:08:37","guid":{"rendered":"https:\/\/test.pulchlorenz.de\/?product=flexi-tischstativ-mit-stemi-305"},"modified":"2023-03-21T16:08:37","modified_gmt":"2023-03-21T16:08:37","slug":"flexi-tischstativ-mit-stemi-305","status":"publish","type":"product","link":"https:\/\/test.pulchlorenz.de\/?product=flexi-tischstativ-mit-stemi-305","title":{"rendered":"Flexi Tischstativ mit Stemi 305"},"content":{"rendered":"<p>Stemi 305 ist Ihr kompaktes Greenough-Stereomikroskop f\u00fcr den Biologieunterricht, das Labor genauso wie industrielle Produktionsumgebungen.Durch einen 5:1 Zoom sind ohne Vorsatzsystem Vergr\u00f6\u00dferungen von 8-fach bis 40-fach m\u00f6glich (mit Vorsatzsystemen 4-fach bis 80-fach).  Stemi 305 mit Flexi-Tischstativ und Beleuchtung; Set bestehend aus:   Pulch + Lorenz Flexi Tischstativ mit Federgelenkarm  Unsere Flexi-Mikroskopstative vereinen h\u00f6chsten Anspruch an Stabilit\u00e4t und Flexibilit\u00e4t mit ergonomischem Arbeiten:  \t einstellbar auf das Gewicht des\u00a0Mikroskopes \t einfache Demontage, leichter Transport \t Das Stativ wird direkt auf den Tisch montiert (verschraubt), eine  Tischklemme  ist optional erh\u00e4tlich. \t Controller K-LED zum Steuerung der Spot-LED im Stemi 305<\/p>\n","protected":false},"excerpt":{"rendered":"<p>Stemi 305 ist Ihr kompaktes Greenough-Stereomikroskop f\u00fcr den Biologieunterricht, das Labor genauso wie industrielle Produktionsumgebungen.Durch einen 5:1 Zoom sind ohne Vorsatzsystem Vergr\u00f6\u00dferungen von 8-fach bis 40-fach m\u00f6glich (mit Vorsatzsystemen 4-fach bis 80-fach). Stemi 305 mit Flexi-Tischstativ und Beleuchtung; Set bestehend aus: Pulch + Lorenz Flexi Tischstativ mit Federgelenkarm Unsere Flexi-Mikroskopstative vereinen h\u00f6chsten Anspruch an Stabilit\u00e4t [&hellip;]<\/p>\n","protected":false},"featured_media":0,"comment_status":"open","ping_status":"closed","template":"","meta":[],"product_brand":[],"product_cat":[15],"product_tag":[],"class_list":{"0":"post-1262","1":"product","2":"type-product","3":"status-publish","5":"product_cat-unkategorisiert","7":"first","8":"instock","9":"taxable","10":"shipping-taxable","11":"purchasable","12":"product-type-simple"},"jetpack_sharing_enabled":true,"_links":{"self":[{"href":"https:\/\/test.pulchlorenz.de\/index.php?rest_route=\/wp\/v2\/product\/1262","targetHints":{"allow":["GET"]}}],"collection":[{"href":"https:\/\/test.pulchlorenz.de\/index.php?rest_route=\/wp\/v2\/product"}],"about":[{"href":"https:\/\/test.pulchlorenz.de\/index.php?rest_route=\/wp\/v2\/types\/product"}],"replies":[{"embeddable":true,"href":"https:\/\/test.pulchlorenz.de\/index.php?rest_route=%2Fwp%2Fv2%2Fcomments&post=1262"}],"wp:attachment":[{"href":"https:\/\/test.pulchlorenz.de\/index.php?rest_route=%2Fwp%2Fv2%2Fmedia&parent=1262"}],"wp:term":[{"taxonomy":"product_brand","embeddable":true,"href":"https:\/\/test.pulchlorenz.de\/index.php?rest_route=%2Fwp%2Fv2%2Fproduct_brand&post=1262"},{"taxonomy":"product_cat","embeddable":true,"href":"https:\/\/test.pulchlorenz.de\/index.php?rest_route=%2Fwp%2Fv2%2Fproduct_cat&post=1262"},{"taxonomy":"product_tag","embeddable":true,"href":"https:\/\/test.pulchlorenz.de\/index.php?rest_route=%2Fwp%2Fv2%2Fproduct_tag&post=1262"}],"curies":[{"name":"wp","href":"https:\/\/api.w.org\/{rel}","templated":true}]}}