{"id":1263,"date":"2023-03-21T16:08:37","date_gmt":"2023-03-21T16:08:37","guid":{"rendered":"https:\/\/test.pulchlorenz.de\/?product=halterahmen-fuer-zellkulturflaschen-128-x-86mm-aussparung-81-x-39mm"},"modified":"2023-03-21T16:08:37","modified_gmt":"2023-03-21T16:08:37","slug":"halterahmen-fuer-zellkulturflaschen-128-x-86mm-aussparung-81-x-39mm","status":"publish","type":"product","link":"https:\/\/test.pulchlorenz.de\/?product=halterahmen-fuer-zellkulturflaschen-128-x-86mm-aussparung-81-x-39mm","title":{"rendered":"Halterahmen f\u00fcr Zellkulturflaschen, 128 x 86mm, Aussparung 81 x 39mm"},"content":{"rendered":"<p>z.B. passend f\u00fcr Falcon Zellkulturflaschen 25ml  Aussparung 56,7 x 37,9mm  passend zu Halterhamen f\u00fcr Mikrotiterplatten (415510-1304-000)<\/p>\n","protected":false},"excerpt":{"rendered":"<p>z.B. passend f\u00fcr Falcon Zellkulturflaschen 25ml Aussparung 56,7 x 37,9mm passend zu Halterhamen f\u00fcr Mikrotiterplatten (415510-1304-000)<\/p>\n","protected":false},"featured_media":0,"comment_status":"open","ping_status":"closed","template":"","meta":[],"product_brand":[],"product_cat":[15],"product_tag":[],"class_list":{"0":"post-1263","1":"product","2":"type-product","3":"status-publish","5":"product_cat-unkategorisiert","7":"first","8":"instock","9":"taxable","10":"shipping-taxable","11":"purchasable","12":"product-type-simple"},"jetpack_sharing_enabled":true,"_links":{"self":[{"href":"https:\/\/test.pulchlorenz.de\/index.php?rest_route=\/wp\/v2\/product\/1263","targetHints":{"allow":["GET"]}}],"collection":[{"href":"https:\/\/test.pulchlorenz.de\/index.php?rest_route=\/wp\/v2\/product"}],"about":[{"href":"https:\/\/test.pulchlorenz.de\/index.php?rest_route=\/wp\/v2\/types\/product"}],"replies":[{"embeddable":true,"href":"https:\/\/test.pulchlorenz.de\/index.php?rest_route=%2Fwp%2Fv2%2Fcomments&post=1263"}],"wp:attachment":[{"href":"https:\/\/test.pulchlorenz.de\/index.php?rest_route=%2Fwp%2Fv2%2Fmedia&parent=1263"}],"wp:term":[{"taxonomy":"product_brand","embeddable":true,"href":"https:\/\/test.pulchlorenz.de\/index.php?rest_route=%2Fwp%2Fv2%2Fproduct_brand&post=1263"},{"taxonomy":"product_cat","embeddable":true,"href":"https:\/\/test.pulchlorenz.de\/index.php?rest_route=%2Fwp%2Fv2%2Fproduct_cat&post=1263"},{"taxonomy":"product_tag","embeddable":true,"href":"https:\/\/test.pulchlorenz.de\/index.php?rest_route=%2Fwp%2Fv2%2Fproduct_tag&post=1263"}],"curies":[{"name":"wp","href":"https:\/\/api.w.org\/{rel}","templated":true}]}}