{"id":1266,"date":"2023-03-21T16:08:38","date_gmt":"2023-03-21T16:08:38","guid":{"rendered":"https:\/\/test.pulchlorenz.de\/?product=pl-duschschutz-64116-fuer-erwachsene-masse25-bis-49cm"},"modified":"2023-03-21T16:08:38","modified_gmt":"2023-03-21T16:08:38","slug":"pl-duschschutz-64116-fuer-erwachsene-masse25-bis-49cm","status":"publish","type":"product","link":"https:\/\/test.pulchlorenz.de\/?product=pl-duschschutz-64116-fuer-erwachsene-masse25-bis-49cm","title":{"rendered":"P+L Duschschutz 64116, f\u00fcr Erwachsene, Ma\u00dfe:25 bis 49cm"},"content":{"rendered":"<p>P+L Duschschutz f\u00fcr Erwachsene  Der P+L Duschschutz erlaubt dem Patienten beinahe genau so uneingeschr\u00e4nkt duschen zu k\u00f6nnen wie vor der Operation.  Die Befestigung erfolgt mit einem Halsband,es deckt Halsweiten von ca.25 bis 49cm ab.  Der Duschschutz verhindert,dass Wasser in das Tracheostoma eintritt und sorgt gleichzeitig f\u00fcr eine ungest\u00f6rte Atemluftzufuhr.   Achtung: Der P+L Duschschutz ist nicht geignet zum:   \t Baden \t Schwimmen<\/p>\n","protected":false},"excerpt":{"rendered":"<p>P+L Duschschutz f\u00fcr Erwachsene Der P+L Duschschutz erlaubt dem Patienten beinahe genau so uneingeschr\u00e4nkt duschen zu k\u00f6nnen wie vor der Operation. Die Befestigung erfolgt mit einem Halsband,es deckt Halsweiten von ca.25 bis 49cm ab. Der Duschschutz verhindert,dass Wasser in das Tracheostoma eintritt und sorgt gleichzeitig f\u00fcr eine ungest\u00f6rte Atemluftzufuhr. Achtung: Der P+L Duschschutz ist nicht [&hellip;]<\/p>\n","protected":false},"featured_media":0,"comment_status":"open","ping_status":"closed","template":"","meta":[],"product_brand":[],"product_cat":[15],"product_tag":[],"class_list":{"0":"post-1266","1":"product","2":"type-product","3":"status-publish","5":"product_cat-unkategorisiert","7":"first","8":"instock","9":"taxable","10":"shipping-taxable","11":"purchasable","12":"product-type-simple"},"jetpack_sharing_enabled":true,"_links":{"self":[{"href":"https:\/\/test.pulchlorenz.de\/index.php?rest_route=\/wp\/v2\/product\/1266","targetHints":{"allow":["GET"]}}],"collection":[{"href":"https:\/\/test.pulchlorenz.de\/index.php?rest_route=\/wp\/v2\/product"}],"about":[{"href":"https:\/\/test.pulchlorenz.de\/index.php?rest_route=\/wp\/v2\/types\/product"}],"replies":[{"embeddable":true,"href":"https:\/\/test.pulchlorenz.de\/index.php?rest_route=%2Fwp%2Fv2%2Fcomments&post=1266"}],"wp:attachment":[{"href":"https:\/\/test.pulchlorenz.de\/index.php?rest_route=%2Fwp%2Fv2%2Fmedia&parent=1266"}],"wp:term":[{"taxonomy":"product_brand","embeddable":true,"href":"https:\/\/test.pulchlorenz.de\/index.php?rest_route=%2Fwp%2Fv2%2Fproduct_brand&post=1266"},{"taxonomy":"product_cat","embeddable":true,"href":"https:\/\/test.pulchlorenz.de\/index.php?rest_route=%2Fwp%2Fv2%2Fproduct_cat&post=1266"},{"taxonomy":"product_tag","embeddable":true,"href":"https:\/\/test.pulchlorenz.de\/index.php?rest_route=%2Fwp%2Fv2%2Fproduct_tag&post=1266"}],"curies":[{"name":"wp","href":"https:\/\/api.w.org\/{rel}","templated":true}]}}