{"id":1268,"date":"2023-03-21T16:08:38","date_gmt":"2023-03-21T16:08:38","guid":{"rendered":"https:\/\/test.pulchlorenz.de\/?product=deckglaeser-hoch-praezise-d017mm-22x22mm-schachtel-mit-200-stueck"},"modified":"2023-03-21T16:08:38","modified_gmt":"2023-03-21T16:08:38","slug":"deckglaeser-hoch-praezise-d017mm-22x22mm-schachtel-mit-200-stueck","status":"publish","type":"product","link":"https:\/\/test.pulchlorenz.de\/?product=deckglaeser-hoch-praezise-d017mm-22x22mm-schachtel-mit-200-stueck","title":{"rendered":"Deckgl\u00e4ser hoch pr\u00e4zise, D=0,17mm, 22x22mm, Schachtel mit 200 St\u00fcck"},"content":{"rendered":"<p>Deckgl&auml;ser hoch pr&auml;zise, D=0,17mm, 22x22mm, Schachtel mit 200 St&uuml;ck Gr&ouml;&szlig;e 22&#215;22 mm&sup2;  Typ 1 1\/2 H gem&auml;&szlig; ISO 8255-1 mit enger Dickentoleranz D=0,17 mm +\/- 0,005 mm Brechzahl = 1,5255 +\/- 0,00015, Abbesche Zahl = 56 +\/-2  empfohlen f&uuml;r Anwendungen mit hochaperturigen Objektiven  Kompatible Mikroskope:  \t Axio Examiner.D1 \t Axio Examiner.Z1 \t Axio Imager.A1 \t Axio Imager.A2 \t Axio Imager.D1 \t Axio Imager.D2 \t Axio Imager.M1 \t Axio Imager.M2 \t Axio Imager.Z1 \t Axio Imager.Z2 \t Axio Observer.A1 \t Axio Observer.D1 \t Axio Observer.Z1 \t Axio Vert.A1 \t Axio Vert.A1 FL \t Axio Vert.A1 FL-LED \t Axio Vert.A1 MAT<\/p>\n","protected":false},"excerpt":{"rendered":"<p>Deckgl&auml;ser hoch pr&auml;zise, D=0,17mm, 22x22mm, Schachtel mit 200 St&uuml;ck Gr&ouml;&szlig;e 22&#215;22 mm&sup2; Typ 1 1\/2 H gem&auml;&szlig; ISO 8255-1 mit enger Dickentoleranz D=0,17 mm +\/- 0,005 mm Brechzahl = 1,5255 +\/- 0,00015, Abbesche Zahl = 56 +\/-2 empfohlen f&uuml;r Anwendungen mit hochaperturigen Objektiven Kompatible Mikroskope: Axio Examiner.D1 Axio Examiner.Z1 Axio Imager.A1 Axio Imager.A2 Axio Imager.D1 [&hellip;]<\/p>\n","protected":false},"featured_media":0,"comment_status":"open","ping_status":"closed","template":"","meta":[],"product_brand":[],"product_cat":[15],"product_tag":[],"class_list":{"0":"post-1268","1":"product","2":"type-product","3":"status-publish","5":"product_cat-unkategorisiert","7":"first","8":"instock","9":"taxable","10":"shipping-taxable","11":"purchasable","12":"product-type-simple"},"jetpack_sharing_enabled":true,"_links":{"self":[{"href":"https:\/\/test.pulchlorenz.de\/index.php?rest_route=\/wp\/v2\/product\/1268","targetHints":{"allow":["GET"]}}],"collection":[{"href":"https:\/\/test.pulchlorenz.de\/index.php?rest_route=\/wp\/v2\/product"}],"about":[{"href":"https:\/\/test.pulchlorenz.de\/index.php?rest_route=\/wp\/v2\/types\/product"}],"replies":[{"embeddable":true,"href":"https:\/\/test.pulchlorenz.de\/index.php?rest_route=%2Fwp%2Fv2%2Fcomments&post=1268"}],"wp:attachment":[{"href":"https:\/\/test.pulchlorenz.de\/index.php?rest_route=%2Fwp%2Fv2%2Fmedia&parent=1268"}],"wp:term":[{"taxonomy":"product_brand","embeddable":true,"href":"https:\/\/test.pulchlorenz.de\/index.php?rest_route=%2Fwp%2Fv2%2Fproduct_brand&post=1268"},{"taxonomy":"product_cat","embeddable":true,"href":"https:\/\/test.pulchlorenz.de\/index.php?rest_route=%2Fwp%2Fv2%2Fproduct_cat&post=1268"},{"taxonomy":"product_tag","embeddable":true,"href":"https:\/\/test.pulchlorenz.de\/index.php?rest_route=%2Fwp%2Fv2%2Fproduct_tag&post=1268"}],"curies":[{"name":"wp","href":"https:\/\/api.w.org\/{rel}","templated":true}]}}