{"id":1290,"date":"2023-03-21T16:08:42","date_gmt":"2023-03-21T16:08:42","guid":{"rendered":"https:\/\/test.pulchlorenz.de\/?product=smartzoom-5-motorisiertes-digitalmikroskop"},"modified":"2023-03-21T16:08:42","modified_gmt":"2023-03-21T16:08:42","slug":"smartzoom-5-motorisiertes-digitalmikroskop","status":"publish","type":"product","link":"https:\/\/test.pulchlorenz.de\/?product=smartzoom-5-motorisiertes-digitalmikroskop","title":{"rendered":"Smartzoom 5 motorisiertes Digitalmikroskop"},"content":{"rendered":"<p>In der Qualit\u00e4tsicherung und -kontrolle ist ein durchdachter Arbeitsablauf und Automatisierung genauso unverzichtbar, wie die optisch einwandfreie Qualit\u00e4t der Mikroskopoptik. Das Zeiss Smartzoom 5 wird als vollautomatisiertes Digitalmikroskop allen Anforderungen gerecht, nur Okulare wie bei klassischen Mikroskopen gibt es nicht mehr.  Der Probentisch ist motorisiert, ebenso die Z-Achse. Zus\u00e4tzlich zur eigentlichen Kamera mit Optik gibt es noch eine Vorschaukamera damit Sie stets den \u00dcberblick behalten. Die Z-Achse l\u00e4sst sich bis zu 45\u00b0 nach links und nach rechts neigen.  Mit der dazugeh\u00f6rigen Software erstellen Sie Arbeitsabl\u00e4ufe, die auch unge\u00fcbten Anwendern einen schnellen Einstieg und die Erstellung von erstklassigen Aufnahmen erm\u00f6glichen.<\/p>\n","protected":false},"excerpt":{"rendered":"<p>In der Qualit\u00e4tsicherung und -kontrolle ist ein durchdachter Arbeitsablauf und Automatisierung genauso unverzichtbar, wie die optisch einwandfreie Qualit\u00e4t der Mikroskopoptik. Das Zeiss Smartzoom 5 wird als vollautomatisiertes Digitalmikroskop allen Anforderungen gerecht, nur Okulare wie bei klassischen Mikroskopen gibt es nicht mehr. Der Probentisch ist motorisiert, ebenso die Z-Achse. Zus\u00e4tzlich zur eigentlichen Kamera mit Optik gibt [&hellip;]<\/p>\n","protected":false},"featured_media":0,"comment_status":"open","ping_status":"closed","template":"","meta":[],"product_brand":[],"product_cat":[15],"product_tag":[],"class_list":{"0":"post-1290","1":"product","2":"type-product","3":"status-publish","5":"product_cat-unkategorisiert","7":"first","8":"instock","9":"taxable","10":"shipping-taxable","11":"purchasable","12":"product-type-simple"},"jetpack_sharing_enabled":true,"_links":{"self":[{"href":"https:\/\/test.pulchlorenz.de\/index.php?rest_route=\/wp\/v2\/product\/1290","targetHints":{"allow":["GET"]}}],"collection":[{"href":"https:\/\/test.pulchlorenz.de\/index.php?rest_route=\/wp\/v2\/product"}],"about":[{"href":"https:\/\/test.pulchlorenz.de\/index.php?rest_route=\/wp\/v2\/types\/product"}],"replies":[{"embeddable":true,"href":"https:\/\/test.pulchlorenz.de\/index.php?rest_route=%2Fwp%2Fv2%2Fcomments&post=1290"}],"wp:attachment":[{"href":"https:\/\/test.pulchlorenz.de\/index.php?rest_route=%2Fwp%2Fv2%2Fmedia&parent=1290"}],"wp:term":[{"taxonomy":"product_brand","embeddable":true,"href":"https:\/\/test.pulchlorenz.de\/index.php?rest_route=%2Fwp%2Fv2%2Fproduct_brand&post=1290"},{"taxonomy":"product_cat","embeddable":true,"href":"https:\/\/test.pulchlorenz.de\/index.php?rest_route=%2Fwp%2Fv2%2Fproduct_cat&post=1290"},{"taxonomy":"product_tag","embeddable":true,"href":"https:\/\/test.pulchlorenz.de\/index.php?rest_route=%2Fwp%2Fv2%2Fproduct_tag&post=1290"}],"curies":[{"name":"wp","href":"https:\/\/api.w.org\/{rel}","templated":true}]}}