{"id":1300,"date":"2023-03-21T16:08:45","date_gmt":"2023-03-21T16:08:45","guid":{"rendered":"https:\/\/test.pulchlorenz.de\/?product=zeiss-mikroskopkoerper-axio-zoom-v-16"},"modified":"2023-03-21T16:08:45","modified_gmt":"2023-03-21T16:08:45","slug":"zeiss-mikroskopkoerper-axio-zoom-v-16","status":"publish","type":"product","link":"https:\/\/test.pulchlorenz.de\/?product=zeiss-mikroskopkoerper-axio-zoom-v-16","title":{"rendered":"Zeiss Mikroskopk\u00f6rper Axio Zoom V.16"},"content":{"rendered":"<p>Ihr Axio Zoom.V16 ist das hochaufl\u00f6sende, apochromatische On-Axis-Zoommikroskop von Carl Zeiss mit einem Vergr\u00f6\u00dferungsbereich von 16:1. Mit gro\u00dfen Arbeitsabst\u00e4nden und einem einzigen Objektiv zoomen Sie von gro\u00dfen Objektfeldern bis zum kleinsten Detail.  Die besondere St\u00e4rke Ihres Axio Zoom.V16 sind gro\u00dfe Kachel-Bilder bei niedrigen bis mittleren Vergr\u00f6\u00dferungen zum automatischen Stitchen. Durch die gro\u00dfe Objektivapertur im Vergleich zu Stereomikroskopen erzielen Sie gerade im unteren bis mittleren Vergr\u00f6\u00dferungsbereich eine deutlich bessere Aufl\u00f6sung:  Durch deutlich geringere Aufnahmezeiten erfassen Sie Ihre Bilder effizienter. Und Sie beschleunigen Ihre quantitative Analyse.<\/p>\n","protected":false},"excerpt":{"rendered":"<p>Ihr Axio Zoom.V16 ist das hochaufl\u00f6sende, apochromatische On-Axis-Zoommikroskop von Carl Zeiss mit einem Vergr\u00f6\u00dferungsbereich von 16:1. Mit gro\u00dfen Arbeitsabst\u00e4nden und einem einzigen Objektiv zoomen Sie von gro\u00dfen Objektfeldern bis zum kleinsten Detail. Die besondere St\u00e4rke Ihres Axio Zoom.V16 sind gro\u00dfe Kachel-Bilder bei niedrigen bis mittleren Vergr\u00f6\u00dferungen zum automatischen Stitchen. Durch die gro\u00dfe Objektivapertur im Vergleich [&hellip;]<\/p>\n","protected":false},"featured_media":0,"comment_status":"open","ping_status":"closed","template":"","meta":[],"product_brand":[],"product_cat":[15],"product_tag":[],"class_list":{"0":"post-1300","1":"product","2":"type-product","3":"status-publish","5":"product_cat-unkategorisiert","7":"first","8":"instock","9":"taxable","10":"shipping-taxable","11":"purchasable","12":"product-type-simple"},"jetpack_sharing_enabled":true,"_links":{"self":[{"href":"https:\/\/test.pulchlorenz.de\/index.php?rest_route=\/wp\/v2\/product\/1300","targetHints":{"allow":["GET"]}}],"collection":[{"href":"https:\/\/test.pulchlorenz.de\/index.php?rest_route=\/wp\/v2\/product"}],"about":[{"href":"https:\/\/test.pulchlorenz.de\/index.php?rest_route=\/wp\/v2\/types\/product"}],"replies":[{"embeddable":true,"href":"https:\/\/test.pulchlorenz.de\/index.php?rest_route=%2Fwp%2Fv2%2Fcomments&post=1300"}],"wp:attachment":[{"href":"https:\/\/test.pulchlorenz.de\/index.php?rest_route=%2Fwp%2Fv2%2Fmedia&parent=1300"}],"wp:term":[{"taxonomy":"product_brand","embeddable":true,"href":"https:\/\/test.pulchlorenz.de\/index.php?rest_route=%2Fwp%2Fv2%2Fproduct_brand&post=1300"},{"taxonomy":"product_cat","embeddable":true,"href":"https:\/\/test.pulchlorenz.de\/index.php?rest_route=%2Fwp%2Fv2%2Fproduct_cat&post=1300"},{"taxonomy":"product_tag","embeddable":true,"href":"https:\/\/test.pulchlorenz.de\/index.php?rest_route=%2Fwp%2Fv2%2Fproduct_tag&post=1300"}],"curies":[{"name":"wp","href":"https:\/\/api.w.org\/{rel}","templated":true}]}}