{"id":1306,"date":"2023-03-21T16:08:46","date_gmt":"2023-03-21T16:08:46","guid":{"rendered":"https:\/\/test.pulchlorenz.de\/?product=auflichtmikroskop-axio-scope-vario-auflicht-hellfeld-mit-fototubus"},"modified":"2023-03-21T16:08:46","modified_gmt":"2023-03-21T16:08:46","slug":"auflichtmikroskop-axio-scope-vario-auflicht-hellfeld-mit-fototubus","status":"publish","type":"product","link":"https:\/\/test.pulchlorenz.de\/?product=auflichtmikroskop-axio-scope-vario-auflicht-hellfeld-mit-fototubus","title":{"rendered":"Auflichtmikroskop Axio Scope Vario Auflicht-Hellfeld, mit Fototubus"},"content":{"rendered":"<p>Auflichtmikroskop Axio Scope Vario mit HAL 100 Beleuchtung f\u00fcr Auflicht-Hellfeld, inkl.\u00a0Fototubus, mit 380mm Vario-s\u00e4ule f\u00fcr besonders gro\u00dfe \/ hohe Proben.    bestehend aus:  \t Stativoberteil Axio scope.A1 HAL 100\/HBO, 6x HD, M27 \t Stativs\u00e4ule Vario 380mm \t Triebkasten Vario, Fokushub 15mm \t Tischtr\u00e4ger H=140 mm f\u00fcr Grundplatte Vario \t Filterschieber A 14x40mm, 2-fach f\u00fcr Filterdurchmesser 25 mm \t Reflektormodul Hellfeld ACR P&#038;C f\u00fcr Auflicht \t Reflektorschieber 2-fach, wechselbar, f\u00fcr P&#038;C Module \t Leuchte HAL 100 mit Quarzkollektor \t Lampe 12V 100W Halogen rechteckige Wendel \t Netzger\u00e4t extern f\u00fcr HAL 100 und LED-Leuchten \t Kreuztisch Auflicht 75&#215;50 R mit Harteloxal-Beschichtung \t Binokularer Fototubus 20\u00b0\/23 (100:0\/0:100), aufrechtes Bild \t Graufilter 0,06 \t Graufilter 0,25 \t Okulare PL 10x\/23 Br. foc. \t Augenmuscheln \t Objektiv EC Epiplan 5x\/0,13 M27 \t Objektiv EC\u00a0Epiplan 10x\/0,25 M27 \t Objektiv EC Epiplan 20x\/0,4 M27 \t Objektiv EC Epiplan 50x\/0,75 M27 \t Verl\u00e4ngerungskabel 2 m f\u00fcr Leuchten HAL 100\/LED \t Staubschutz-Set M<\/p>\n","protected":false},"excerpt":{"rendered":"<p>Auflichtmikroskop Axio Scope Vario mit HAL 100 Beleuchtung f\u00fcr Auflicht-Hellfeld, inkl.\u00a0Fototubus, mit 380mm Vario-s\u00e4ule f\u00fcr besonders gro\u00dfe \/ hohe Proben. bestehend aus: Stativoberteil Axio scope.A1 HAL 100\/HBO, 6x HD, M27 Stativs\u00e4ule Vario 380mm Triebkasten Vario, Fokushub 15mm Tischtr\u00e4ger H=140 mm f\u00fcr Grundplatte Vario Filterschieber A 14x40mm, 2-fach f\u00fcr Filterdurchmesser 25 mm Reflektormodul Hellfeld ACR P&#038;C [&hellip;]<\/p>\n","protected":false},"featured_media":0,"comment_status":"open","ping_status":"closed","template":"","meta":[],"product_brand":[],"product_cat":[15],"product_tag":[],"class_list":{"0":"post-1306","1":"product","2":"type-product","3":"status-publish","5":"product_cat-unkategorisiert","7":"first","8":"instock","9":"taxable","10":"shipping-taxable","11":"purchasable","12":"product-type-simple"},"jetpack_sharing_enabled":true,"_links":{"self":[{"href":"https:\/\/test.pulchlorenz.de\/index.php?rest_route=\/wp\/v2\/product\/1306","targetHints":{"allow":["GET"]}}],"collection":[{"href":"https:\/\/test.pulchlorenz.de\/index.php?rest_route=\/wp\/v2\/product"}],"about":[{"href":"https:\/\/test.pulchlorenz.de\/index.php?rest_route=\/wp\/v2\/types\/product"}],"replies":[{"embeddable":true,"href":"https:\/\/test.pulchlorenz.de\/index.php?rest_route=%2Fwp%2Fv2%2Fcomments&post=1306"}],"wp:attachment":[{"href":"https:\/\/test.pulchlorenz.de\/index.php?rest_route=%2Fwp%2Fv2%2Fmedia&parent=1306"}],"wp:term":[{"taxonomy":"product_brand","embeddable":true,"href":"https:\/\/test.pulchlorenz.de\/index.php?rest_route=%2Fwp%2Fv2%2Fproduct_brand&post=1306"},{"taxonomy":"product_cat","embeddable":true,"href":"https:\/\/test.pulchlorenz.de\/index.php?rest_route=%2Fwp%2Fv2%2Fproduct_cat&post=1306"},{"taxonomy":"product_tag","embeddable":true,"href":"https:\/\/test.pulchlorenz.de\/index.php?rest_route=%2Fwp%2Fv2%2Fproduct_tag&post=1306"}],"curies":[{"name":"wp","href":"https:\/\/api.w.org\/{rel}","templated":true}]}}