{"id":1355,"date":"2023-03-21T16:08:54","date_gmt":"2023-03-21T16:08:54","guid":{"rendered":"https:\/\/test.pulchlorenz.de\/?product=stereomikroskop-stemi-305-mit-tischstativ-und-stemi-spot-senkrechtbeleuchtung"},"modified":"2023-03-21T16:08:54","modified_gmt":"2023-03-21T16:08:54","slug":"stereomikroskop-stemi-305-mit-tischstativ-und-stemi-spot-senkrechtbeleuchtung","status":"publish","type":"product","link":"https:\/\/test.pulchlorenz.de\/?product=stereomikroskop-stemi-305-mit-tischstativ-und-stemi-spot-senkrechtbeleuchtung","title":{"rendered":"Stereomikroskop Stemi 305 mit Tischstativ und Stemi-Spot Senkrechtbeleuchtung"},"content":{"rendered":"<p>Stemi 305 ist Ihr kompaktes Greenough-Stereomikroskop f\u00fcr den Biologieunterricht, das Labor genauso wie industrielle Produktionsumgebungen.Durch einen 5:1 Zoom sind ohne Vorsatzsystem Vergr\u00f6\u00dferungen von 8-fach bis 40-fach m\u00f6glich (mit Vorsatzsystemen 4-fach bis 80-fach).  Dieses ZEISS Stemi 305 Set mit Flexi-Tischstativ und Stemi-Spot Senkrechtbeleuchtung ist optimal geeignet und einsatzbereit f\u00fcr den Dental-Arbeitsplatz. Hierf\u00fcr empfehlen wir insbesondere die Vorsatzoptik 0,5x als Zubeh\u00f6r f\u00fcr erh\u00f6hten Arbeitsabstand.  Mikroskopset bestehend aus:   P+L\u00a0Flexi Tischstativ mit Federgelenkarm  Unsere Flexi-Mikroskopstative vereinen h\u00f6chsten Anspruch an Stabilit\u00e4t und Flexibilit\u00e4t mit ergonomischem Arbeiten:  \t einstellbar auf das Gewicht des\u00a0Mikroskopes \t einfache Demontage, leichter Transport \t Das Stativ wird direkt auf den Tisch montiert (verschraubt), eine\u00a0 Tischklemme \u00a0ist optional erh\u00e4tlich. \t sichere H\u00f6henarretierung in jeder Lage \t optionale\u00a0Bildschirmhalterung erh\u00e4ltlich \t inkl. Hinterrohr (150mm\/300mm\/450mm)    Flexi Kabelkanalset f\u00fcr Federgelenkarm und Hinterrohr   Zeiss Mikroskopk\u00f6rper\u00a0Stemi 305  \t Greenough-System mit Stereowinkel 11\u00b0 \t Manueller, beidseitig bedienbarer Zoom 5:1 (0,8x&#8230;4,0x) \t Feste Zoom-Rastpositionen 0,8x-1x-2x-3x-4x \t Freier Arbeitsabstand 110 mm \t Einblickwinkel 45\u00b0 mit einstellbarer Augenabstand 55&#8230;75 mm \t Okularaufnahme 30 mm mit maximale Sehfeldzahl 23 mm \t Aufnahme D=76 mm f\u00fcr Stemi-Tr\u00e4ger\/Tr\u00e4ger S \t Schnittstelle D=66 mm f\u00fcr Leuchten \t Gewinde M52 f\u00fcr Vorsatzoptik oder Polarisator \t Nahe senkrecht integrierte LED-Beleuchtung (IVI) f\u00fcr Stative K EDU\/LAB\/MAT oder Controller K LED Zus\u00e4tzlich enthalten: \t 2x Okular 10x\/23 Br. foc. \t Spiralkabel RJ12          \t \t\t \t\t\t Stemi 305 \t\t\t Okulare PL 10x 23 Br. foc. \t\t\t Okulare PL 16x 14 Br. foc. \t\t\t 25x &#8211;>\t\t \t\t \t\t\t Frontoptik \t\t\t Arbeitsabstand \t\t\t(FWD) in mm \t\t\t Vergr\u00f6\u00dferung \t\t\t Objektfeld \t\t\tin mm \t\t\t Vergr\u00f6\u00dferung \t\t\t Objektfeld \t\t\tin mm \t\t\t Vergr\u00f6\u00dferung \t\t Objektfeld in mm \t\t&#8211;>\t\t \t\t \t\t\t 0,5x \t\t\t 185 \t\t\t 4x bis 20x \t\t\t 57,5 bis 11,5 \t\t\t 6,4x bis 32x \t\t\t 35 bis 7 \t\t\t 10x bis 50x \t\t 25,0 bis 5,0 &#8211;>\t\t \t\t \t\t\t 0,75x \t\t\t 128 \t\t\t 6x bis 30x \t\t\t 38,3 bis 7,7 \t\t\t 9,6x bis 48x \t\t\t 23,3 bis 4,7 \t\t\t 15x bis 75x \t\t 16,7 bis 3,3 &#8211;>\t\t \t\t \t\t\t ohne (1x) \t\t\t 110 \t\t\t 8x bis 40x \t\t\t 28,8 bis 5,8 \t\t\t 12,8x bis 64x \t\t\t 17,5 bis 3,5 \t\t\t 20x bis 100x \t\t 12,5 bis 2,5 &#8211;>\t\t \t\t \t\t\t 1,5x \t\t\t 56 \t\t\t 12x bis 60x \t\t\t 19,2 bis 3,8 \t\t\t 19,2x bis 96x \t\t\t 11,7 bis 2,3 \t\t\t 30x bis 150x \t\t 8,3 bis 1,7 &#8211;>\t\t \t\t \t\t\t 2,0x \t\t\t 43 \t\t\t 16x bis 80x \t\t\t 14,4 bis 2,9 \t\t\t 25,6x bis 128x \t\t\t 8,8 bis 1,8 \t\t\t 40x bis 200x \t\t 6,3 bis 1,3 &#8211;>\t\t \t\t \t\t \t     2x Augenmuschel    Stemi-Spot Senkrechtbeleuchtung   F\u00fcr tiefe Einblicke, in Kan\u00e4le, Bohrungen und andere Vertiefungen ben\u00f6tigen Sie eine Senkrechtbelechtung. Unsere Stemi-Spot-Senkrechtbeleuchtung erm\u00f6glicht nun das Nachr\u00fcsten einer LED-Senkrechtbeleuchtung f\u00fcr Stereomikroskope.\u00a0  Befestigt wird die Senkrechtbeleuchtung an der Frontoptik des Mikroskopk\u00f6rpers oder ggf. am dort befestigten Vorsatzsystem (bei Vorsatzoptik 1,6x und 2,0x kommt es zu Einschr\u00e4nkungen).\u00a0 Ein wechselbares Staubschutzglas ist im Lieferumfang enthalten\u00a0   Das Licht der stufenlos regelbaren LED\u00a0wird durch eine Linse geb\u00fcndelt und trifft beinahe senkrecht auf das betrachtete Objekt. Durch die Triggerfreie LED-Technik kommt es bei dieser Beleuchtung nicht zum Flackern; damit ist die Beleuchtung auch bestens f\u00fcr den Einsatz zusammen mit einer Kamera geeignet.  bestehend aus:  \t Stemi-Spot Senkrechtbeleuchtung \t Controller mit Anschluss f\u00fcr 2 Beleuchtungssysteme \t DC Verl\u00e4ngerungskabel 3m \t Netzteil \t Staubschutzglas<\/p>\n","protected":false},"excerpt":{"rendered":"<p>Stemi 305 ist Ihr kompaktes Greenough-Stereomikroskop f\u00fcr den Biologieunterricht, das Labor genauso wie industrielle Produktionsumgebungen.Durch einen 5:1 Zoom sind ohne Vorsatzsystem Vergr\u00f6\u00dferungen von 8-fach bis 40-fach m\u00f6glich (mit Vorsatzsystemen 4-fach bis 80-fach). Dieses ZEISS Stemi 305 Set mit Flexi-Tischstativ und Stemi-Spot Senkrechtbeleuchtung ist optimal geeignet und einsatzbereit f\u00fcr den Dental-Arbeitsplatz. Hierf\u00fcr empfehlen wir insbesondere die [&hellip;]<\/p>\n","protected":false},"featured_media":0,"comment_status":"open","ping_status":"closed","template":"","meta":[],"product_brand":[],"product_cat":[15],"product_tag":[],"class_list":{"0":"post-1355","1":"product","2":"type-product","3":"status-publish","5":"product_cat-unkategorisiert","7":"first","8":"instock","9":"taxable","10":"shipping-taxable","11":"purchasable","12":"product-type-simple"},"jetpack_sharing_enabled":true,"_links":{"self":[{"href":"https:\/\/test.pulchlorenz.de\/index.php?rest_route=\/wp\/v2\/product\/1355","targetHints":{"allow":["GET"]}}],"collection":[{"href":"https:\/\/test.pulchlorenz.de\/index.php?rest_route=\/wp\/v2\/product"}],"about":[{"href":"https:\/\/test.pulchlorenz.de\/index.php?rest_route=\/wp\/v2\/types\/product"}],"replies":[{"embeddable":true,"href":"https:\/\/test.pulchlorenz.de\/index.php?rest_route=%2Fwp%2Fv2%2Fcomments&post=1355"}],"wp:attachment":[{"href":"https:\/\/test.pulchlorenz.de\/index.php?rest_route=%2Fwp%2Fv2%2Fmedia&parent=1355"}],"wp:term":[{"taxonomy":"product_brand","embeddable":true,"href":"https:\/\/test.pulchlorenz.de\/index.php?rest_route=%2Fwp%2Fv2%2Fproduct_brand&post=1355"},{"taxonomy":"product_cat","embeddable":true,"href":"https:\/\/test.pulchlorenz.de\/index.php?rest_route=%2Fwp%2Fv2%2Fproduct_cat&post=1355"},{"taxonomy":"product_tag","embeddable":true,"href":"https:\/\/test.pulchlorenz.de\/index.php?rest_route=%2Fwp%2Fv2%2Fproduct_tag&post=1355"}],"curies":[{"name":"wp","href":"https:\/\/api.w.org\/{rel}","templated":true}]}}