{"id":1359,"date":"2023-03-21T16:08:55","date_gmt":"2023-03-21T16:08:55","guid":{"rendered":"https:\/\/test.pulchlorenz.de\/?product=pl-stomaschutz-solomasse-7x5-cm"},"modified":"2023-03-21T16:08:55","modified_gmt":"2023-03-21T16:08:55","slug":"pl-stomaschutz-solomasse-7x5-cm","status":"publish","type":"product","link":"https:\/\/test.pulchlorenz.de\/?product=pl-stomaschutz-solomasse-7x5-cm","title":{"rendered":"P+L Stomaschutz Solo,Ma\u00dfe: 7&#215;5 cm"},"content":{"rendered":"<p>P+L Stomaschutz Solo    Feinporiges Material verhindert das Eindringen von Schmutzpartikeln. Stomaschutz Solo wird mit einer Klebekante aus speziellem Hautkleber \u00fcber dem Tracheostoma angeklebt..Der hautfreundliche Kleberand dient zur einfachen, schnellen und sicheren Fixierung.Tracheostomaschutz in Passform, anatomisch ausgearbeitet und auch f\u00fcr tief liegende Tracheostomata geeignet.Stomaschutz Solo ist f\u00fcr den Einmalgebrauch bestimmt. Der Einsatz ist f\u00fcr Kinder und Erwachsene.  Ma\u00dfe: 7&#215;5 cm \u00a0 Befestigung: 1 Klebestreifen\u00a0\u00a0 Verp.Einheit:hautfarben 30 Stk.\u00a0\u00a0\u00a0\u00a0\u00a0\u00a0\u00a0\u00a0  Einsatzbereiche:  \t  \u00a0Tracheostomaschutz  \t \u00a0Trachealkompresse \t  \u00a0Schutz vor Fremdk\u00f6rpern<\/p>\n","protected":false},"excerpt":{"rendered":"<p>P+L Stomaschutz Solo Feinporiges Material verhindert das Eindringen von Schmutzpartikeln. Stomaschutz Solo wird mit einer Klebekante aus speziellem Hautkleber \u00fcber dem Tracheostoma angeklebt..Der hautfreundliche Kleberand dient zur einfachen, schnellen und sicheren Fixierung.Tracheostomaschutz in Passform, anatomisch ausgearbeitet und auch f\u00fcr tief liegende Tracheostomata geeignet.Stomaschutz Solo ist f\u00fcr den Einmalgebrauch bestimmt. Der Einsatz ist f\u00fcr Kinder und [&hellip;]<\/p>\n","protected":false},"featured_media":0,"comment_status":"open","ping_status":"closed","template":"","meta":[],"product_brand":[],"product_cat":[15],"product_tag":[],"class_list":{"0":"post-1359","1":"product","2":"type-product","3":"status-publish","5":"product_cat-unkategorisiert","7":"first","8":"instock","9":"taxable","10":"shipping-taxable","11":"purchasable","12":"product-type-simple"},"jetpack_sharing_enabled":true,"_links":{"self":[{"href":"https:\/\/test.pulchlorenz.de\/index.php?rest_route=\/wp\/v2\/product\/1359","targetHints":{"allow":["GET"]}}],"collection":[{"href":"https:\/\/test.pulchlorenz.de\/index.php?rest_route=\/wp\/v2\/product"}],"about":[{"href":"https:\/\/test.pulchlorenz.de\/index.php?rest_route=\/wp\/v2\/types\/product"}],"replies":[{"embeddable":true,"href":"https:\/\/test.pulchlorenz.de\/index.php?rest_route=%2Fwp%2Fv2%2Fcomments&post=1359"}],"wp:attachment":[{"href":"https:\/\/test.pulchlorenz.de\/index.php?rest_route=%2Fwp%2Fv2%2Fmedia&parent=1359"}],"wp:term":[{"taxonomy":"product_brand","embeddable":true,"href":"https:\/\/test.pulchlorenz.de\/index.php?rest_route=%2Fwp%2Fv2%2Fproduct_brand&post=1359"},{"taxonomy":"product_cat","embeddable":true,"href":"https:\/\/test.pulchlorenz.de\/index.php?rest_route=%2Fwp%2Fv2%2Fproduct_cat&post=1359"},{"taxonomy":"product_tag","embeddable":true,"href":"https:\/\/test.pulchlorenz.de\/index.php?rest_route=%2Fwp%2Fv2%2Fproduct_tag&post=1359"}],"curies":[{"name":"wp","href":"https:\/\/api.w.org\/{rel}","templated":true}]}}