{"id":1362,"date":"2023-03-21T16:08:55","date_gmt":"2023-03-21T16:08:55","guid":{"rendered":"https:\/\/test.pulchlorenz.de\/?product=stativsaeule-t-profil-mit-grob-feintrieb-350mm"},"modified":"2023-03-21T16:08:55","modified_gmt":"2023-03-21T16:08:55","slug":"stativsaeule-t-profil-mit-grob-feintrieb-350mm","status":"publish","type":"product","link":"https:\/\/test.pulchlorenz.de\/?product=stativsaeule-t-profil-mit-grob-feintrieb-350mm","title":{"rendered":"Stativs\u00e4ule T-Profil mit Grob-Feintrieb 350mm"},"content":{"rendered":"<p>Stativs\u00e4ule f\u00fcr Zeiss Discovery und Axio Zoom Mikroskope.   Tragf\u00e4higkeit 10kg  Hub pro Umdreheung des Grobtiebs: 27,9mm  Hub pro Umdrehung des Feintriebs: 2,2mm  kompatibel zu Basis 300 oder Version -9902 von Stativplatte 450 und zu Ausr\u00fcstungen von SteREO Discovery oder Axio Zoom.V16 ohne Objektivrevolver<\/p>\n","protected":false},"excerpt":{"rendered":"<p>Stativs\u00e4ule f\u00fcr Zeiss Discovery und Axio Zoom Mikroskope. Tragf\u00e4higkeit 10kg Hub pro Umdreheung des Grobtiebs: 27,9mm Hub pro Umdrehung des Feintriebs: 2,2mm kompatibel zu Basis 300 oder Version -9902 von Stativplatte 450 und zu Ausr\u00fcstungen von SteREO Discovery oder Axio Zoom.V16 ohne Objektivrevolver<\/p>\n","protected":false},"featured_media":0,"comment_status":"open","ping_status":"closed","template":"","meta":[],"product_brand":[],"product_cat":[15],"product_tag":[],"class_list":{"0":"post-1362","1":"product","2":"type-product","3":"status-publish","5":"product_cat-unkategorisiert","7":"first","8":"instock","9":"taxable","10":"shipping-taxable","11":"purchasable","12":"product-type-simple"},"jetpack_sharing_enabled":true,"_links":{"self":[{"href":"https:\/\/test.pulchlorenz.de\/index.php?rest_route=\/wp\/v2\/product\/1362","targetHints":{"allow":["GET"]}}],"collection":[{"href":"https:\/\/test.pulchlorenz.de\/index.php?rest_route=\/wp\/v2\/product"}],"about":[{"href":"https:\/\/test.pulchlorenz.de\/index.php?rest_route=\/wp\/v2\/types\/product"}],"replies":[{"embeddable":true,"href":"https:\/\/test.pulchlorenz.de\/index.php?rest_route=%2Fwp%2Fv2%2Fcomments&post=1362"}],"wp:attachment":[{"href":"https:\/\/test.pulchlorenz.de\/index.php?rest_route=%2Fwp%2Fv2%2Fmedia&parent=1362"}],"wp:term":[{"taxonomy":"product_brand","embeddable":true,"href":"https:\/\/test.pulchlorenz.de\/index.php?rest_route=%2Fwp%2Fv2%2Fproduct_brand&post=1362"},{"taxonomy":"product_cat","embeddable":true,"href":"https:\/\/test.pulchlorenz.de\/index.php?rest_route=%2Fwp%2Fv2%2Fproduct_cat&post=1362"},{"taxonomy":"product_tag","embeddable":true,"href":"https:\/\/test.pulchlorenz.de\/index.php?rest_route=%2Fwp%2Fv2%2Fproduct_tag&post=1362"}],"curies":[{"name":"wp","href":"https:\/\/api.w.org\/{rel}","templated":true}]}}