{"id":1366,"date":"2023-03-21T16:08:56","date_gmt":"2023-03-21T16:08:56","guid":{"rendered":"https:\/\/test.pulchlorenz.de\/?product=zen-toolkit-connect"},"modified":"2023-03-21T16:08:56","modified_gmt":"2023-03-21T16:08:56","slug":"zen-toolkit-connect","status":"publish","type":"product","link":"https:\/\/test.pulchlorenz.de\/?product=zen-toolkit-connect","title":{"rendered":"ZEN Toolkit Connect"},"content":{"rendered":"<p>Dieses Paket beinhaltet die volle ZEN Connect Funktionalit\u00e4t f\u00fcr 2D- und 3D-Applikationen. Es werden sowohl Workflows an Einzelsystemen als auch zwischen mehreren Systemen (mit oder ohne korrelativen Probenhalter) unterst\u00fctzt. Es erweitert die ZEN Connect Basisfunktionalit\u00e4t um die folgenden Funktionen: &#8211; Interaktive Steuerung der Tischbewegung \u00fcber den ZEN Connect- Workspace* &#8211; Erweiterte 2D-Ausrichtungsfunktionen &#8211; Messungen im ZEN Connect-Workspace &#8211; Export der Projektansicht als Bild (Ein- und Mehrkanal) &#8211; Export von Projektansichten als Fly-Through-Film &#8211; Export in das SerialEM-Dateiformat &#8211; Import von Mikroskopiebildern von Drittanbietern, die von Bio-Formaten unterst\u00fctzt werden &#8211; Halbautomatische Kalibrierung der Objekthalter f\u00fcr Korrelative Mikroskopie &#8211; Definition von Regionen innerhalb des Correlative Workspace &#8211; Einfaches Wiederfinden von markierten Regionen &#8211; Kontrolle der angezeigten z-position innerhalb des Correlative Workspace &#8211; Ausrichten von Bildern in der z-Dimension &#8211; Korrelative Ansicht von zwei 3D Volumina (ben\u00f6tigt 3D Toolkit)** &#8211; Ausrichten von zwei 3D Volumina (ben\u00f6tigt 3D Toolkit) ** &#8211; Import von FIB-Bildstapeln** (*nicht ZEN lite  &#038;  ZEN starter; motorisierter Tisch erforderlich) (**nicht in ZEN core verf\u00fcgbar)<\/p>\n","protected":false},"excerpt":{"rendered":"<p>Dieses Paket beinhaltet die volle ZEN Connect Funktionalit\u00e4t f\u00fcr 2D- und 3D-Applikationen. Es werden sowohl Workflows an Einzelsystemen als auch zwischen mehreren Systemen (mit oder ohne korrelativen Probenhalter) unterst\u00fctzt. Es erweitert die ZEN Connect Basisfunktionalit\u00e4t um die folgenden Funktionen: &#8211; Interaktive Steuerung der Tischbewegung \u00fcber den ZEN Connect- Workspace* &#8211; Erweiterte 2D-Ausrichtungsfunktionen &#8211; Messungen im [&hellip;]<\/p>\n","protected":false},"featured_media":0,"comment_status":"open","ping_status":"closed","template":"","meta":[],"product_brand":[],"product_cat":[15],"product_tag":[],"class_list":{"0":"post-1366","1":"product","2":"type-product","3":"status-publish","5":"product_cat-unkategorisiert","7":"first","8":"instock","9":"taxable","10":"shipping-taxable","11":"purchasable","12":"product-type-simple"},"jetpack_sharing_enabled":true,"_links":{"self":[{"href":"https:\/\/test.pulchlorenz.de\/index.php?rest_route=\/wp\/v2\/product\/1366","targetHints":{"allow":["GET"]}}],"collection":[{"href":"https:\/\/test.pulchlorenz.de\/index.php?rest_route=\/wp\/v2\/product"}],"about":[{"href":"https:\/\/test.pulchlorenz.de\/index.php?rest_route=\/wp\/v2\/types\/product"}],"replies":[{"embeddable":true,"href":"https:\/\/test.pulchlorenz.de\/index.php?rest_route=%2Fwp%2Fv2%2Fcomments&post=1366"}],"wp:attachment":[{"href":"https:\/\/test.pulchlorenz.de\/index.php?rest_route=%2Fwp%2Fv2%2Fmedia&parent=1366"}],"wp:term":[{"taxonomy":"product_brand","embeddable":true,"href":"https:\/\/test.pulchlorenz.de\/index.php?rest_route=%2Fwp%2Fv2%2Fproduct_brand&post=1366"},{"taxonomy":"product_cat","embeddable":true,"href":"https:\/\/test.pulchlorenz.de\/index.php?rest_route=%2Fwp%2Fv2%2Fproduct_cat&post=1366"},{"taxonomy":"product_tag","embeddable":true,"href":"https:\/\/test.pulchlorenz.de\/index.php?rest_route=%2Fwp%2Fv2%2Fproduct_tag&post=1366"}],"curies":[{"name":"wp","href":"https:\/\/api.w.org\/{rel}","templated":true}]}}