{"id":1369,"date":"2023-03-21T16:08:56","date_gmt":"2023-03-21T16:08:56","guid":{"rendered":"https:\/\/test.pulchlorenz.de\/?product=zen-toolkit-developer"},"modified":"2023-03-21T16:08:56","modified_gmt":"2023-03-21T16:08:56","slug":"zen-toolkit-developer","status":"publish","type":"product","link":"https:\/\/test.pulchlorenz.de\/?product=zen-toolkit-developer","title":{"rendered":"ZEN Toolkit Developer"},"content":{"rendered":"<p>Anpassung, Erweiterung und Automatisierung von ZEN und ZEN core. Mit diesem Paket k\u00f6nnen Nutzer in ZEN und ZEN core automatisierte Workflows erstellen und die Bildaufnahme, die Bildprozessierung sowie Analyseschritte automatisieren. Das Paket erm\u00f6glicht die Steuerung ausgew\u00e4hlter ZEN-Funktionen \u00fcber Skripte und beinhaltet eine integrierte Entwicklungsumgebung (IDE) mit Editor, Debugger und Rekorder*. Mit dieser Makroschnittstelle und der Programmiersprache Python k\u00f6nnen Benutzer sowohl einfachen Makrocode als auch fortgeschrittene Skripte erstellen. Benutzer k\u00f6nnen die Funktionalit\u00e4t durch Einbindung zus\u00e4tzlicher Bibliotheken weiter ausbauen. Dieses Paket erm\u00f6glicht au\u00dferdem die Fernsteuerung von ZEN \u00fcber TCP\/IP* und COM*. (*nicht verf\u00fcgbar f\u00fcr ZEN core)<\/p>\n","protected":false},"excerpt":{"rendered":"<p>Anpassung, Erweiterung und Automatisierung von ZEN und ZEN core. Mit diesem Paket k\u00f6nnen Nutzer in ZEN und ZEN core automatisierte Workflows erstellen und die Bildaufnahme, die Bildprozessierung sowie Analyseschritte automatisieren. Das Paket erm\u00f6glicht die Steuerung ausgew\u00e4hlter ZEN-Funktionen \u00fcber Skripte und beinhaltet eine integrierte Entwicklungsumgebung (IDE) mit Editor, Debugger und Rekorder*. Mit dieser Makroschnittstelle und der [&hellip;]<\/p>\n","protected":false},"featured_media":0,"comment_status":"open","ping_status":"closed","template":"","meta":[],"product_brand":[],"product_cat":[15],"product_tag":[],"class_list":{"0":"post-1369","1":"product","2":"type-product","3":"status-publish","5":"product_cat-unkategorisiert","7":"first","8":"instock","9":"taxable","10":"shipping-taxable","11":"purchasable","12":"product-type-simple"},"jetpack_sharing_enabled":true,"_links":{"self":[{"href":"https:\/\/test.pulchlorenz.de\/index.php?rest_route=\/wp\/v2\/product\/1369","targetHints":{"allow":["GET"]}}],"collection":[{"href":"https:\/\/test.pulchlorenz.de\/index.php?rest_route=\/wp\/v2\/product"}],"about":[{"href":"https:\/\/test.pulchlorenz.de\/index.php?rest_route=\/wp\/v2\/types\/product"}],"replies":[{"embeddable":true,"href":"https:\/\/test.pulchlorenz.de\/index.php?rest_route=%2Fwp%2Fv2%2Fcomments&post=1369"}],"wp:attachment":[{"href":"https:\/\/test.pulchlorenz.de\/index.php?rest_route=%2Fwp%2Fv2%2Fmedia&parent=1369"}],"wp:term":[{"taxonomy":"product_brand","embeddable":true,"href":"https:\/\/test.pulchlorenz.de\/index.php?rest_route=%2Fwp%2Fv2%2Fproduct_brand&post=1369"},{"taxonomy":"product_cat","embeddable":true,"href":"https:\/\/test.pulchlorenz.de\/index.php?rest_route=%2Fwp%2Fv2%2Fproduct_cat&post=1369"},{"taxonomy":"product_tag","embeddable":true,"href":"https:\/\/test.pulchlorenz.de\/index.php?rest_route=%2Fwp%2Fv2%2Fproduct_tag&post=1369"}],"curies":[{"name":"wp","href":"https:\/\/api.w.org\/{rel}","templated":true}]}}