{"id":1374,"date":"2023-03-21T16:08:58","date_gmt":"2023-03-21T16:08:58","guid":{"rendered":"https:\/\/test.pulchlorenz.de\/?product=kaltlichtquelle-schott-kl-1600-led"},"modified":"2023-03-21T16:08:58","modified_gmt":"2023-03-21T16:08:58","slug":"kaltlichtquelle-schott-kl-1600-led","status":"publish","type":"product","link":"https:\/\/test.pulchlorenz.de\/?product=kaltlichtquelle-schott-kl-1600-led","title":{"rendered":"Kaltlichtquelle Schott KL 1600 LED"},"content":{"rendered":"<p>Nachfolger der KL 1500 LED, mit den regul\u00e4ren Lichtleitern (5mm aktiver Durchmesser) erreichen Sie einen Lichtfluss von bis zu 680 Lumen. Mit dem 9mm Lichtleiter sind sogar 680lm m\u00f6glich.  \t stufenlos elektronisch regulierbare Lichtintensit\u00e4t \t Keine Ver\u00e4nderung der Farbtemperatur beim dimmen \t Dioden: Osram Ostar Compact \t Farbtemperatur: ~5600K   Lieferumfang: Kaltlichtquelle ohne Netzkabel und Lichtleiter<\/p>\n","protected":false},"excerpt":{"rendered":"<p>Nachfolger der KL 1500 LED, mit den regul\u00e4ren Lichtleitern (5mm aktiver Durchmesser) erreichen Sie einen Lichtfluss von bis zu 680 Lumen. Mit dem 9mm Lichtleiter sind sogar 680lm m\u00f6glich. stufenlos elektronisch regulierbare Lichtintensit\u00e4t Keine Ver\u00e4nderung der Farbtemperatur beim dimmen Dioden: Osram Ostar Compact Farbtemperatur: ~5600K Lieferumfang: Kaltlichtquelle ohne Netzkabel und Lichtleiter<\/p>\n","protected":false},"featured_media":0,"comment_status":"open","ping_status":"closed","template":"","meta":[],"product_brand":[],"product_cat":[15],"product_tag":[],"class_list":{"0":"post-1374","1":"product","2":"type-product","3":"status-publish","5":"product_cat-unkategorisiert","7":"first","8":"instock","9":"taxable","10":"shipping-taxable","11":"purchasable","12":"product-type-simple"},"jetpack_sharing_enabled":true,"_links":{"self":[{"href":"https:\/\/test.pulchlorenz.de\/index.php?rest_route=\/wp\/v2\/product\/1374","targetHints":{"allow":["GET"]}}],"collection":[{"href":"https:\/\/test.pulchlorenz.de\/index.php?rest_route=\/wp\/v2\/product"}],"about":[{"href":"https:\/\/test.pulchlorenz.de\/index.php?rest_route=\/wp\/v2\/types\/product"}],"replies":[{"embeddable":true,"href":"https:\/\/test.pulchlorenz.de\/index.php?rest_route=%2Fwp%2Fv2%2Fcomments&post=1374"}],"wp:attachment":[{"href":"https:\/\/test.pulchlorenz.de\/index.php?rest_route=%2Fwp%2Fv2%2Fmedia&parent=1374"}],"wp:term":[{"taxonomy":"product_brand","embeddable":true,"href":"https:\/\/test.pulchlorenz.de\/index.php?rest_route=%2Fwp%2Fv2%2Fproduct_brand&post=1374"},{"taxonomy":"product_cat","embeddable":true,"href":"https:\/\/test.pulchlorenz.de\/index.php?rest_route=%2Fwp%2Fv2%2Fproduct_cat&post=1374"},{"taxonomy":"product_tag","embeddable":true,"href":"https:\/\/test.pulchlorenz.de\/index.php?rest_route=%2Fwp%2Fv2%2Fproduct_tag&post=1374"}],"curies":[{"name":"wp","href":"https:\/\/api.w.org\/{rel}","templated":true}]}}