{"id":1377,"date":"2023-03-21T16:08:59","date_gmt":"2023-03-21T16:08:59","guid":{"rendered":"https:\/\/test.pulchlorenz.de\/?product=pl-stemi-spot-k-led-senkrechtbeleuchtung"},"modified":"2023-03-21T16:08:59","modified_gmt":"2023-03-21T16:08:59","slug":"pl-stemi-spot-k-led-senkrechtbeleuchtung","status":"publish","type":"product","link":"https:\/\/test.pulchlorenz.de\/?product=pl-stemi-spot-k-led-senkrechtbeleuchtung","title":{"rendered":"P+L Stemi-Spot K LED Senkrechtbeleuchtung"},"content":{"rendered":"<p>F\u00fcr tiefe Einblicke, in Kan\u00e4le, Bohrungen und andere Vertiefungen ben\u00f6tigen Sie eine m\u00f6glichst senkrechte Belechtung. Eine echte Koaxialbeleuchtung, bei der das Licht in den Sichtkanal eingespeist wird ist kompliziert und hat ganz eigene Nachteile. Unsere Stemi-Spot-Senkrechtbeleuchtung erm\u00f6glicht das Nachr\u00fcsten einer LED-Senkrechtbeleuchtung f\u00fcr Stereomikroskope.  Befestigt wird die Senkrechtbeleuchtung an der Frontoptik des Mikroskopk\u00f6rpers oder ggf. am dort befestigten Vorsatzsystem (bei Vorsatzoptik 1,6x und 2,0x kommt es zu Einschr\u00e4nkungen). Die Stromversorgung sowie Steuerung erfolgt \u00fcber das Zeiss Stativ K mit einem RJ12 Anschluss (IVI) (oder \u00fcber einen Controller K)   Ein wechselbares Staubschutzglas ist im Lieferumfang enthalten\u00a0   Das Licht der LED\u00a0wird durch eine Linse geb\u00fcndelt und trifft beinahe senkrecht auf das betrachtete Objekt. Durch die triggerfreie LED-Technik kommt es bei dieser Beleuchtung nicht zum Flackern; damit ist die Beleuchtung auch bestens f\u00fcr den Einsatz zusammen mit einer Kamera geeignet.             Kompatibel zu:  \t Stemi DV4 \t Stemi 1000 \t Stemi 2000 \/ C \/ CS \t Stemi 305 \/ trino \/ cam \t Stemi 508 \/ doc \/ trino<\/p>\n","protected":false},"excerpt":{"rendered":"<p>F\u00fcr tiefe Einblicke, in Kan\u00e4le, Bohrungen und andere Vertiefungen ben\u00f6tigen Sie eine m\u00f6glichst senkrechte Belechtung. Eine echte Koaxialbeleuchtung, bei der das Licht in den Sichtkanal eingespeist wird ist kompliziert und hat ganz eigene Nachteile. Unsere Stemi-Spot-Senkrechtbeleuchtung erm\u00f6glicht das Nachr\u00fcsten einer LED-Senkrechtbeleuchtung f\u00fcr Stereomikroskope. Befestigt wird die Senkrechtbeleuchtung an der Frontoptik des Mikroskopk\u00f6rpers oder ggf. am [&hellip;]<\/p>\n","protected":false},"featured_media":0,"comment_status":"open","ping_status":"closed","template":"","meta":[],"product_brand":[],"product_cat":[15],"product_tag":[],"class_list":{"0":"post-1377","1":"product","2":"type-product","3":"status-publish","5":"product_cat-unkategorisiert","7":"first","8":"instock","9":"taxable","10":"shipping-taxable","11":"purchasable","12":"product-type-simple"},"jetpack_sharing_enabled":true,"_links":{"self":[{"href":"https:\/\/test.pulchlorenz.de\/index.php?rest_route=\/wp\/v2\/product\/1377","targetHints":{"allow":["GET"]}}],"collection":[{"href":"https:\/\/test.pulchlorenz.de\/index.php?rest_route=\/wp\/v2\/product"}],"about":[{"href":"https:\/\/test.pulchlorenz.de\/index.php?rest_route=\/wp\/v2\/types\/product"}],"replies":[{"embeddable":true,"href":"https:\/\/test.pulchlorenz.de\/index.php?rest_route=%2Fwp%2Fv2%2Fcomments&post=1377"}],"wp:attachment":[{"href":"https:\/\/test.pulchlorenz.de\/index.php?rest_route=%2Fwp%2Fv2%2Fmedia&parent=1377"}],"wp:term":[{"taxonomy":"product_brand","embeddable":true,"href":"https:\/\/test.pulchlorenz.de\/index.php?rest_route=%2Fwp%2Fv2%2Fproduct_brand&post=1377"},{"taxonomy":"product_cat","embeddable":true,"href":"https:\/\/test.pulchlorenz.de\/index.php?rest_route=%2Fwp%2Fv2%2Fproduct_cat&post=1377"},{"taxonomy":"product_tag","embeddable":true,"href":"https:\/\/test.pulchlorenz.de\/index.php?rest_route=%2Fwp%2Fv2%2Fproduct_tag&post=1377"}],"curies":[{"name":"wp","href":"https:\/\/api.w.org\/{rel}","templated":true}]}}