{"id":1392,"date":"2023-03-21T16:09:01","date_gmt":"2023-03-21T16:09:01","guid":{"rendered":"https:\/\/test.pulchlorenz.de\/?product=kopflupe-ks-43x-400-mm"},"modified":"2023-03-21T16:09:01","modified_gmt":"2023-03-21T16:09:01","slug":"kopflupe-ks-43x-400-mm","status":"publish","type":"product","link":"https:\/\/test.pulchlorenz.de\/?product=kopflupe-ks-43x-400-mm","title":{"rendered":"Kopflupe KS 4,3x \/ 400 mm"},"content":{"rendered":"<p>Die Kopflupe KS wird zum binokularen, stereoskopischen Nahsehen in Medizin und Technik benutzt.  Das Fernrohrlupen-System Keplerscher Bauart ist am Systemtr\u00e4ger S (Support) montiert. Die Optik ist in verschiedenen Vergr\u00f6\u00dferungen und Arbeitsabst\u00e4nden erh\u00e4ltlich. Der Support bietet dank seiner individuellen Anpassm\u00f6glichkeiten einen hohen Tragekomfort.  Die Brillentr\u00e4gerokulare erlauben das Tragen einer Korrektionsbrille hinter dem Fernrohrlupen-System K. Die H\u00f6henpositionierung und die Neigung des Systems erfolgen \u00fcber das Verbindungsteil des Supports. Die Einstellung des Augenabstandes wird mit der Knickbr\u00fccke des Systems vorgenommen.  Bei Bedarf l\u00e4sst sich das Fernrohrlupen-System K aus dem Gesichtsfeld heraus schwenken und wieder in die Arbeitsposition zur\u00fcckf\u00fchren.  Baul\u00e4nge der Optik: 51,5 bis 62mm Gewicht: ca. 330g  Inklusive Fernrohrsystem K, Systemtr\u00e4ger (inkl Textilpads) und Beh\u00e4lter.  F\u00fcr genaue Spezifikationen w\u00e4hlen Sie bitte eine Variante<\/p>\n","protected":false},"excerpt":{"rendered":"<p>Die Kopflupe KS wird zum binokularen, stereoskopischen Nahsehen in Medizin und Technik benutzt. Das Fernrohrlupen-System Keplerscher Bauart ist am Systemtr\u00e4ger S (Support) montiert. Die Optik ist in verschiedenen Vergr\u00f6\u00dferungen und Arbeitsabst\u00e4nden erh\u00e4ltlich. Der Support bietet dank seiner individuellen Anpassm\u00f6glichkeiten einen hohen Tragekomfort. Die Brillentr\u00e4gerokulare erlauben das Tragen einer Korrektionsbrille hinter dem Fernrohrlupen-System K. Die H\u00f6henpositionierung [&hellip;]<\/p>\n","protected":false},"featured_media":0,"comment_status":"open","ping_status":"closed","template":"","meta":[],"product_brand":[],"product_cat":[15],"product_tag":[],"class_list":{"0":"post-1392","1":"product","2":"type-product","3":"status-publish","5":"product_cat-unkategorisiert","7":"first","8":"instock","9":"taxable","10":"shipping-taxable","11":"purchasable","12":"product-type-simple"},"jetpack_sharing_enabled":true,"_links":{"self":[{"href":"https:\/\/test.pulchlorenz.de\/index.php?rest_route=\/wp\/v2\/product\/1392","targetHints":{"allow":["GET"]}}],"collection":[{"href":"https:\/\/test.pulchlorenz.de\/index.php?rest_route=\/wp\/v2\/product"}],"about":[{"href":"https:\/\/test.pulchlorenz.de\/index.php?rest_route=\/wp\/v2\/types\/product"}],"replies":[{"embeddable":true,"href":"https:\/\/test.pulchlorenz.de\/index.php?rest_route=%2Fwp%2Fv2%2Fcomments&post=1392"}],"wp:attachment":[{"href":"https:\/\/test.pulchlorenz.de\/index.php?rest_route=%2Fwp%2Fv2%2Fmedia&parent=1392"}],"wp:term":[{"taxonomy":"product_brand","embeddable":true,"href":"https:\/\/test.pulchlorenz.de\/index.php?rest_route=%2Fwp%2Fv2%2Fproduct_brand&post=1392"},{"taxonomy":"product_cat","embeddable":true,"href":"https:\/\/test.pulchlorenz.de\/index.php?rest_route=%2Fwp%2Fv2%2Fproduct_cat&post=1392"},{"taxonomy":"product_tag","embeddable":true,"href":"https:\/\/test.pulchlorenz.de\/index.php?rest_route=%2Fwp%2Fv2%2Fproduct_tag&post=1392"}],"curies":[{"name":"wp","href":"https:\/\/api.w.org\/{rel}","templated":true}]}}