{"id":1393,"date":"2023-03-21T16:09:02","date_gmt":"2023-03-21T16:09:02","guid":{"rendered":"https:\/\/test.pulchlorenz.de\/?product=kopflupe-kf-titan"},"modified":"2023-03-21T16:09:02","modified_gmt":"2023-03-21T16:09:02","slug":"kopflupe-kf-titan","status":"publish","type":"product","link":"https:\/\/test.pulchlorenz.de\/?product=kopflupe-kf-titan","title":{"rendered":"Kopflupe KF Titan"},"content":{"rendered":"<p>Die Kopflupe KF titan wird zum binokularen, stereoskopischen Nahsehen in Medizin und Technik benutzt.  Das Fernrohrlupen-System Keplerscher Bauart ist an den Systemtr\u00e4ger KF titan, einer Fassung mit Steckb\u00fcgeln und elastischem Halteband, montiert. Die Optik ist in verschiedenen Vergr\u00f6\u00dferungen und Arbeitsabst\u00e4nden, der Systemtr\u00e4ger in unterschiedlichen Fassungsgr\u00f6\u00dfen erh\u00e4ltlich. Brillentr\u00e4gerokulare erlauben das Tragen vor der Fassung. Diese wird mit Brillengl\u00e4sern beliebiger Korrektionswirkung verglast.  Die H\u00f6henpositionierung und die Neigung des Fernrohrlupen- Systems K zu den Augen erfolgt \u00fcber das Verbindungsteil des Systemtr\u00e4gers.  Die Einstellung des Augenabstandes wird \u00fcber die Knickbr\u00fccke des Systems vorgenommen.  Bei Bedarf l\u00e4sst sich das Fernrohrlupen-System K aus dem Gesichtsfeld herausschwenken und wieder in die Arbeitsposition zur\u00fcckf\u00fchren.  Durch den aufgeschraubten Objektivschutz, der standardm\u00e4\u00dfig im Lieferumfang des Fernrohrlupen- System K enthalten ist, sind die optischen Systeme spritzwasserdicht und vor Besch\u00e4digung gesch\u00fctzt.  Baul\u00e4nge der Optik: 51,5 bis 62mm Gewicht: ca. 135g  Inklusive Fernrohrsystem K, Systemtr\u00e4ger inkl. Torxschl\u00fcssel und Beh\u00e4lter.  F\u00fcr genaue Spezifikationen w\u00e4hlen Sie bitte eine Variante<\/p>\n","protected":false},"excerpt":{"rendered":"<p>Die Kopflupe KF titan wird zum binokularen, stereoskopischen Nahsehen in Medizin und Technik benutzt. Das Fernrohrlupen-System Keplerscher Bauart ist an den Systemtr\u00e4ger KF titan, einer Fassung mit Steckb\u00fcgeln und elastischem Halteband, montiert. Die Optik ist in verschiedenen Vergr\u00f6\u00dferungen und Arbeitsabst\u00e4nden, der Systemtr\u00e4ger in unterschiedlichen Fassungsgr\u00f6\u00dfen erh\u00e4ltlich. Brillentr\u00e4gerokulare erlauben das Tragen vor der Fassung. Diese wird [&hellip;]<\/p>\n","protected":false},"featured_media":0,"comment_status":"open","ping_status":"closed","template":"","meta":[],"product_brand":[],"product_cat":[15],"product_tag":[],"class_list":{"0":"post-1393","1":"product","2":"type-product","3":"status-publish","5":"product_cat-unkategorisiert","7":"first","8":"instock","9":"taxable","10":"shipping-taxable","11":"purchasable","12":"product-type-simple"},"jetpack_sharing_enabled":true,"_links":{"self":[{"href":"https:\/\/test.pulchlorenz.de\/index.php?rest_route=\/wp\/v2\/product\/1393","targetHints":{"allow":["GET"]}}],"collection":[{"href":"https:\/\/test.pulchlorenz.de\/index.php?rest_route=\/wp\/v2\/product"}],"about":[{"href":"https:\/\/test.pulchlorenz.de\/index.php?rest_route=\/wp\/v2\/types\/product"}],"replies":[{"embeddable":true,"href":"https:\/\/test.pulchlorenz.de\/index.php?rest_route=%2Fwp%2Fv2%2Fcomments&post=1393"}],"wp:attachment":[{"href":"https:\/\/test.pulchlorenz.de\/index.php?rest_route=%2Fwp%2Fv2%2Fmedia&parent=1393"}],"wp:term":[{"taxonomy":"product_brand","embeddable":true,"href":"https:\/\/test.pulchlorenz.de\/index.php?rest_route=%2Fwp%2Fv2%2Fproduct_brand&post=1393"},{"taxonomy":"product_cat","embeddable":true,"href":"https:\/\/test.pulchlorenz.de\/index.php?rest_route=%2Fwp%2Fv2%2Fproduct_cat&post=1393"},{"taxonomy":"product_tag","embeddable":true,"href":"https:\/\/test.pulchlorenz.de\/index.php?rest_route=%2Fwp%2Fv2%2Fproduct_tag&post=1393"}],"curies":[{"name":"wp","href":"https:\/\/api.w.org\/{rel}","templated":true}]}}