{"id":1408,"date":"2023-03-21T16:09:05","date_gmt":"2023-03-21T16:09:05","guid":{"rendered":"https:\/\/test.pulchlorenz.de\/?product=kopflupe-l-d6"},"modified":"2023-03-21T16:09:05","modified_gmt":"2023-03-21T16:09:05","slug":"kopflupe-l-d6","status":"publish","type":"product","link":"https:\/\/test.pulchlorenz.de\/?product=kopflupe-l-d6","title":{"rendered":"Kopflupe L D6"},"content":{"rendered":"<p>Kopflupe mit binokularem Lupenteil zum stereoskopischen Nahsehen, auch f\u00fcr Brillentr\u00e4ger geeignet.  Die Kopflupe L bietet sich an, wenn schwache Vergr\u00f6\u00dferungen ausreichen. Die H\u00e4nde bleiben frei zum Arbeiten. Der in der H\u00f6he verstellbare, seitlich geschlossene Schirm verhindert st\u00f6rendes Streulicht und l\u00e4sst sich bei Bedarf aus dem Gesichtsfeld herausschwenken. Zur Steigerung des Tragekomforts ist das Stirnband mit einem auswechselbaren Textilpad ausgestattet. Ein Ersatzpad geh\u00f6rt zum Lieferumfang. Die L\u00e4nge des elastischen Hinterkopfbandes ist verstellbar.  Die Kopflupe L ist mit 4 dpt oder 6 dpt lieferbar. Die binokularen Lupenteile sind leicht auszuwechseln und lassen sich auch an der Kopflupe LC verwenden.  F\u00fcr genaue Spezifikationen w\u00e4hlen Sie bitte eine Variante<\/p>\n","protected":false},"excerpt":{"rendered":"<p>Kopflupe mit binokularem Lupenteil zum stereoskopischen Nahsehen, auch f\u00fcr Brillentr\u00e4ger geeignet. Die Kopflupe L bietet sich an, wenn schwache Vergr\u00f6\u00dferungen ausreichen. Die H\u00e4nde bleiben frei zum Arbeiten. Der in der H\u00f6he verstellbare, seitlich geschlossene Schirm verhindert st\u00f6rendes Streulicht und l\u00e4sst sich bei Bedarf aus dem Gesichtsfeld herausschwenken. Zur Steigerung des Tragekomforts ist das Stirnband mit [&hellip;]<\/p>\n","protected":false},"featured_media":0,"comment_status":"open","ping_status":"closed","template":"","meta":[],"product_brand":[],"product_cat":[15],"product_tag":[],"class_list":{"0":"post-1408","1":"product","2":"type-product","3":"status-publish","5":"product_cat-unkategorisiert","7":"first","8":"instock","9":"taxable","10":"shipping-taxable","11":"purchasable","12":"product-type-simple"},"jetpack_sharing_enabled":true,"_links":{"self":[{"href":"https:\/\/test.pulchlorenz.de\/index.php?rest_route=\/wp\/v2\/product\/1408","targetHints":{"allow":["GET"]}}],"collection":[{"href":"https:\/\/test.pulchlorenz.de\/index.php?rest_route=\/wp\/v2\/product"}],"about":[{"href":"https:\/\/test.pulchlorenz.de\/index.php?rest_route=\/wp\/v2\/types\/product"}],"replies":[{"embeddable":true,"href":"https:\/\/test.pulchlorenz.de\/index.php?rest_route=%2Fwp%2Fv2%2Fcomments&post=1408"}],"wp:attachment":[{"href":"https:\/\/test.pulchlorenz.de\/index.php?rest_route=%2Fwp%2Fv2%2Fmedia&parent=1408"}],"wp:term":[{"taxonomy":"product_brand","embeddable":true,"href":"https:\/\/test.pulchlorenz.de\/index.php?rest_route=%2Fwp%2Fv2%2Fproduct_brand&post=1408"},{"taxonomy":"product_cat","embeddable":true,"href":"https:\/\/test.pulchlorenz.de\/index.php?rest_route=%2Fwp%2Fv2%2Fproduct_cat&post=1408"},{"taxonomy":"product_tag","embeddable":true,"href":"https:\/\/test.pulchlorenz.de\/index.php?rest_route=%2Fwp%2Fv2%2Fproduct_tag&post=1408"}],"curies":[{"name":"wp","href":"https:\/\/api.w.org\/{rel}","templated":true}]}}