{"id":1415,"date":"2023-03-21T16:09:06","date_gmt":"2023-03-21T16:09:06","guid":{"rendered":"https:\/\/test.pulchlorenz.de\/?product=objektiv-w-plan-apochromat-20x-10-dic-d017-m27-2"},"modified":"2023-03-21T16:09:06","modified_gmt":"2023-03-21T16:09:06","slug":"objektiv-w-plan-apochromat-20x-10-dic-d017-m27-2","status":"publish","type":"product","link":"https:\/\/test.pulchlorenz.de\/?product=objektiv-w-plan-apochromat-20x-10-dic-d017-m27-2","title":{"rendered":"Objektiv W Plan-Apochromat 20x\/1,0 DIC D=0,17 M27"},"content":{"rendered":"<p>Plan APOCHROMAT Objektive liefern mit bester Farbkorrektur und h\u00f6chsten numerische Aperturen brilliante Bilder  im Hellfeld und Fluoreszenzverfahren.  Eine hohe Aufl\u00f6sung und exzellente Bildsch\u00e4rfe machen auch feinste Details und Farbnuancen deutlich sichtbar.  Objektiv W Plan-Apochromat 20x\/1,0 DIC D=0,17 M27 75mm Abgleichl\u00e4nge 75mm, (a=1,7mm), (UV) VIS-IR,  inkl. Deckgl\u00e4ser, hoch pr\u00e4zise, D=0,17mm, Schachtel mit 100 St\u00fcck  Kompatible Mikroskope:  \t Axio Examiner.D1 \t Axio Examiner.Z1<\/p>\n","protected":false},"excerpt":{"rendered":"<p>Plan APOCHROMAT Objektive liefern mit bester Farbkorrektur und h\u00f6chsten numerische Aperturen brilliante Bilder im Hellfeld und Fluoreszenzverfahren. Eine hohe Aufl\u00f6sung und exzellente Bildsch\u00e4rfe machen auch feinste Details und Farbnuancen deutlich sichtbar. Objektiv W Plan-Apochromat 20x\/1,0 DIC D=0,17 M27 75mm Abgleichl\u00e4nge 75mm, (a=1,7mm), (UV) VIS-IR, inkl. Deckgl\u00e4ser, hoch pr\u00e4zise, D=0,17mm, Schachtel mit 100 St\u00fcck Kompatible Mikroskope: [&hellip;]<\/p>\n","protected":false},"featured_media":0,"comment_status":"open","ping_status":"closed","template":"","meta":[],"product_brand":[],"product_cat":[15],"product_tag":[],"class_list":{"0":"post-1415","1":"product","2":"type-product","3":"status-publish","5":"product_cat-unkategorisiert","7":"first","8":"instock","9":"taxable","10":"shipping-taxable","11":"purchasable","12":"product-type-simple"},"jetpack_sharing_enabled":true,"_links":{"self":[{"href":"https:\/\/test.pulchlorenz.de\/index.php?rest_route=\/wp\/v2\/product\/1415","targetHints":{"allow":["GET"]}}],"collection":[{"href":"https:\/\/test.pulchlorenz.de\/index.php?rest_route=\/wp\/v2\/product"}],"about":[{"href":"https:\/\/test.pulchlorenz.de\/index.php?rest_route=\/wp\/v2\/types\/product"}],"replies":[{"embeddable":true,"href":"https:\/\/test.pulchlorenz.de\/index.php?rest_route=%2Fwp%2Fv2%2Fcomments&post=1415"}],"wp:attachment":[{"href":"https:\/\/test.pulchlorenz.de\/index.php?rest_route=%2Fwp%2Fv2%2Fmedia&parent=1415"}],"wp:term":[{"taxonomy":"product_brand","embeddable":true,"href":"https:\/\/test.pulchlorenz.de\/index.php?rest_route=%2Fwp%2Fv2%2Fproduct_brand&post=1415"},{"taxonomy":"product_cat","embeddable":true,"href":"https:\/\/test.pulchlorenz.de\/index.php?rest_route=%2Fwp%2Fv2%2Fproduct_cat&post=1415"},{"taxonomy":"product_tag","embeddable":true,"href":"https:\/\/test.pulchlorenz.de\/index.php?rest_route=%2Fwp%2Fv2%2Fproduct_tag&post=1415"}],"curies":[{"name":"wp","href":"https:\/\/api.w.org\/{rel}","templated":true}]}}