{"id":1428,"date":"2023-03-21T16:09:08","date_gmt":"2023-03-21T16:09:08","guid":{"rendered":"https:\/\/test.pulchlorenz.de\/?product=flexi-tischklemme"},"modified":"2023-03-21T16:09:08","modified_gmt":"2023-03-21T16:09:08","slug":"flexi-tischklemme","status":"publish","type":"product","link":"https:\/\/test.pulchlorenz.de\/?product=flexi-tischklemme","title":{"rendered":"Flexi Tischklemme"},"content":{"rendered":"<p>Zur Befestigung einer  Flexi-Mikroskopstativ Aufschraubplatte  an Tischen mit bis zu 66 mm Dicke. Die minimal ben\u00f6tige Dicke der Tischplatte betr\u00e4gt 23 mm, die Verwendung von zus\u00e4tzlichen Unterlagen bei noch d\u00fcnnerer Tischplatte ist allerdings auch m\u00f6glich.  Die Tischklemme ragt auf der Tischunterseite\u00a07,5 cm in den Tisch hinein; mit gedrehtem Unterteil reichen auch 3,4 cm bereits.<\/p>\n","protected":false},"excerpt":{"rendered":"<p>Zur Befestigung einer Flexi-Mikroskopstativ Aufschraubplatte an Tischen mit bis zu 66 mm Dicke. Die minimal ben\u00f6tige Dicke der Tischplatte betr\u00e4gt 23 mm, die Verwendung von zus\u00e4tzlichen Unterlagen bei noch d\u00fcnnerer Tischplatte ist allerdings auch m\u00f6glich. Die Tischklemme ragt auf der Tischunterseite\u00a07,5 cm in den Tisch hinein; mit gedrehtem Unterteil reichen auch 3,4 cm bereits.<\/p>\n","protected":false},"featured_media":0,"comment_status":"open","ping_status":"closed","template":"","meta":[],"product_brand":[],"product_cat":[15],"product_tag":[],"class_list":{"0":"post-1428","1":"product","2":"type-product","3":"status-publish","5":"product_cat-unkategorisiert","7":"first","8":"instock","9":"taxable","10":"shipping-taxable","11":"purchasable","12":"product-type-simple"},"jetpack_sharing_enabled":true,"_links":{"self":[{"href":"https:\/\/test.pulchlorenz.de\/index.php?rest_route=\/wp\/v2\/product\/1428","targetHints":{"allow":["GET"]}}],"collection":[{"href":"https:\/\/test.pulchlorenz.de\/index.php?rest_route=\/wp\/v2\/product"}],"about":[{"href":"https:\/\/test.pulchlorenz.de\/index.php?rest_route=\/wp\/v2\/types\/product"}],"replies":[{"embeddable":true,"href":"https:\/\/test.pulchlorenz.de\/index.php?rest_route=%2Fwp%2Fv2%2Fcomments&post=1428"}],"wp:attachment":[{"href":"https:\/\/test.pulchlorenz.de\/index.php?rest_route=%2Fwp%2Fv2%2Fmedia&parent=1428"}],"wp:term":[{"taxonomy":"product_brand","embeddable":true,"href":"https:\/\/test.pulchlorenz.de\/index.php?rest_route=%2Fwp%2Fv2%2Fproduct_brand&post=1428"},{"taxonomy":"product_cat","embeddable":true,"href":"https:\/\/test.pulchlorenz.de\/index.php?rest_route=%2Fwp%2Fv2%2Fproduct_cat&post=1428"},{"taxonomy":"product_tag","embeddable":true,"href":"https:\/\/test.pulchlorenz.de\/index.php?rest_route=%2Fwp%2Fv2%2Fproduct_tag&post=1428"}],"curies":[{"name":"wp","href":"https:\/\/api.w.org\/{rel}","templated":true}]}}