{"id":143,"date":"2023-03-21T16:05:18","date_gmt":"2023-03-21T16:05:18","guid":{"rendered":"https:\/\/test.pulchlorenz.de\/?product=flexi-tischstativ-f-mit-neigekupplung"},"modified":"2023-03-21T16:05:18","modified_gmt":"2023-03-21T16:05:18","slug":"flexi-tischstativ-f-mit-neigekupplung","status":"publish","type":"product","link":"https:\/\/test.pulchlorenz.de\/?product=flexi-tischstativ-f-mit-neigekupplung","title":{"rendered":"Flexi Tischstativ F mit Neigekupplung"},"content":{"rendered":"<p>Unsere Flexi-Mikroskopstative vereinen h\u00f6chsten Anspruch an Stabilit\u00e4t und Flexibilit\u00e4t mit ergonomischem Arbeiten:  \t einstellbar auf das Gewicht des\u00a0Mikroskopes \t einfache Demontage, leichter Transport \t Das Stativ wird direkt auf den Tisch montiert (verschraubt), eine\u00a0 Tischklemme\u00a0 ist optional erh\u00e4tlich. \t sichere H\u00f6henarretierung in jeder Lage \t optionale\u00a0Bildschirmhalterung erh\u00e4ltlich   Flexi Stativ bestehend aus:  \t Aufschraubplatte mit S\u00e4ule 250mm \t Hinterrohr 300mm \t Federgelenkarm \t Mikroskopaufnahme Neigekupplung 3-teilig, mit 32mm-S\u00e4ule<\/p>\n","protected":false},"excerpt":{"rendered":"<p>Unsere Flexi-Mikroskopstative vereinen h\u00f6chsten Anspruch an Stabilit\u00e4t und Flexibilit\u00e4t mit ergonomischem Arbeiten: einstellbar auf das Gewicht des\u00a0Mikroskopes einfache Demontage, leichter Transport Das Stativ wird direkt auf den Tisch montiert (verschraubt), eine\u00a0 Tischklemme\u00a0 ist optional erh\u00e4tlich. sichere H\u00f6henarretierung in jeder Lage optionale\u00a0Bildschirmhalterung erh\u00e4ltlich Flexi Stativ bestehend aus: Aufschraubplatte mit S\u00e4ule 250mm Hinterrohr 300mm Federgelenkarm Mikroskopaufnahme Neigekupplung [&hellip;]<\/p>\n","protected":false},"featured_media":0,"comment_status":"open","ping_status":"closed","template":"","meta":[],"product_brand":[],"product_cat":[15],"product_tag":[],"class_list":{"0":"post-143","1":"product","2":"type-product","3":"status-publish","5":"product_cat-unkategorisiert","7":"first","8":"instock","9":"taxable","10":"shipping-taxable","11":"purchasable","12":"product-type-simple"},"jetpack_sharing_enabled":true,"_links":{"self":[{"href":"https:\/\/test.pulchlorenz.de\/index.php?rest_route=\/wp\/v2\/product\/143","targetHints":{"allow":["GET"]}}],"collection":[{"href":"https:\/\/test.pulchlorenz.de\/index.php?rest_route=\/wp\/v2\/product"}],"about":[{"href":"https:\/\/test.pulchlorenz.de\/index.php?rest_route=\/wp\/v2\/types\/product"}],"replies":[{"embeddable":true,"href":"https:\/\/test.pulchlorenz.de\/index.php?rest_route=%2Fwp%2Fv2%2Fcomments&post=143"}],"wp:attachment":[{"href":"https:\/\/test.pulchlorenz.de\/index.php?rest_route=%2Fwp%2Fv2%2Fmedia&parent=143"}],"wp:term":[{"taxonomy":"product_brand","embeddable":true,"href":"https:\/\/test.pulchlorenz.de\/index.php?rest_route=%2Fwp%2Fv2%2Fproduct_brand&post=143"},{"taxonomy":"product_cat","embeddable":true,"href":"https:\/\/test.pulchlorenz.de\/index.php?rest_route=%2Fwp%2Fv2%2Fproduct_cat&post=143"},{"taxonomy":"product_tag","embeddable":true,"href":"https:\/\/test.pulchlorenz.de\/index.php?rest_route=%2Fwp%2Fv2%2Fproduct_tag&post=143"}],"curies":[{"name":"wp","href":"https:\/\/api.w.org\/{rel}","templated":true}]}}