{"id":1436,"date":"2023-03-21T16:09:10","date_gmt":"2023-03-21T16:09:10","guid":{"rendered":"https:\/\/test.pulchlorenz.de\/?product=flexi-mikroskoptragarm-starr-500mm"},"modified":"2023-03-21T16:09:10","modified_gmt":"2023-03-21T16:09:10","slug":"flexi-mikroskoptragarm-starr-500mm","status":"publish","type":"product","link":"https:\/\/test.pulchlorenz.de\/?product=flexi-mikroskoptragarm-starr-500mm","title":{"rendered":"Flexi Mikroskoptragarm starr 500mm"},"content":{"rendered":"<p>\u00a0Ein starrer Tragarm f\u00fcr alle Flexi-Stative.  Kann auf die  Flexi Stativs\u00e4ulen mit fester H\u00f6he  und auf alle  drei Hinterrohre  montiert werden und vegr\u00f6\u00dfert die Auslage des Stativsystems damit um 500mm  Alternativ kann der  Flexi Federgelenkarm  verwendet werden.<\/p>\n","protected":false},"excerpt":{"rendered":"<p>\u00a0Ein starrer Tragarm f\u00fcr alle Flexi-Stative. Kann auf die Flexi Stativs\u00e4ulen mit fester H\u00f6he und auf alle drei Hinterrohre montiert werden und vegr\u00f6\u00dfert die Auslage des Stativsystems damit um 500mm Alternativ kann der Flexi Federgelenkarm verwendet werden.<\/p>\n","protected":false},"featured_media":0,"comment_status":"open","ping_status":"closed","template":"","meta":[],"product_brand":[],"product_cat":[15],"product_tag":[],"class_list":{"0":"post-1436","1":"product","2":"type-product","3":"status-publish","5":"product_cat-unkategorisiert","7":"first","8":"instock","9":"taxable","10":"shipping-taxable","11":"purchasable","12":"product-type-simple"},"jetpack_sharing_enabled":true,"_links":{"self":[{"href":"https:\/\/test.pulchlorenz.de\/index.php?rest_route=\/wp\/v2\/product\/1436","targetHints":{"allow":["GET"]}}],"collection":[{"href":"https:\/\/test.pulchlorenz.de\/index.php?rest_route=\/wp\/v2\/product"}],"about":[{"href":"https:\/\/test.pulchlorenz.de\/index.php?rest_route=\/wp\/v2\/types\/product"}],"replies":[{"embeddable":true,"href":"https:\/\/test.pulchlorenz.de\/index.php?rest_route=%2Fwp%2Fv2%2Fcomments&post=1436"}],"wp:attachment":[{"href":"https:\/\/test.pulchlorenz.de\/index.php?rest_route=%2Fwp%2Fv2%2Fmedia&parent=1436"}],"wp:term":[{"taxonomy":"product_brand","embeddable":true,"href":"https:\/\/test.pulchlorenz.de\/index.php?rest_route=%2Fwp%2Fv2%2Fproduct_brand&post=1436"},{"taxonomy":"product_cat","embeddable":true,"href":"https:\/\/test.pulchlorenz.de\/index.php?rest_route=%2Fwp%2Fv2%2Fproduct_cat&post=1436"},{"taxonomy":"product_tag","embeddable":true,"href":"https:\/\/test.pulchlorenz.de\/index.php?rest_route=%2Fwp%2Fv2%2Fproduct_tag&post=1436"}],"curies":[{"name":"wp","href":"https:\/\/api.w.org\/{rel}","templated":true}]}}