{"id":1476,"date":"2023-03-21T16:09:18","date_gmt":"2023-03-21T16:09:18","guid":{"rendered":"https:\/\/test.pulchlorenz.de\/?product=mikroskop-axioscope-5-pol-dl-led-bertrand-linse"},"modified":"2023-03-21T16:09:18","modified_gmt":"2023-03-21T16:09:18","slug":"mikroskop-axioscope-5-pol-dl-led-bertrand-linse","status":"publish","type":"product","link":"https:\/\/test.pulchlorenz.de\/?product=mikroskop-axioscope-5-pol-dl-led-bertrand-linse","title":{"rendered":"Mikroskop Axioscope 5 Pol DL LED Bertrand Linse"},"content":{"rendered":"<p>Auflicht- und Durchlichtmikroskop f\u00fcr Hellfeld- und Polarisationskontrastanwendungen mit codiertem Objektivrevolver, Lichtmanager und Kamera  Durch den codierten Objektivrevolver wird im Kamerabild jederzeit automatisch der korrekte Ma\u00dfstab eingeblendet.  Beim Objektivwechsel wird au\u00dferdem automatisch die Beleuchtungsintensit\u00e4t f\u00fcr das jeweilige Objektiv gespeichert und geladen, sofern der Lichtmanager nicht deaktiviert ist.  Zur Steuerung der Kamera und zum Speichern von Aufnahmen ohne PC kann \u00fcber das mitgelieferte USB-Hub Maus, Tastatur und Speicherstick angeschlossen werden   \t Mikroskop Stativ Axioscope 5, DL Pol, 5x H\/Pol, 1x H\/DIC, kodiert\t \t\t  Stativunterteil mit Leuchtenschnittstelle  \t\t  Durchlichtbeleuchtung mit Wei\u00dflicht LED 10W, optional f\u00fcr Hal 100W  \t\t  Schwalbe f\u00fcr anklemmbare Tischtr\u00e4ger  \t\t  Fokushub 24 mm, einstellbarer Fokusstop  \t\t  Filterrad 6-fach f\u00fcr Filter mit Durchmesser 36 mm  \t\t  Aufnahme f\u00fcr Filterschieber 14&#215;40 2-fach, D = 36 mm  \t\t  Einbaunetzteil 24V DC 60W, stabilisiert 100&#8230;240V AC\/ 50&#8230;60Hz  \t\t  l\u00e4nderspezifisches Netzkabel  \t\t  Kontrollknopf f\u00fcr Eco Modus und Lichtmanager  \t\t  integrierter Bildaufnahmeknopf unterst\u00fctzt ZEISS Axiocam  \t\t  USB 2.0 Schnittstelle  \t\t  Staubschutzh\u00fclle  \t\t  Filterhalter f\u00fcr Durchlicht  \t\t  Stativoberteil f\u00fcr Durchlicht mit Objektivrevolver 6x M27, 5x Hellfeld Pol, zentrierbar und 1x Hellfeld DIC fest codiert  \t\t  Schwalbe f\u00fcr kodierte, wechselbare Reflektorrevolver, -schieber  \t \t \t Tischtr\u00e4ger D\/A, anklemmbar und h\u00f6henverstellbar \t Kondensortr\u00e4ger mit beidseitiger H\u00f6henverstellung \t Reflektorrevolver 4-fach codiert, wechselbar, f\u00fcr P&#038;C Module \t Analysatormodul Pol ACR P&#038;C f\u00fcr Durchlicht \t Polarisator D, fest, ausschaltbar \t Kompensator Lambda, 6&#215;20 \t Quarzdepolarisator mit Tubuslinse f\u00fcr Tuben Axio Scope.A1 \t Modul Bertrand-System Pol P&#038;C mit Analysator \t Justierpr\u00e4parat Pol \t Drehtisch Pol, 360\u00b0 mit frei w\u00e4hlbarer 45\u00b0-Rastung \t Binokularer Fototubus 30\u00b0\/23 (50:50), umgekehrtes Bild \t 2x Okular PL 10x\/23 Br. foc. \t Strichkreuzmikrometer 10:100, d=26 mm \t 2x Augenmuschel \t Objektiv N-Achroplan 5x\/0,15 Pol M27 \t Objektiv N-Achroplan 10x\/0,25 Pol M27 \t Objektiv N-Achroplan 20x\/0,45 Pol M27 \t Objektiv N-Achroplan 50x\/0,8 Pol M27 \t Kondensor, achromatisch-aplanatisch 0,9 H Pol<\/p>\n","protected":false},"excerpt":{"rendered":"<p>Auflicht- und Durchlichtmikroskop f\u00fcr Hellfeld- und Polarisationskontrastanwendungen mit codiertem Objektivrevolver, Lichtmanager und Kamera Durch den codierten Objektivrevolver wird im Kamerabild jederzeit automatisch der korrekte Ma\u00dfstab eingeblendet. Beim Objektivwechsel wird au\u00dferdem automatisch die Beleuchtungsintensit\u00e4t f\u00fcr das jeweilige Objektiv gespeichert und geladen, sofern der Lichtmanager nicht deaktiviert ist. Zur Steuerung der Kamera und zum Speichern von Aufnahmen [&hellip;]<\/p>\n","protected":false},"featured_media":0,"comment_status":"open","ping_status":"closed","template":"","meta":[],"product_brand":[],"product_cat":[15],"product_tag":[],"class_list":{"0":"post-1476","1":"product","2":"type-product","3":"status-publish","5":"product_cat-unkategorisiert","7":"first","8":"instock","9":"taxable","10":"shipping-taxable","11":"purchasable","12":"product-type-simple"},"jetpack_sharing_enabled":true,"_links":{"self":[{"href":"https:\/\/test.pulchlorenz.de\/index.php?rest_route=\/wp\/v2\/product\/1476","targetHints":{"allow":["GET"]}}],"collection":[{"href":"https:\/\/test.pulchlorenz.de\/index.php?rest_route=\/wp\/v2\/product"}],"about":[{"href":"https:\/\/test.pulchlorenz.de\/index.php?rest_route=\/wp\/v2\/types\/product"}],"replies":[{"embeddable":true,"href":"https:\/\/test.pulchlorenz.de\/index.php?rest_route=%2Fwp%2Fv2%2Fcomments&post=1476"}],"wp:attachment":[{"href":"https:\/\/test.pulchlorenz.de\/index.php?rest_route=%2Fwp%2Fv2%2Fmedia&parent=1476"}],"wp:term":[{"taxonomy":"product_brand","embeddable":true,"href":"https:\/\/test.pulchlorenz.de\/index.php?rest_route=%2Fwp%2Fv2%2Fproduct_brand&post=1476"},{"taxonomy":"product_cat","embeddable":true,"href":"https:\/\/test.pulchlorenz.de\/index.php?rest_route=%2Fwp%2Fv2%2Fproduct_cat&post=1476"},{"taxonomy":"product_tag","embeddable":true,"href":"https:\/\/test.pulchlorenz.de\/index.php?rest_route=%2Fwp%2Fv2%2Fproduct_tag&post=1476"}],"curies":[{"name":"wp","href":"https:\/\/api.w.org\/{rel}","templated":true}]}}