{"id":1488,"date":"2023-03-21T16:09:23","date_gmt":"2023-03-21T16:09:23","guid":{"rendered":"https:\/\/test.pulchlorenz.de\/?product=zeiss-bodenstativ-s"},"modified":"2023-03-21T16:09:23","modified_gmt":"2023-03-21T16:09:23","slug":"zeiss-bodenstativ-s","status":"publish","type":"product","link":"https:\/\/test.pulchlorenz.de\/?product=zeiss-bodenstativ-s","title":{"rendered":"Zeiss Bodenstativ S"},"content":{"rendered":"<p>\u00a0Mobiles und stabiles Bodenstativ mit vier frei beweglichen und arretierbaren Rollen  \t Neigekopf B 32\/115 mm \t Konsole f\u00fcr Kaltlichtquellen 1500\/4500\/6000\/9000 \t Ausladung der Traverse mit Federgelenkarm: 500+600 mm \t H\u00f6henverstellung: +\/- 300 mm \t Traglast: 2,5&#8230;7 kg \t Gesamth\u00f6he (mit Fu\u00df): 1730 mm \t Fu\u00dfma\u00dfe: 650 x 625 mm \t Gewicht (ohne Mikroskop): ca. 82 kg<\/p>\n","protected":false},"excerpt":{"rendered":"<p>\u00a0Mobiles und stabiles Bodenstativ mit vier frei beweglichen und arretierbaren Rollen Neigekopf B 32\/115 mm Konsole f\u00fcr Kaltlichtquellen 1500\/4500\/6000\/9000 Ausladung der Traverse mit Federgelenkarm: 500+600 mm H\u00f6henverstellung: +\/- 300 mm Traglast: 2,5&#8230;7 kg Gesamth\u00f6he (mit Fu\u00df): 1730 mm Fu\u00dfma\u00dfe: 650 x 625 mm Gewicht (ohne Mikroskop): ca. 82 kg<\/p>\n","protected":false},"featured_media":0,"comment_status":"open","ping_status":"closed","template":"","meta":[],"product_brand":[],"product_cat":[15],"product_tag":[],"class_list":{"0":"post-1488","1":"product","2":"type-product","3":"status-publish","5":"product_cat-unkategorisiert","7":"first","8":"instock","9":"taxable","10":"shipping-taxable","11":"purchasable","12":"product-type-simple"},"jetpack_sharing_enabled":true,"_links":{"self":[{"href":"https:\/\/test.pulchlorenz.de\/index.php?rest_route=\/wp\/v2\/product\/1488","targetHints":{"allow":["GET"]}}],"collection":[{"href":"https:\/\/test.pulchlorenz.de\/index.php?rest_route=\/wp\/v2\/product"}],"about":[{"href":"https:\/\/test.pulchlorenz.de\/index.php?rest_route=\/wp\/v2\/types\/product"}],"replies":[{"embeddable":true,"href":"https:\/\/test.pulchlorenz.de\/index.php?rest_route=%2Fwp%2Fv2%2Fcomments&post=1488"}],"wp:attachment":[{"href":"https:\/\/test.pulchlorenz.de\/index.php?rest_route=%2Fwp%2Fv2%2Fmedia&parent=1488"}],"wp:term":[{"taxonomy":"product_brand","embeddable":true,"href":"https:\/\/test.pulchlorenz.de\/index.php?rest_route=%2Fwp%2Fv2%2Fproduct_brand&post=1488"},{"taxonomy":"product_cat","embeddable":true,"href":"https:\/\/test.pulchlorenz.de\/index.php?rest_route=%2Fwp%2Fv2%2Fproduct_cat&post=1488"},{"taxonomy":"product_tag","embeddable":true,"href":"https:\/\/test.pulchlorenz.de\/index.php?rest_route=%2Fwp%2Fv2%2Fproduct_tag&post=1488"}],"curies":[{"name":"wp","href":"https:\/\/api.w.org\/{rel}","templated":true}]}}